{"id":1742,"date":"2022-03-23T11:41:17","date_gmt":"2022-03-23T11:41:17","guid":{"rendered":"https:\/\/villaecolola.com\/aviso-legal\/"},"modified":"2023-11-13T11:24:42","modified_gmt":"2023-11-13T11:24:42","slug":"aviso-legal","status":"publish","type":"page","link":"https:\/\/villaecolola.com\/en\/aviso-legal\/","title":{"rendered":"Legal notice"},"content":{"rendered":"\n<h1>Aviso Legal&nbsp;<\/h1>\n<p><strong>Jacaranda Garden Floristas S.L<\/strong><br><strong>www.jacarandafloral.es<\/strong><br><strong>Ctra. Montesclaros Km 1,1 Segurilla (Toledo)<\/strong><br><strong>B45750536<\/strong><br><strong>925049997<\/strong><br><strong><span id=\"cloak1ce530892e3a19fbab935d2a7d2e794f\"><a href=\"mailto:hola@jacarandafloral.es\">hola@jacarandafloral.es<\/a><\/span><\/strong><\/p>\n<p><strong>Jacaranda Garden Floristas S.L<\/strong> se reserva el derecho a modificar la oferta comercial presentada en el website (modificaciones sobre productos, precios, promociones y otras condiciones comerciales y de servicio) en cualquier momento y sin previo aviso.<br>La entidad no garantiza el buen funcionamiento del sitio web en ning\u00fan caso.<br>Hacemos todo los esfuerzos para ofrecer la informaci\u00f3n contenida en el website de forma veraz y sin errores tipogr\u00e1ficos. En el caso de que en alg\u00fan momento se produjera alg\u00fan error de este tipo, ajeno en todo momento a nuestra voluntad, se proceder\u00e1 inmediatamente a su correcci\u00f3n. De existir un error tipogr\u00e1fico en alguno de los precios mostrados y alg\u00fan cliente hubiera tomado una decisi\u00f3n de compra basada en dicho error, le comunicaremos al cliente dicho error y el cliente tendr\u00e1 derecho a rescindir su compra sin ning\u00fan coste por su parte. Todos los logos, textos y marcas pertenecen a sus propietarios.<\/p>\n<p><strong>Aviso de confidencialidad:<\/strong><\/p>\n<p>Jacaranda Garden Floristas S.L se compromete a no utilizar los datos suministrados por sus clientes a ninguna otra empresa. Dichos datos s\u00f3lo ser\u00e1 empleados para atender correctamente los pedidos solicitados y para facilitar las compras futuras.<br>Tampoco se realizar\u00e1n env\u00edos de publicidad no deseada. Y s\u00f3lo si el cliente lo desea, se enviar\u00e1 informaci\u00f3n sobre nuestras novedades y ofertas.<br>En cumplimiento con lo dispuesto en la Ley Org\u00e1nica 3\/2018, de 5 de diciembre, los clientes y usuarios de Jacaranda Garden Floristas S.L pueden, en todo momento, ejercitar los derechos de acceso, rectificaci\u00f3n, cancelaci\u00f3n y oposici\u00f3n sobre sus datos personales comunic\u00e1ndolo mediante el env\u00edo de un correo electr\u00f3nico con nombre y apellidos, usuario e email con el que se dio de alta a la direcci\u00f3n hola@jacarandafloral.es<br>En caso de que los datos suministrados est\u00e9n asociados a una compra, la legislaci\u00f3n espa\u00f1ola nos obliga a mantenerlos al menos durante seis a\u00f1os por lo que no se podr\u00e1n borrar ni rectificar.<\/p>\n<p><strong>Condiciones Generales de Uso<\/strong><\/p>\n<p>Este sitio web est\u00e1 a cargo de Jacaranda Garden Floristas S.L . Dicho dominio ha sido registrado por la entidad con denominaci\u00f3n social Jacaranda Garden Floristas S.L y con domicilio social en Ctra. Montesclaros Km 1,1 Segurilla (Toledo) , con N.I.F n\u00famero B45750536. A efectos de que el usuario del Sitio Web pueda contactar con nosotros, se facilita la siguiente direcci\u00f3n de correo electr\u00f3nico: hola@jacarandafloral.es<\/p>\n<p>El usuario conviene en cumplir el presente Aviso Legal y muestra su conformidad con la Pol\u00edtica de Privacidad. Si el usuario no est\u00e1 de acuerdo en cumplir con los t\u00e9rminos y condiciones del Aviso Legal, no deber\u00e1 usar el Sitio Web.<br>Es responsabilidad exclusiva del usuario el conocer y observar, en el uso del Sitio Web y de sus materiales y contenidos, todas las leyes y disposiciones aplicables, as\u00ed como leer el Aviso Legal y la Pol\u00edtica de Privacidad antes de acceder y usar el Sitio Web, y revisar peri\u00f3dicamente las Condiciones de Uso y la Pol\u00edtica de Privacidad, para el caso en que Jacaranda Garden Floristas S.L haya podido introducir alguna modificaci\u00f3n en los mismos.<\/p>\n<p>Al finalizar un pedido el cliente acepta recibir la correspondiente factura en formato electr\u00f3nico, no obstante, el cliente puede puede optar por recibir tambi\u00e9n la factura impresa en papel a la hora de tramitar el pedido.<\/p>\n<p>Los t\u00e9rminos y condiciones de este sitio web quedan, a todos los efectos, sometidos a los tribunales espa\u00f1oles.<\/p>\n<p><strong>Exenci\u00f3n de Responsabilidad<\/strong><\/p>\n<p>Jacaranda Garden Floristas S.L queda exenta de toda responsabilidad por raz\u00f3n de la transmisi\u00f3n, difusi\u00f3n, almacenamiento, puesta a disposici\u00f3n, recepci\u00f3n, acceso o uso del Sitio Web, y, en particular, por lo siguiente:<\/p>\n<p>(a) La existencia de cualquier fallo en el acceso, que provoque una interrupci\u00f3n, o de programaci\u00f3n, relacionados con el Sitio Web y su funcionamiento, cualquiera que sea su origen, cualquier elemento nocivo, o la intervenci\u00f3n de un tercero.<\/p>\n<p>(b) La infracci\u00f3n de los derechos de propiedad intelectual e industrial, de los secretos empresariales, de compromisos contractuales de cualquier clase, de los derechos al honor, a la intimidad personal y familiar y a la imagen de las personas, de los derechos de propiedad y de cualquier otra naturaleza pertenecientes a un tercero como consecuencia de la transmisi\u00f3n, difusi\u00f3n, almacenamiento, puesta a disposici\u00f3n, recepci\u00f3n, obtenci\u00f3n o acceso al Sitio Web o a sus contenidos.<\/p>\n<p>(c) La realizaci\u00f3n de actos de competencia desleal y publicidad il\u00edcita como consecuencia de la transmisi\u00f3n, difusi\u00f3n, almacenamiento, puesta a disposici\u00f3n, recepci\u00f3n, obtenci\u00f3n o acceso al Sitio Web o a sus contenidos.<\/p>\n<p>(d) La falta de veracidad, exactitud, exhaustividad, pertinencia y\/o actualidad del Sitio Web, de las im\u00e1genes o de sus contenidos.<\/p>\n<p>(e) La posible falta de adecuaci\u00f3n a finalidades o cumplimiento de expectativas que pudieran generar el Sitio Web o sus contenidos.<\/p>\n<p>Asimismo, la informaci\u00f3n contenida en el Sitio Web puede ser accesible para terceras personas a trav\u00e9s de Internet u otros medios. Jacaranda Garden Floristas S.L no garantiza la privacidad de las comunicaciones que los Usuarios pudieran realizar con respecto a o a trav\u00e9s del presente Sitio Web. Los Usuarios de este Sitio Web afirman conocer que las comunicaciones transmitidas a trav\u00e9s de \u00e9l son comunicaciones p\u00fablicas y no privadas, por lo que Denominaci\u00f3n Social no tendr\u00e1 responsabilidad alguna por los perjuicios que, en su caso, pudiese producir el indicado acceso.<\/p>\n<p><strong>Enlaces<\/strong><\/p>\n<p>El Sitio Web puede incluir enlaces a otros sitios web o a otras fuentes de Internet. Puesto que Jacaranda Garden Floristas S.L no puede controlar estos sitios y estas fuentes externas, la empresa no es responsable por el uso que se haga de estos sitios y fuentes externas, y no acepta ninguna responsabilidad en lo referente al contenido, publicidad, productos, servicios u otro material disponible en estos sitios o fuentes externas. Adem\u00e1s, Denominaci\u00f3n Social no ser\u00e1 responsable de ning\u00fan da\u00f1o o p\u00e9rdida resultantes de o relacionados con el uso de los mencionados sitios web o fuentes externas.<\/p>\n<p><strong>Derecho de propiedad<\/strong><\/p>\n<p>El Sitio Web y sus contenidos, que incluyen, entre otros, textos, im\u00e1genes, marcas, nombres comerciales, logotipos, archivos de toda clase, botones, combinaciones de colores, as\u00ed como la estructura, selecci\u00f3n, ordenaci\u00f3n y presentaci\u00f3n de sus materiales y contenidos, as\u00ed como todo el software utilizado necesariamente en relaci\u00f3n con el Sitio Web, pueden contener informaci\u00f3n confidencial o protegida por el derecho de la propiedad intelectual o industrial en vigor o por cualquier otra ley. De este modo, excepto si se indicara lo contrario, Jacaranda Garden Floristas S.L es propietaria y, en su caso, leg\u00edtima poseedora de los derechos de la propiedad intelectual o industrial sobre los Contenidos del Sitio Web y cada uno de los elementos creados para el mismo, y no concede licencia ni derecho alguno sobre los elementos citados, salvo el de consultar el Sitio Web. Se proh\u00edbe expresamente cualquier tipo de reproducci\u00f3n, total o parcial, de cualquiera de los Contenidos. Queda igualmente prohibido copiar, modificar, crear una obra derivada, invertir la concepci\u00f3n o la uni\u00f3n o de cualquier otra forma intentar encontrar el c\u00f3digo fuente, vender, atribuir, sublicenciar o transferir de la forma que sea todo derecho referente a los programas inform\u00e1ticos. Adem\u00e1s, est\u00e1 igualmente prohibido modificar el programa inform\u00e1tico o utilizar versiones modificadas de los programas y, sobre todo, cuando se haga para (sin que esta enumeraci\u00f3n sea limitativa) obtener un acceso no autorizado al servicio y acceder al Sitio Web por otro medio que el interfaz proporcionado por Jacaranda Garden Floristas S.L<\/p>\n<p>Se recuerda que Denominaci\u00f3n Social es leg\u00edtima poseedora de la p\u00e1gina web www.jacarandafloral.es El usuario acepta los derechos exclusivos de la marca y del resto de marcas, nombres comerciales y logotipos, y se compromete a no hacer uso de los mismos y, m\u00e1s generalmente, a no infringir ning\u00fan derecho de propiedad intelectual o industrial. Jacaranda Garden Floristas S.L se reserva el derecho de ejercitar cuantas acciones legales considere necesarias para reclamar los da\u00f1os y perjuicios derivados de plagio, total o parcial, o de cualquier infracci\u00f3n o perturbaci\u00f3n de sus derechos de propiedad intelectual, industrial o de cualquier otro tipo.<br>Queda expresamente prohibido transformar, modificar o utilizar los contenidos sin el consentimiento previo expreso de Jacaranda Garden Floristas S.L<\/p>\n<p><strong>Cookies<\/strong><\/p>\n<p>En el Sitio Web se utilizan &#8220;cookies&#8221;, peque\u00f1os archivos que se descargan en el ordenador del Usuario para controlar los flujos de movimiento por los contenidos que integran el Sitio Web y de esta manera ofrecer un servicio mejor y m\u00e1s personalizado.<br>Las cookies que se utilizan no pueden leer datos del disco duro del usuario. En el caso de que el usuario desee impedir la generaci\u00f3n de cookies, podr\u00e1 seleccionar la correspondiente opci\u00f3n en su programa navegador.<\/p>\n","protected":false},"excerpt":{"rendered":"","protected":false},"author":2,"featured_media":0,"parent":0,"menu_order":0,"comment_status":"closed","ping_status":"closed","template":"","meta":{"_joinchat":[],"footnotes":""},"class_list":["post-1742","page","type-page","status-publish","hentry"],"yoast_head":"<!-- This site is optimized with the Yoast SEO Premium plugin v21.8 (Yoast SEO v27.4) - https:\/\/yoast.com\/product\/yoast-seo-premium-wordpress\/ -->\n<title>Legal notice - Villa Eco Lola<\/title>\n<meta name=\"robots\" content=\"index, follow, max-snippet:-1, max-image-preview:large, max-video-preview:-1\" \/>\n<link rel=\"canonical\" href=\"https:\/\/villaecolola.com\/es\/aviso-legal\/\" \/>\n<meta property=\"og:locale\" content=\"en_US\" \/>\n<meta property=\"og:type\" content=\"article\" \/>\n<meta property=\"og:title\" content=\"Legal notice\" \/>\n<meta property=\"og:url\" content=\"https:\/\/villaecolola.com\/es\/aviso-legal\/\" \/>\n<meta property=\"og:site_name\" content=\"Villa Eco Lola\" \/>\n<meta property=\"article:modified_time\" content=\"2023-11-13T11:24:42+00:00\" \/>\n<meta name=\"twitter:card\" content=\"summary_large_image\" \/>\n<meta name=\"twitter:label1\" content=\"Est. reading time\" \/>\n\t<meta name=\"twitter:data1\" content=\"8 minutes\" \/>\n<script type=\"application\/ld+json\" class=\"yoast-schema-graph\">{\"@context\":\"https:\\\/\\\/schema.org\",\"@graph\":[{\"@type\":\"WebPage\",\"@id\":\"https:\\\/\\\/villaecolola.com\\\/es\\\/aviso-legal\\\/\",\"url\":\"https:\\\/\\\/villaecolola.com\\\/es\\\/aviso-legal\\\/\",\"name\":\"Legal notice - Villa Eco Lola\",\"isPartOf\":{\"@id\":\"https:\\\/\\\/villaecolola.com\\\/es\\\/#website\"},\"datePublished\":\"2022-03-23T11:41:17+00:00\",\"dateModified\":\"2023-11-13T11:24:42+00:00\",\"breadcrumb\":{\"@id\":\"https:\\\/\\\/villaecolola.com\\\/es\\\/aviso-legal\\\/#breadcrumb\"},\"inLanguage\":\"en-US\",\"potentialAction\":[{\"@type\":\"ReadAction\",\"target\":[\"https:\\\/\\\/villaecolola.com\\\/es\\\/aviso-legal\\\/\"]}]},{\"@type\":\"BreadcrumbList\",\"@id\":\"https:\\\/\\\/villaecolola.com\\\/es\\\/aviso-legal\\\/#breadcrumb\",\"itemListElement\":[{\"@type\":\"ListItem\",\"position\":1,\"name\":\"Home\",\"item\":\"https:\\\/\\\/villaecolola.com\\\/en\\\/\"},{\"@type\":\"ListItem\",\"position\":2,\"name\":\"Legal notice\"}]},{\"@type\":\"WebSite\",\"@id\":\"https:\\\/\\\/villaecolola.com\\\/es\\\/#website\",\"url\":\"https:\\\/\\\/villaecolola.com\\\/es\\\/\",\"name\":\"Villa Eco Lola\",\"description\":\"Menorca\",\"potentialAction\":[{\"@type\":\"SearchAction\",\"target\":{\"@type\":\"EntryPoint\",\"urlTemplate\":\"https:\\\/\\\/villaecolola.com\\\/es\\\/?s={search_term_string}\"},\"query-input\":{\"@type\":\"PropertyValueSpecification\",\"valueRequired\":true,\"valueName\":\"search_term_string\"}}],\"inLanguage\":\"en-US\"}]}<\/script>\n<!-- \/ Yoast SEO Premium plugin. -->","yoast_head_json":{"title":"Legal notice - Villa Eco Lola","robots":{"index":"index","follow":"follow","max-snippet":"max-snippet:-1","max-image-preview":"max-image-preview:large","max-video-preview":"max-video-preview:-1"},"canonical":"https:\/\/villaecolola.com\/es\/aviso-legal\/","og_locale":"en_US","og_type":"article","og_title":"Legal notice","og_url":"https:\/\/villaecolola.com\/es\/aviso-legal\/","og_site_name":"Villa Eco Lola","article_modified_time":"2023-11-13T11:24:42+00:00","twitter_card":"summary_large_image","twitter_misc":{"Est. reading time":"8 minutes"},"schema":{"@context":"https:\/\/schema.org","@graph":[{"@type":"WebPage","@id":"https:\/\/villaecolola.com\/es\/aviso-legal\/","url":"https:\/\/villaecolola.com\/es\/aviso-legal\/","name":"Legal notice - Villa Eco Lola","isPartOf":{"@id":"https:\/\/villaecolola.com\/es\/#website"},"datePublished":"2022-03-23T11:41:17+00:00","dateModified":"2023-11-13T11:24:42+00:00","breadcrumb":{"@id":"https:\/\/villaecolola.com\/es\/aviso-legal\/#breadcrumb"},"inLanguage":"en-US","potentialAction":[{"@type":"ReadAction","target":["https:\/\/villaecolola.com\/es\/aviso-legal\/"]}]},{"@type":"BreadcrumbList","@id":"https:\/\/villaecolola.com\/es\/aviso-legal\/#breadcrumb","itemListElement":[{"@type":"ListItem","position":1,"name":"Home","item":"https:\/\/villaecolola.com\/en\/"},{"@type":"ListItem","position":2,"name":"Legal notice"}]},{"@type":"WebSite","@id":"https:\/\/villaecolola.com\/es\/#website","url":"https:\/\/villaecolola.com\/es\/","name":"Villa Eco Lola","description":"Menorca","potentialAction":[{"@type":"SearchAction","target":{"@type":"EntryPoint","urlTemplate":"https:\/\/villaecolola.com\/es\/?s={search_term_string}"},"query-input":{"@type":"PropertyValueSpecification","valueRequired":true,"valueName":"search_term_string"}}],"inLanguage":"en-US"}]}},"_links":{"self":[{"href":"https:\/\/villaecolola.com\/en\/wp-json\/wp\/v2\/pages\/1742","targetHints":{"allow":["GET"]}}],"collection":[{"href":"https:\/\/villaecolola.com\/en\/wp-json\/wp\/v2\/pages"}],"about":[{"href":"https:\/\/villaecolola.com\/en\/wp-json\/wp\/v2\/types\/page"}],"author":[{"embeddable":true,"href":"https:\/\/villaecolola.com\/en\/wp-json\/wp\/v2\/users\/2"}],"replies":[{"embeddable":true,"href":"https:\/\/villaecolola.com\/en\/wp-json\/wp\/v2\/comments?post=1742"}],"version-history":[{"count":3,"href":"https:\/\/villaecolola.com\/en\/wp-json\/wp\/v2\/pages\/1742\/revisions"}],"predecessor-version":[{"id":2045,"href":"https:\/\/villaecolola.com\/en\/wp-json\/wp\/v2\/pages\/1742\/revisions\/2045"}],"wp:attachment":[{"href":"https:\/\/villaecolola.com\/en\/wp-json\/wp\/v2\/media?parent=1742"}],"curies":[{"name":"wp","href":"https:\/\/api.w.org\/{rel}","templated":true}]}}