{"id":1073,"date":"2022-02-14T18:19:48","date_gmt":"2022-02-14T18:19:48","guid":{"rendered":"https:\/\/villaecolola.com\/?page_id=1073"},"modified":"2025-02-06T09:08:43","modified_gmt":"2025-02-06T09:08:43","slug":"sobre-nosotros","status":"publish","type":"page","link":"https:\/\/villaecolola.com\/es\/sobre-nosotros\/","title":{"rendered":"Sobre nosotros"},"content":{"rendered":"\r\n\t<section class=\"section\" id=\"section_1225127031\">\n\t\t<div class=\"bg section-bg fill bg-fill  bg-loaded\" >\n\n\t\t\t\n\t\t\t\n\t\t\t\n\n\t\t<\/div>\n\n\t\t<div class=\"section-content relative\">\n\t\t\t \t<div id=\"gap-1416232990\" class=\"gap-element clearfix\" style=\"display:block; height:auto;\">\n\t\t\n<style>\n#gap-1416232990 {\n  padding-top: 30px;\n}\n<\/style>\n\t<\/div>\n\t <div class=\"row row-small align-middle\"  id=\"row-2052186850\"> \n\t<div id=\"col-880243894\" class=\"col medium-6 small-12 large-3\"  >\n\t\t\t\t<div class=\"col-inner\"  >\n\t\t\t\n\t\t\t \n  <div class=\"banner has-hover\" id=\"banner-730769657\">\n          <div class=\"banner-inner fill\">\n        <div class=\"banner-bg fill\" >\n            <div class=\"bg fill bg-fill \"><\/div>\n                                    \n                    <\/div>\n        <div class=\"banner-layers container\">\n            <div class=\"fill banner-link\"><\/div>                <div id=\"text-box-452867693\" class=\"text-box banner-layer x50 md-x50 lg-x50 y50 md-y50 lg-y50 res-text\">\n                                <div class=\"text-box-content text dark\">\n              \n              <div class=\"text-inner text-center\">\n                                 <\/div>\n           <\/div>\n                            \n<style>\n#text-box-452867693 {\n  width: 60%;\n}\n#text-box-452867693 .text-box-content {\n  font-size: 100%;\n}\n@media (min-width:550px) {\n  #text-box-452867693 {\n    width: 60%;\n  }\n}\n<\/style>\n    <\/div>\n          <\/div>\n      <\/div>\n\n            \n<style>\n#banner-730769657 {\n  padding-top: 99.99%;\n  background-color: rgb(255, 255, 255);\n}\n#banner-730769657 .bg.bg-loaded {\n  background-image: url(https:\/\/villaecolola.com\/wp-content\/uploads\/2021\/11\/kiril-dobrev-8cQpL8kGqso-unsplash.jpg);\n}\n@media (min-width:550px) {\n  #banner-730769657 {\n    padding-top: 400px;\n  }\n}\n@media (min-width:850px) {\n  #banner-730769657 {\n    padding-top: 300px;\n  }\n}\n<\/style>\n  <\/div>\n\n \t\t<\/div>\n\t\t\t\t\t<\/div>\n\n\t \n\t<div id=\"col-1059053912\" class=\"col medium-6 small-12 large-3\"  >\n\t\t\t\t<div class=\"col-inner\"  >\n\t\t\t\n\t\t\t \n  <div class=\"banner has-hover\" id=\"banner-1222343225\">\n          <div class=\"banner-inner fill\">\n        <div class=\"banner-bg fill\" >\n            <div class=\"bg fill bg-fill \"><\/div>\n                                    \n                    <\/div>\n        <div class=\"banner-layers container\">\n            <div class=\"fill banner-link\"><\/div>                <div id=\"text-box-1263247450\" class=\"text-box banner-layer x50 md-x50 lg-x50 y50 md-y50 lg-y50 res-text\">\n                                <div class=\"text-box-content text dark\">\n              \n              <div class=\"text-inner text-center\">\n                                 <\/div>\n           <\/div>\n                            \n<style>\n#text-box-1263247450 {\n  width: 60%;\n}\n#text-box-1263247450 .text-box-content {\n  font-size: 100%;\n}\n@media (min-width:550px) {\n  #text-box-1263247450 {\n    width: 60%;\n  }\n}\n<\/style>\n    <\/div>\n          <\/div>\n      <\/div>\n\n            \n<style>\n#banner-1222343225 {\n  padding-top: 99.99%;\n  background-color: rgb(255, 255, 255);\n}\n#banner-1222343225 .bg.bg-loaded {\n  background-image: url(https:\/\/villaecolola.com\/wp-content\/uploads\/2022\/02\/reiseuhu-B46ujbu7Ngc-unsplash.jpg);\n}\n@media (min-width:550px) {\n  #banner-1222343225 {\n    padding-top: 400px;\n  }\n}\n@media (min-width:850px) {\n  #banner-1222343225 {\n    padding-top: 420px;\n  }\n}\n<\/style>\n  <\/div>\n\n \t\t<\/div>\n\t\t\t\t\t<\/div>\n\n\t \n\t<div id=\"col-1060448826\" class=\"col medium-12 small-12 large-6\"  >\n\t\t\t\t<div class=\"col-inner\"  >\n\t\t\t\n\t\t\t \t<div id=\"gap-1057480720\" class=\"gap-element clearfix\" style=\"display:block; height:auto;\">\n\t\t\n<style>\n#gap-1057480720 {\n  padding-top: 15px;\n}\n@media (min-width:850px) {\n  #gap-1057480720 {\n    padding-top: 30px;\n  }\n}\n<\/style>\n\t<\/div>\n\t\r\n\t<div id=\"text-3192184128\" class=\"text\">\n\t\t\r\n<h2>Sobre nosotros<\/h2>\r\n\t\t\n<style>\n#text-3192184128 {\n  font-size: 1.5rem;\n}\n<\/style>\n\t<\/div>\n\t\r\n<p>Somos una familia con pasi\u00f3n y respeto por la naturaleza, dise\u00f1amos Villa eco Lola con la idea de crear un alojamiento vacacional cuidando la sostenibilidad y el equilibrio por el medio ambiente.<br \/>Pocos territorios peque\u00f1os ofrecen tanto en su interior, desde la cultura talay\u00f3tica a su gastronom\u00eda, disfr\u00fatalo por tierra, mar y aire.<br \/>Estamos felices de ofrecer nuestra villa y deseamos que disfrut\u00e9is de esos momentos tan esperados como son las vacaciones.<br \/>Ofrecemos una villa moderna, sencilla, c\u00f3moda y luminosa con todas las necesidades cubiertas para unas vacaciones en familia.<br \/>Estamos seguros que los momentos sencillos se convertir\u00e1n en inolvidables, valorando un simple ba\u00f1o en nuestra piscina \u00f3 una ducha solar a temperatura agradable despu\u00e9s de un largo d\u00eda de playa.<br \/>Gracias por confiar en nosotros, ser\u00e1n unas vacaciones \u00fanicas.<br \/>Jos\u00e9, Marisa y Lola.<\/p>\r\n<a class=\"button primary is-link\"  >\n    <span>Cont\u00e1ctanos<\/span>\n  <i class=\"icon-angle-right\" ><\/i><\/a>\n \t\t<\/div>\n\t\t\t\t\n<style>\n#col-1060448826 > .col-inner {\n  padding: 0px 0px 0px 10%;\n}\n<\/style>\n\t<\/div>\n\n\t <\/div> \t\t<\/div>\n\n\t\t\n<style>\n#section_1225127031 {\n  padding-top: 30px;\n  padding-bottom: 30px;\n}\n<\/style>\n\t<\/section>\n\t\r\n<p>&nbsp;<\/p>\r\n<p><\/p>","protected":false},"excerpt":{"rendered":"<p>&nbsp;<\/p>\n","protected":false},"author":2,"featured_media":0,"parent":0,"menu_order":0,"comment_status":"closed","ping_status":"closed","template":"","meta":{"_joinchat":[],"footnotes":""},"class_list":["post-1073","page","type-page","status-publish","hentry"],"yoast_head":"<!-- This site is optimized with the Yoast SEO Premium plugin v21.8 (Yoast SEO v27.4) - https:\/\/yoast.com\/product\/yoast-seo-premium-wordpress\/ -->\n<title>En villa ecolola encontraras una casa familar<\/title>\n<meta name=\"robots\" content=\"index, follow, max-snippet:-1, max-image-preview:large, max-video-preview:-1\" \/>\n<link rel=\"canonical\" href=\"https:\/\/villaecolola.com\/es\/sobre-nosotros\/\" \/>\n<meta property=\"og:locale\" content=\"es_ES\" \/>\n<meta property=\"og:type\" content=\"article\" \/>\n<meta property=\"og:title\" content=\"Sobre nosotros\" \/>\n<meta property=\"og:description\" content=\"&nbsp;\" \/>\n<meta property=\"og:url\" content=\"https:\/\/villaecolola.com\/es\/sobre-nosotros\/\" \/>\n<meta property=\"og:site_name\" content=\"Villa Eco Lola\" \/>\n<meta property=\"article:modified_time\" content=\"2025-02-06T09:08:43+00:00\" \/>\n<meta name=\"twitter:card\" content=\"summary_large_image\" \/>\n<meta name=\"twitter:label1\" content=\"Tiempo de lectura\" \/>\n\t<meta name=\"twitter:data1\" content=\"1 minuto\" \/>\n<script type=\"application\/ld+json\" class=\"yoast-schema-graph\">{\"@context\":\"https:\\\/\\\/schema.org\",\"@graph\":[{\"@type\":\"WebPage\",\"@id\":\"https:\\\/\\\/villaecolola.com\\\/es\\\/sobre-nosotros\\\/\",\"url\":\"https:\\\/\\\/villaecolola.com\\\/es\\\/sobre-nosotros\\\/\",\"name\":\"En villa ecolola encontraras una casa familar\",\"isPartOf\":{\"@id\":\"https:\\\/\\\/villaecolola.com\\\/es\\\/#website\"},\"datePublished\":\"2022-02-14T18:19:48+00:00\",\"dateModified\":\"2025-02-06T09:08:43+00:00\",\"breadcrumb\":{\"@id\":\"https:\\\/\\\/villaecolola.com\\\/es\\\/sobre-nosotros\\\/#breadcrumb\"},\"inLanguage\":\"es\",\"potentialAction\":[{\"@type\":\"ReadAction\",\"target\":[\"https:\\\/\\\/villaecolola.com\\\/es\\\/sobre-nosotros\\\/\"]}]},{\"@type\":\"BreadcrumbList\",\"@id\":\"https:\\\/\\\/villaecolola.com\\\/es\\\/sobre-nosotros\\\/#breadcrumb\",\"itemListElement\":[{\"@type\":\"ListItem\",\"position\":1,\"name\":\"Home\",\"item\":\"https:\\\/\\\/villaecolola.com\\\/es\\\/\"},{\"@type\":\"ListItem\",\"position\":2,\"name\":\"Sobre nosotros\"}]},{\"@type\":\"WebSite\",\"@id\":\"https:\\\/\\\/villaecolola.com\\\/es\\\/#website\",\"url\":\"https:\\\/\\\/villaecolola.com\\\/es\\\/\",\"name\":\"Villa Eco Lola\",\"description\":\"Menorca\",\"potentialAction\":[{\"@type\":\"SearchAction\",\"target\":{\"@type\":\"EntryPoint\",\"urlTemplate\":\"https:\\\/\\\/villaecolola.com\\\/es\\\/?s={search_term_string}\"},\"query-input\":{\"@type\":\"PropertyValueSpecification\",\"valueRequired\":true,\"valueName\":\"search_term_string\"}}],\"inLanguage\":\"es\"}]}<\/script>\n<!-- \/ Yoast SEO Premium plugin. -->","yoast_head_json":{"title":"En villa ecolola encontraras una casa familar","robots":{"index":"index","follow":"follow","max-snippet":"max-snippet:-1","max-image-preview":"max-image-preview:large","max-video-preview":"max-video-preview:-1"},"canonical":"https:\/\/villaecolola.com\/es\/sobre-nosotros\/","og_locale":"es_ES","og_type":"article","og_title":"Sobre nosotros","og_description":"&nbsp;","og_url":"https:\/\/villaecolola.com\/es\/sobre-nosotros\/","og_site_name":"Villa Eco Lola","article_modified_time":"2025-02-06T09:08:43+00:00","twitter_card":"summary_large_image","twitter_misc":{"Tiempo de lectura":"1 minuto"},"schema":{"@context":"https:\/\/schema.org","@graph":[{"@type":"WebPage","@id":"https:\/\/villaecolola.com\/es\/sobre-nosotros\/","url":"https:\/\/villaecolola.com\/es\/sobre-nosotros\/","name":"En villa ecolola encontraras una casa familar","isPartOf":{"@id":"https:\/\/villaecolola.com\/es\/#website"},"datePublished":"2022-02-14T18:19:48+00:00","dateModified":"2025-02-06T09:08:43+00:00","breadcrumb":{"@id":"https:\/\/villaecolola.com\/es\/sobre-nosotros\/#breadcrumb"},"inLanguage":"es","potentialAction":[{"@type":"ReadAction","target":["https:\/\/villaecolola.com\/es\/sobre-nosotros\/"]}]},{"@type":"BreadcrumbList","@id":"https:\/\/villaecolola.com\/es\/sobre-nosotros\/#breadcrumb","itemListElement":[{"@type":"ListItem","position":1,"name":"Home","item":"https:\/\/villaecolola.com\/es\/"},{"@type":"ListItem","position":2,"name":"Sobre nosotros"}]},{"@type":"WebSite","@id":"https:\/\/villaecolola.com\/es\/#website","url":"https:\/\/villaecolola.com\/es\/","name":"Villa Eco Lola","description":"Menorca","potentialAction":[{"@type":"SearchAction","target":{"@type":"EntryPoint","urlTemplate":"https:\/\/villaecolola.com\/es\/?s={search_term_string}"},"query-input":{"@type":"PropertyValueSpecification","valueRequired":true,"valueName":"search_term_string"}}],"inLanguage":"es"}]}},"_links":{"self":[{"href":"https:\/\/villaecolola.com\/es\/wp-json\/wp\/v2\/pages\/1073","targetHints":{"allow":["GET"]}}],"collection":[{"href":"https:\/\/villaecolola.com\/es\/wp-json\/wp\/v2\/pages"}],"about":[{"href":"https:\/\/villaecolola.com\/es\/wp-json\/wp\/v2\/types\/page"}],"author":[{"embeddable":true,"href":"https:\/\/villaecolola.com\/es\/wp-json\/wp\/v2\/users\/2"}],"replies":[{"embeddable":true,"href":"https:\/\/villaecolola.com\/es\/wp-json\/wp\/v2\/comments?post=1073"}],"version-history":[{"count":7,"href":"https:\/\/villaecolola.com\/es\/wp-json\/wp\/v2\/pages\/1073\/revisions"}],"predecessor-version":[{"id":2239,"href":"https:\/\/villaecolola.com\/es\/wp-json\/wp\/v2\/pages\/1073\/revisions\/2239"}],"wp:attachment":[{"href":"https:\/\/villaecolola.com\/es\/wp-json\/wp\/v2\/media?parent=1073"}],"curies":[{"name":"wp","href":"https:\/\/api.w.org\/{rel}","templated":true}]}}