{"id":1588,"date":"2022-03-23T12:05:43","date_gmt":"2022-03-23T12:05:43","guid":{"rendered":"https:\/\/villaecolola.com\/?page_id=1588"},"modified":"2022-04-25T09:55:51","modified_gmt":"2022-04-25T09:55:51","slug":"politica-de-cookies","status":"publish","type":"page","link":"https:\/\/villaecolola.com\/es\/politica-de-cookies\/","title":{"rendered":"Pol\u00edtica de Cookies"},"content":{"rendered":"\n<h1>Pol\u00edtica de Cookies<\/h1>\n<p><strong>Uso de cookies<\/strong><\/p>\n<p>Seg\u00fan el art\u00edculo 22 de la Ley de Servicios de la Sociedad de la Informaci\u00f3n y Comercio Electr\u00f3nico as\u00ed como en el Considerando (30) RGPD informamos de que este sitio web utiliza cookies tanto propias como de terceros con diversas finalidades.<\/p>\n<p><strong>Responsable del tratamiento<\/strong><\/p>\n<p>El responsable del tratamiento es Jacaranda Garden Floristas S.L con CIF B45750536 con domicilio social en Ctra. Montesclaros Km 1,1 Segurilla (Toledo) a partir de este momento denominado Jacaranda Garden Floristas S.L cuya actividad es Comercio Electr\u00f3nico.<\/p>\n<p><strong>\u00bfQu\u00e9 son las cookies?<\/strong><\/p>\n<p>Las cookies son peque\u00f1os archivos de texto que se almacenan en el dispositivo del usuario de Internet al visitar una p\u00e1gina web. Es el operador del sitio web el que determina qu\u00e9 tipo de informaci\u00f3n contiene dicha cookie y cu\u00e1l es su prop\u00f3sito, pudiendo adem\u00e1s ser utilizada por el servidor web cada vez que visite dicha web. Se utilizan las cookies para ahorrar tiempo y hacer la experiencia de navegaci\u00f3n web mucho m\u00e1s eficiente. No obstante, pueden ser usadas con varios prop\u00f3sitos diferentes que van desde recordar la informaci\u00f3n de inicio de sesi\u00f3n o lo que contiene su pedido de compra.<\/p>\n<p>A continuaci\u00f3n detallamos de manera clara y precisa las cookies que utilizamos y cu\u00e1l es su finalidad. Tambi\u00e9n informaremos sobre c\u00f3mo se configuran o deshabilitan.<\/p>\n<p>Toda la informaci\u00f3n proporcionada por las cookies, la utilizamos para mejorar nuestra p\u00e1gina, detectar nuevas necesidades y valorar las mejoras que podamos introducir con el objetivo de prestar un mejor servicio a los usuarios de esta p\u00e1gina web.<\/p>\n<p><strong>Consentimiento<\/strong><\/p>\n<p>Informamos al usuario que podemos utilizar cookies en su equipo a condici\u00f3n de que el usuario haya dado su consentimiento, salvo en los supuestos en los que las cookies sean necesarias para la navegaci\u00f3n por nuestro sitio web. En caso de que el usuario preste su consentimiento, podremos utilizar cookies que nos permitir\u00e1n tener m\u00e1s informaci\u00f3n acerca de las preferencias y personalizar nuestro sitio web de conformidad con los intereses individuales del usuario.<\/p>\n<p><strong>Retirar consentimiento<\/strong><\/p>\n<p>El usuario podr\u00e1 retirar en cualquier momento su consentimiento relacionado con la Pol\u00edtica de Cookies, y podr\u00e1 eliminar las cookies almacenadas en su equipo a trav\u00e9s de los ajustes y configuraciones de su navegador de Internet, indicados anteriormente.<\/p>\n<p><strong>Derechos<\/strong><\/p>\n<ul>\n<li><strong>Derechos de acceso<\/strong>: derecho de recibir confirmaci\u00f3n acerca de la existencia de datos personales, acceder al contenido y obtener una copia.<\/li>\n<li><strong>Derecho de rectificaci\u00f3n<\/strong>: derecho de actualizar, rectificar y\/o corregir datos personales.<\/li>\n<li><strong>Derecho de supresi\u00f3n\/derecho al olvido y derecho de limitaci\u00f3n<\/strong>: Derecho de solicitar la supresi\u00f3n o limitaci\u00f3n de datos si han sido procesados en infracci\u00f3n de la ley, incluso datos cuyo almacenamiento no es necesario a los efectos para los cuales se recogieron o procesaron; en caso de que se hayan publicado datos personales, tambi\u00e9n el derecho de solicitar su supresi\u00f3n y tomar las medidas razonables, incluso medidas t\u00e9cnicas, para informar a otros responsables del tratamiento de datos que se encuentran procesando los datos personales que se ha solicitado suprimir para que se elimine todo enlace, copia o r\u00e9plica de dichos datos personales<\/li>\n<li><strong>Derecho a la portabilidad de datos<\/strong>: derecho de recibir una copia de los datos personales que se han facilitado para un contrato o que se han recibido con consentimiento en un formato legible por m\u00e1quinas, de uso com\u00fan y estructurado (por ejemplo, informaci\u00f3n acerca de compras) y de solicita la transmisi\u00f3n de dichos datos a otro responsable del tratamiento de datos.<\/li>\n<li><strong>Derecho de retirar consentimiento<\/strong>: el usuario podr\u00e1 retirar en cualquier momento su consentimiento relacionado con la Pol\u00edtica de Cookie, siempre que se cuente con su consentimiento.<\/li>\n<li><strong>Derecho de oposici\u00f3n, en todo momento:<\/strong> el usuario tiene el derecho de oponerse en todo momento al tratamiento de datos personales en algunas circunstancias, en particular en los casos en que no es necesario que se procesen los datos para cumplir con una obligaci\u00f3n contractual o legal o bien, si se est\u00e1n utilizando datos con fines de marketing directo.<\/li>\n<\/ul>\n<p><strong>C\u00f3mo ejercer los derechos dispuestos precedentemente en cualquier momento<\/strong><\/p>\n<p>Contactarnos por correo electr\u00f3nico a hola@jacarandafloral.es<br>Para retirar tu consentimiento y gestionar el uso de tus cookies, por favor consulta el apartado &#8216;C\u00f3mo puedes configurar o deshabilitar las cookies&#8217; de la presente pol\u00edtica.<br>Asimismo, el usuario tiene derecho de presentar una reclamaci\u00f3n si crees que su informaci\u00f3n personal no ha recibido el tratamiento adecuado.<\/p>\n<p><strong>Tipo de cookies<\/strong><\/p>\n<p>Nuestro sitio web utiliza este tipo de cookies para mejorar la navegaci\u00f3n del usuario:<\/p>\n<ul>\n<li><strong>Cookies necesarias:<\/strong> Las cookies necesarias ayudan a que un sitio web sea utilizable al habilitar funciones b\u00e1sicas como la navegaci\u00f3n de p\u00e1ginas y el acceso a \u00e1reas seguras del sitio web. El sitio web no puede funcionar correctamente sin estas cookies.<\/li>\n<li><strong>Cookies de preferencias (sesi\u00f3n):<\/strong> Las cookies de preferencias (sesi\u00f3n) permiten que un sitio web recuerde informaci\u00f3n que cambia la forma en que se comporta o se ve el sitio web, como su idioma preferido o la regi\u00f3n en la que se encuentra.<\/li>\n<li><strong>Cookies estad\u00edsticas:<\/strong> Las cookies estad\u00edsticas ayudan a los propietarios de sitios web a comprender c\u00f3mo los visitantes interact\u00faan con los sitios web mediante la recopilaci\u00f3n y el informe de informaci\u00f3n de forma an\u00f3nima.<\/li>\n<li><strong>Cookies de marketing:<\/strong> Las cookies de marketing se utilizan para rastrear a los visitantes en los sitios web. La intenci\u00f3n es mostrar anuncios que sean relevantes y atractivos para el usuario individual y, por lo tanto, m\u00e1s valiosos para editores y anunciantes externos.<\/li>\n<\/ul>\n<p><strong>Tipo de cookies seg\u00fan su la entidad que las gestiona:<\/strong><\/p>\n<ul>\n<li><strong>Cookies propias:<\/strong> son cookies generadas por el propio sitio web que se est\u00e1 visitando,<\/li>\n<li><strong>Cookies de terceros<\/strong>: son cookies que se reciben al navegar por el sitio web, pero que han sido generadas por un tercer servicio que se encuentra hospedado en ella.<\/li>\n<\/ul>\n<p><strong>Tipo de cookies seg\u00fan su finalidad:<\/strong><\/p>\n<p><strong>Cookies necesarias<\/strong><br><strong>&#8211; <\/strong><strong>873709b3154764d6980b2327b2b7925e<\/strong>: esta cookie es un identificador \u00fanico que genera el servidor donde est\u00e1 alojado este sitio web para identificar al usuario cuando accede al sitio.<br><strong>&#8211; joomla_user_state:<\/strong> es una cookie que genera el CMS (Joomla) genera cada vez que un usuario se registra en el sitio.<br><strong>&#8211; cookieconsent_status:<\/strong> es una cookie que genera el CMS (Joomla) cada vez que el usuario accede al sitio web con informaci\u00f3n relative al consentimiento de almacenamiento de cookies.<br><strong>&#8211; vmapply:<\/strong>es una cookie que genera un componente (Virtuemart) del CMS (Joomla) genera cada vez que un usuario se accede al sitio.<br><strong>Cookies de preferencias (sesi\u00f3n)<\/strong><br><strong>&#8211; joomla_remember_me:<\/strong> es una cookie que permite recordar los datos de acceso a los usuarios previamente registrados.<br><strong>&#8211; virtuemart_wish_session:<\/strong> es una cookie que permite recordar los productos agregados por el usuario a sus favoritos.<br><strong>&#8211; _hjTLDTest:<\/strong> se crea cuando el suario llega por primera vez a una p\u00e1gina con el script Hotjar y ee utiliza para conservar la identificaci\u00f3n del usuario de forma aleatoria y exclusiva de ese sitio en el navegador.<br><strong>&#8211; _hjid:<\/strong> se crea cuando el suario llega por primera vez a una p\u00e1gina con el script Hotjar y ee utiliza para conservar la identificaci\u00f3n del usuario de forma aleatoria y exclusiva de ese sitio en el navegador.<br><strong>&#8211; __zlcmid:<\/strong> es una cookie generada por Zendesk para almacenar la identidad del visitante a trav\u00e9s de las visitas y las preferencias del visitante para desactivar la ventana de chat en vivo.<br><strong>&#8211; __zlcid:<\/strong> es una cookie generada por Zendesk para mostrar la ventana de chat en vivo<br><strong>&#8211; __zlcstore:<\/strong> es una cookie generada por Zendesk para mostrar la ventana de chat en vivo<br><strong>&#8211; __zlcprivacy:<\/strong> es una cookie generada por Zendesk para almacenar la preferencia del visitante para deshabilitar el chat en vivo y dejar de usar cookies<br><strong>&#8211; zte2095:<\/strong> es una cookie generada por Zendesk para habilitar la carga de chat de Zendesk.<br><strong>&#8211; ls-popup-last-displayed:<\/strong> es una cookie que permite recordar el n\u00famero de veces que se ha mostrado un popup.<br><strong>&#8211; ls-popup-5:<\/strong> es una cookie que permite recordar el n\u00famero de veces que se ha mostrado un popup.<br><strong>&#8211; ls-popup-6:<\/strong> es una cookie que permite recordar el n\u00famero de veces que se ha mostrado un popup.<br><strong>Cookies estad\u00edsticas<\/strong><br><strong>&#8211; _ga:<\/strong> es una cookie generada por Google Analitycs para recoger informaci\u00f3n y ofrecer estad\u00edsticas de uso de los sitios web sin identificar personalmente a Google los visitantes de las mismas.<br><strong>&#8211; _gat_gtag_UA_154572257_1:<\/strong> es una cookie generada por Google Analytics de an\u00e1lisis y estad\u00edstica que sirve para emdir como los usuarios interactuan con el sitio web.<br><strong>&#8211; _gid:<\/strong> es una cookie generada por Google Analytics de an\u00e1lisis que sirve para dar un c\u00f3digo de identificaci\u00f3n diferente a cada p\u00e1gina e indicar la fecha.<br><strong>Cookies de marketing<\/strong><br><strong>&#8211; 1P_JAR:<\/strong> es una cookie generada por Google Adwords utilizada para medir el rendimiento de los anuncios y proporcionar recomendaciones relativas a productos basadas en datos estad\u00edsticos.<br><strong>&#8211; ANID:<\/strong> es una cookie generada por Google Adwords para mostrar anuncios relevantes y proporcionar recomendaciones relativas a productos basadas en datos estad\u00edsticos.<br><strong>&#8211; CONSENT:<\/strong> es una cookie generada por Google que permite personalizar c\u00f3mo se ven anuncios fuera de Google o almacenar informaci\u00f3n como el idioma preferido a la hora de mostrar resultados de b\u00fasqueda.<br><strong>&#8211; DV:<\/strong> es una cookie generada por Google Adwords utilizada para medir el rendimiento de los anuncios y proporcionar recomendaciones relativas a productos basadas en datos estad\u00edsticos.<br><strong>&#8211; NID:<\/strong> es una cookie generada por Google que permite personalizar c\u00f3mo se ven anuncios fuera de Google o almacenar informaci\u00f3n como el idioma preferido a la hora de mostrar resultados de b\u00fasqueda.<br><strong>&#8211; IDE:<\/strong> es una cookie generada por Google que permite mejorar la publicidad, para orientar la publicidad seg\u00fan el contenido que es relevante para un usuario, mejorar los informes de rendimiento de la campa\u00f1a y evitar mostrar anuncios que el usuario ya haya visto.<\/p>\n<p><strong>Caducidad de las cookies seg\u00fan tipo:<\/strong><\/p>\n<p><strong>Cookies necesarias<\/strong><br><strong>&#8211; 873709b3154764d6980b2327b2b7925e:<\/strong> cuando el usuario abandona el sitio, es decir, hasta final de sesi\u00f3n.<br><strong>&#8211; joomla_user_state:<\/strong> cuando el usuario abandona el sitio, es decir, hasta final de sesi\u00f3n.<br><strong>&#8211; cookieconsent_status:<\/strong> cuando el usuario abandona el sitio, es decir, hasta final de sesi\u00f3n.<br><strong>&#8211; vmapply:<\/strong> 2 d\u00edas.<br><strong>Cookies de preferencias (sesi\u00f3n)<\/strong><br><strong>&#8211; joomla_remember_me:<\/strong> cuando el usuario abandona el sitio, es decir, hasta final de sesi\u00f3n.<br><strong>&#8211; virtuemart_wish_session:<\/strong> 1 mes.<br><strong>&#8211; _hjTLDTest:<\/strong> 1 a\u00f1o<br><strong>&#8211; _hjid:<\/strong> 1 a\u00f1o<br><strong>&#8211; __zlcmid:<\/strong> 1 a\u00f1o<br><strong>&#8211; __zlcid:<\/strong> v\u00e1lida hasta que se elimine<br><strong>&#8211; __zlcstore:<\/strong> v\u00e1lida hasta que se elimine<br><strong>&#8211; __zlcprivacy:<\/strong> 1 a\u00f1o<br><strong>&#8211; zte2095:<\/strong> cuando el usuario abandona el sitio, es decir, hasta final de sesi\u00f3n.<br>ls-popup-last-displayed: cuando el usuario abandona el sitio, es decir, hasta final de sesi\u00f3n.<br><strong>&#8211; ls-popup-5:<\/strong> cuando el usuario abandona el sitio, es decir, hasta final de sesi\u00f3n.<br><strong>&#8211; ls-popup-6:<\/strong> cuando el usuario abandona el sitio, es decir, hasta final de sesi\u00f3n.<br><strong>Cookies estad\u00edsticas<\/strong><br><strong>&#8211; _ga:<\/strong> 2 a\u00f1os<br><strong>&#8211; _gat_gtag_UA_129715968_1:<\/strong> cuando el usuario abandona el sitio, es decir, hasta final de sesi\u00f3n.<br><strong>&#8211; _gid:<\/strong> 24 horas<br><strong>Cookies de marketing<\/strong><br><strong>&#8211; 1P_JAR:<\/strong> 1 mes<br><strong>&#8211; ANID:<\/strong> persistente<br><strong>&#8211; CONSENT:<\/strong> persistente<br><strong>&#8211; NID:<\/strong> 6 meses<br><strong>&#8211; IDE:<\/strong> 1 a\u00f1o y 1 mes<\/p>\n<p><strong>Destinatarios<\/strong><\/p>\n<p>La informaci\u00f3n obtenida a trav\u00e9s de las cookies del sitio web adem\u00e1s de Jacaranda Garden Floristas S.L la conocer\u00e1n las empresas colaboradoras, as\u00ed como anunciantes, y otros operadores, como intermediarios y agentes publicitarios, con las finalidades descritas en esta pol\u00edtica.<\/p>\n<p>Las empresas colaboradoras, anunciantes, y otros operadores, como intermediarios y agentes publicitarios, que incorporan sus cookies en nuestros sitios web son:<\/p>\n<p><strong>Google<\/strong><br>A su vez, informamos que algunos de nuestros proveedores, socios y colaboradores, as\u00ed como los anunciantes, operadores y agentes publicitarios mencionados pueden estar ubicados en Estados Unidos u otros pa\u00edses cuya legislaci\u00f3n no ofrece un nivel de protecci\u00f3n de datos equivalente al europeo; no obstante, algunos de ellos s\u00ed aportan garant\u00edas adecuadas en materia de protecci\u00f3n de datos. Estas circunstancias estar\u00e1n indicadas en las respectivas pol\u00edticas de privacidad de dichas entidades.<\/p>\n<p><strong>Zendesk: https:\/\/www.zendesk.es<\/strong><br>Nuestro widget de chat en vivo establece las siguientes cookies :<\/p>\n<ul>\n<li><strong>__zlcmid:<\/strong> es una cookie generada por Zendesk para almacenar la identidad del visitante a trav\u00e9s de las visitas y las preferencias del visitante para desactivar la ventana de chat en vivo.<\/li>\n<li><strong>__zlcid:<\/strong> es una cookie generada por Zendesk para mostrar la ventana de chat en vivo<\/li>\n<li><strong>__zlcstore:<\/strong> es una cookie generada por Zendesk para mostrar la ventana de chat en vivo<\/li>\n<li><strong>__zlcprivacy:<\/strong> es una cookie generada por Zendesk para almacenar la preferencia del visitante para deshabilitar el chat en vivo y dejar de usar cookies<\/li>\n<li><strong>zte2095:<\/strong> es una cookie generada por Zendesk para habilitar la carga de chat de Zendesk.<\/li>\n<\/ul>\n<p><strong>Plazo de conservaci\u00f3n de los datos<\/strong><\/p>\n<p>La conservaci\u00f3n de datos obtenidos a trav\u00e9s del uso de cookies cesa a los doce meses computados desde la fecha en que se haya producido la comunicaci\u00f3n.<\/p>\n<p>Las aplicaciones que utilizamos para obtener y analizar la informaci\u00f3n de la navegaci\u00f3n son:<\/p>\n<p><strong>Google Analytics: www.google.com\/analytics\/ y https:\/\/www.google.com\/intl\/es_ES\/analytics\/learn\/privacy.html<\/strong><br>Esta aplicaci\u00f3n ha sido desarrollada por Google, que nos presta el servicio de an\u00e1lisis de la audiencia de nuestra p\u00e1gina. Esta empresa puede utilizar estos datos para mejorar sus propios servicios y para ofrecer servicios a otras empresas. Puedes conocer esos otros usos desde los enlaces indicados.<\/p>\n<p>Esta herramienta no obtiene datos de los nombres o apellidos de los usuarios ni de la direcci\u00f3n postal desde donde se conectan. La informaci\u00f3n que obtiene est\u00e1 relacionada por ejemplo con el n\u00famero de p\u00e1ginas visitas, el idioma, red social en la que se publican nuestras noticias, la ciudad a la que est\u00e1 asignada la direcci\u00f3n IP desde la que acceden los usuarios, el n\u00famero de usuarios que nos visitan, la frecuencia y reincidencia de las visitas, el tiempo de visita, el navegador que usan, el operador o tipo de terminal desde el que se realiza la visita.<\/p>\n<p>Esta informaci\u00f3n la utilizamos para mejorar nuestra p\u00e1gina, detectar nuevas necesidades y valorar las mejoras a introducir con la finalidad de prestar un mejor servicio a los usuarios que nos visitan.<\/p>\n<p><strong>C\u00f3mo puedes configurar o deshabilitar las cookies:<\/strong><\/p>\n<p>Para permitir, conocer, bloquear o eliminar las cookies instaladas en tu equipo puedes hacerlo mediante la configuraci\u00f3n de las opciones del navegador instalado en su ordenador.<br>Puedes encontrar informaci\u00f3n sobre c\u00f3mo hacerlo en los navegadores m\u00e1s utilizados.:<\/p>\n<ul>\n<li><strong>Firefox<\/strong> desde aqu\u00ed: http:\/\/support.mozilla.org\/es\/kb\/habilitar-y-deshabilitar-cookies-que-los-sitios-we<\/li>\n<li><strong>Chrome<\/strong> desde aqu\u00ed: http:\/\/support.google.com\/chrome\/bin\/answer.py?hl=es&amp;answer=95647<\/li>\n<li><strong>Edge<\/strong> desde aqu\u00ed: https:\/\/support.microsoft.com\/es-es\/help\/4468242\/microsoft-edge-browsing-data-and-privacy-microsoft-privacy<\/li>\n<li><strong>Explorer<\/strong> desde aqu\u00ed: https:\/\/support.microsoft.com\/es-es\/help\/17442\/windows-internet-explorer-delete-manage-cookies<\/li>\n<li><strong>Safari<\/strong> desde aqu\u00ed: https:\/\/support.apple.com\/kb\/PH19214?viewlocale=es_ES&amp;locale=es_ES<\/li>\n<li><strong>Opera<\/strong> desde aqu\u00ed: https:\/\/help.opera.com\/en\/latest\/security-and-privacy\/<\/li>\n<\/ul>\n","protected":false},"excerpt":{"rendered":"","protected":false},"author":2,"featured_media":0,"parent":0,"menu_order":0,"comment_status":"closed","ping_status":"closed","template":"","meta":{"_joinchat":[],"footnotes":""},"class_list":["post-1588","page","type-page","status-publish","hentry"],"yoast_head":"<!-- This site is optimized with the Yoast SEO Premium plugin v21.8 (Yoast SEO v27.4) - https:\/\/yoast.com\/product\/yoast-seo-premium-wordpress\/ -->\n<title>Pol\u00edtica de Cookies - Villa Eco Lola<\/title>\n<meta name=\"robots\" content=\"index, follow, max-snippet:-1, max-image-preview:large, max-video-preview:-1\" \/>\n<link rel=\"canonical\" href=\"https:\/\/villaecolola.com\/es\/politica-de-cookies\/\" \/>\n<meta property=\"og:locale\" content=\"es_ES\" \/>\n<meta property=\"og:type\" content=\"article\" \/>\n<meta property=\"og:title\" content=\"Pol\u00edtica de Cookies\" \/>\n<meta property=\"og:url\" content=\"https:\/\/villaecolola.com\/es\/politica-de-cookies\/\" \/>\n<meta property=\"og:site_name\" content=\"Villa Eco Lola\" \/>\n<meta property=\"article:modified_time\" content=\"2022-04-25T09:55:51+00:00\" \/>\n<meta name=\"twitter:card\" content=\"summary_large_image\" \/>\n<meta name=\"twitter:label1\" content=\"Tiempo de lectura\" \/>\n\t<meta name=\"twitter:data1\" content=\"13 minutos\" \/>\n<script type=\"application\/ld+json\" class=\"yoast-schema-graph\">{\"@context\":\"https:\\\/\\\/schema.org\",\"@graph\":[{\"@type\":\"WebPage\",\"@id\":\"https:\\\/\\\/villaecolola.com\\\/es\\\/politica-de-cookies\\\/\",\"url\":\"https:\\\/\\\/villaecolola.com\\\/es\\\/politica-de-cookies\\\/\",\"name\":\"Pol\u00edtica de Cookies - Villa Eco Lola\",\"isPartOf\":{\"@id\":\"https:\\\/\\\/villaecolola.com\\\/es\\\/#website\"},\"datePublished\":\"2022-03-23T12:05:43+00:00\",\"dateModified\":\"2022-04-25T09:55:51+00:00\",\"breadcrumb\":{\"@id\":\"https:\\\/\\\/villaecolola.com\\\/es\\\/politica-de-cookies\\\/#breadcrumb\"},\"inLanguage\":\"es\",\"potentialAction\":[{\"@type\":\"ReadAction\",\"target\":[\"https:\\\/\\\/villaecolola.com\\\/es\\\/politica-de-cookies\\\/\"]}]},{\"@type\":\"BreadcrumbList\",\"@id\":\"https:\\\/\\\/villaecolola.com\\\/es\\\/politica-de-cookies\\\/#breadcrumb\",\"itemListElement\":[{\"@type\":\"ListItem\",\"position\":1,\"name\":\"Home\",\"item\":\"https:\\\/\\\/villaecolola.com\\\/es\\\/\"},{\"@type\":\"ListItem\",\"position\":2,\"name\":\"Pol\u00edtica de Cookies\"}]},{\"@type\":\"WebSite\",\"@id\":\"https:\\\/\\\/villaecolola.com\\\/es\\\/#website\",\"url\":\"https:\\\/\\\/villaecolola.com\\\/es\\\/\",\"name\":\"Villa Eco Lola\",\"description\":\"Menorca\",\"potentialAction\":[{\"@type\":\"SearchAction\",\"target\":{\"@type\":\"EntryPoint\",\"urlTemplate\":\"https:\\\/\\\/villaecolola.com\\\/es\\\/?s={search_term_string}\"},\"query-input\":{\"@type\":\"PropertyValueSpecification\",\"valueRequired\":true,\"valueName\":\"search_term_string\"}}],\"inLanguage\":\"es\"}]}<\/script>\n<!-- \/ Yoast SEO Premium plugin. -->","yoast_head_json":{"title":"Pol\u00edtica de Cookies - Villa Eco Lola","robots":{"index":"index","follow":"follow","max-snippet":"max-snippet:-1","max-image-preview":"max-image-preview:large","max-video-preview":"max-video-preview:-1"},"canonical":"https:\/\/villaecolola.com\/es\/politica-de-cookies\/","og_locale":"es_ES","og_type":"article","og_title":"Pol\u00edtica de Cookies","og_url":"https:\/\/villaecolola.com\/es\/politica-de-cookies\/","og_site_name":"Villa Eco Lola","article_modified_time":"2022-04-25T09:55:51+00:00","twitter_card":"summary_large_image","twitter_misc":{"Tiempo de lectura":"13 minutos"},"schema":{"@context":"https:\/\/schema.org","@graph":[{"@type":"WebPage","@id":"https:\/\/villaecolola.com\/es\/politica-de-cookies\/","url":"https:\/\/villaecolola.com\/es\/politica-de-cookies\/","name":"Pol\u00edtica de Cookies - Villa Eco Lola","isPartOf":{"@id":"https:\/\/villaecolola.com\/es\/#website"},"datePublished":"2022-03-23T12:05:43+00:00","dateModified":"2022-04-25T09:55:51+00:00","breadcrumb":{"@id":"https:\/\/villaecolola.com\/es\/politica-de-cookies\/#breadcrumb"},"inLanguage":"es","potentialAction":[{"@type":"ReadAction","target":["https:\/\/villaecolola.com\/es\/politica-de-cookies\/"]}]},{"@type":"BreadcrumbList","@id":"https:\/\/villaecolola.com\/es\/politica-de-cookies\/#breadcrumb","itemListElement":[{"@type":"ListItem","position":1,"name":"Home","item":"https:\/\/villaecolola.com\/es\/"},{"@type":"ListItem","position":2,"name":"Pol\u00edtica de Cookies"}]},{"@type":"WebSite","@id":"https:\/\/villaecolola.com\/es\/#website","url":"https:\/\/villaecolola.com\/es\/","name":"Villa Eco Lola","description":"Menorca","potentialAction":[{"@type":"SearchAction","target":{"@type":"EntryPoint","urlTemplate":"https:\/\/villaecolola.com\/es\/?s={search_term_string}"},"query-input":{"@type":"PropertyValueSpecification","valueRequired":true,"valueName":"search_term_string"}}],"inLanguage":"es"}]}},"_links":{"self":[{"href":"https:\/\/villaecolola.com\/es\/wp-json\/wp\/v2\/pages\/1588","targetHints":{"allow":["GET"]}}],"collection":[{"href":"https:\/\/villaecolola.com\/es\/wp-json\/wp\/v2\/pages"}],"about":[{"href":"https:\/\/villaecolola.com\/es\/wp-json\/wp\/v2\/types\/page"}],"author":[{"embeddable":true,"href":"https:\/\/villaecolola.com\/es\/wp-json\/wp\/v2\/users\/2"}],"replies":[{"embeddable":true,"href":"https:\/\/villaecolola.com\/es\/wp-json\/wp\/v2\/comments?post=1588"}],"version-history":[{"count":5,"href":"https:\/\/villaecolola.com\/es\/wp-json\/wp\/v2\/pages\/1588\/revisions"}],"predecessor-version":[{"id":1599,"href":"https:\/\/villaecolola.com\/es\/wp-json\/wp\/v2\/pages\/1588\/revisions\/1599"}],"wp:attachment":[{"href":"https:\/\/villaecolola.com\/es\/wp-json\/wp\/v2\/media?parent=1588"}],"curies":[{"name":"wp","href":"https:\/\/api.w.org\/{rel}","templated":true}]}}