{"id":626,"date":"2021-12-16T18:15:12","date_gmt":"2021-12-16T18:15:12","guid":{"rendered":"https:\/\/villaecolola.com\/?page_id=626"},"modified":"2022-08-22T10:28:06","modified_gmt":"2022-08-22T10:28:06","slug":"preguntas-frecuentes","status":"publish","type":"page","link":"https:\/\/villaecolola.com\/es\/preguntas-frecuentes\/","title":{"rendered":"Preguntas frecuentes"},"content":{"rendered":"\n\t<div id=\"gap-879607402\" class=\"gap-element clearfix\" style=\"display:block; height:auto;\">\n\t\t\n<style>\n#gap-879607402 {\n  padding-top: 50px;\n}\n<\/style>\n\t<\/div>\n\t\n\n<div class=\"row align-center row-box-shadow-1\"  id=\"row-629971230\">\n\n\n\t<div id=\"col-1106777862\" class=\"col medium-10 small-12 large-6\"  >\n\t\t\t\t<div class=\"col-inner\" style=\"background-color:rgb(255,255,255);\" >\n\t\t\t\n\t\t\t\n\n\t<div id=\"text-3655070776\" class=\"text\">\n\t\t\n\n<h1>Preguntas frecuentes<\/h1>\n\t\t\n<style>\n#text-3655070776 {\n  font-size: 1.4rem;\n  text-align: left;\n}\n<\/style>\n\t<\/div>\n\t\n\t<div id=\"gap-1549827681\" class=\"gap-element clearfix\" style=\"display:block; height:auto;\">\n\t\t\n<style>\n#gap-1549827681 {\n  padding-top: 30px;\n}\n<\/style>\n\t<\/div>\n\t\n\n<div class=\"accordion\" rel=\"\">\n\n<div class=\"accordion-item\"><a href=\"#\" class=\"accordion-title plain\"><button class=\"toggle\"><i class=\"icon-angle-down\"><\/i><\/button><span>check in y check out<\/span><\/a><div class=\"accordion-inner\">\n\n<p>La casa estar\u00e1 lista a las 15h del d\u00eda de llegada y debe ser desalojada a las 11h de la ma\u00f1ana del d\u00eda de salida.<\/p>\n<p>Si su llegada es anterior \u00f3 la salida es posterior a esa hora, debe comunicarlo por escrito y haremos todo lo posible por coordinar las tareas de limpieza a los nuevos horarios proporcionados por usted.<\/p>\n<p>Si se diera el caso a su llegada de coincidir con nuestro equipo de limpieza, le rogamos deje las maletas en el interior de la casa y disfrute de la zona exterior.<\/p>\n\n<\/div><\/div>\n<div class=\"accordion-item\"><a href=\"#\" class=\"accordion-title plain\"><button class=\"toggle\"><i class=\"icon-angle-down\"><\/i><\/button><span>Pol\u00edtica de cancelaci\u00f3n de la reserva<\/span><\/a><div class=\"accordion-inner\">\n\n<p>Se ruega informe por escrito sobre el motivo de su cancelaci\u00f3n.<\/p>\n<p> Reembolso completo para las cancelaciones que se realicen hasta 30 d\u00edas antes de la llegada. Si reservas cuando falten menos de 30 d\u00edas para la llegada, recibir\u00e1s un reembolso completo siempre que canceles en las 48 horas posteriores a la reserva y al menos 14 d\u00edas antes del inicio de la estancia. Pasado ese plazo, obtendr\u00e1s un reembolso del 50 % si cancelas hasta 7 d\u00edas antes de la llegada. Si cancelas cuando quede menos tiempo, no recibir\u00e1s ning\u00fan reembolso.<\/p>\n\n\n<\/div><\/div>\n<div class=\"accordion-item\"><a href=\"#\" class=\"accordion-title plain\"><button class=\"toggle\"><i class=\"icon-angle-down\"><\/i><\/button><span>Dep\u00f3sito \/ fianza<\/span><\/a><div class=\"accordion-inner\">\n\n<p>Se cobrar\u00e1 una fianza de 500,00\u20ac que se cargar\u00e1 en la tarjeta de cr\u00e9dito facilitada por el cliente 7 d\u00edas antes de la llegada del cliente a la vivienda.<\/p>\n<p>La propiedad se reserva el derecho de deducir de la fianza (retenida en la tarjeta de cr\u00e9dito) los importes que correspondan si no se han cumplido las condiciones de la reserva.<\/p>\n\n<\/div><\/div>\n<div class=\"accordion-item\"><a href=\"#\" class=\"accordion-title plain\"><button class=\"toggle\"><i class=\"icon-angle-down\"><\/i><\/button><span>estancia en la casa<\/span><\/a><div class=\"accordion-inner\">\n\n<p>La vivienda estar\u00e1 con las camas hechas y les proporcionaremos un juego de toallas por persona, incluyendo 1 toalla de piscina por persona.<\/p>\n<p>Encontrar\u00e1 la casa en correcto estado de uso y con el equipamiento necesario para su capacidad.<\/p>\n<p>Contamos en la cocina con microondas, lavadora, lavavajillas, cafetera de c\u00e1psulas, frigor\u00edfico, tostadora, plancha de cocina, placa de vitrocer\u00e1mica, horno y todo el menaje que pueda necesitar. Barbacoa de obra, ducha solar, secador de pelo, plancha y tabla de planchar.<\/p>\n\n<\/div><\/div>\n<div class=\"accordion-item\"><a href=\"#\" class=\"accordion-title plain\"><button class=\"toggle\"><i class=\"icon-angle-down\"><\/i><\/button><span>Instalaciones y ocupaci\u00f3n<\/span><\/a><div class=\"accordion-inner\">\n\n<p>El mantenimiento del jard\u00edn y de la piscina son a cargo de la propiedad, por lo que la persona encargada al respecto acudir\u00e1 al terreno un par de veces por semana, es lo acordado.<\/p>\n<p>Rogamos se abstengan de utilizar la manguera para regar plantas \u00f3 arbustos, est\u00e1 todo controlado para la optimizaci\u00f3n del consumo de agua.<\/p>\n<p>La villa est\u00e1 dotada de conexi\u00f3n a internet.<\/p>\n<p>El n\u00famero de personas alojadas en la casa no puede ser superior a la capacidad de la villa a menos que se haya acordado previamente lo contrario y se haya abonado el cargo adicional correspondiente.<\/p>\n<p>Quedan totalmente prohibidas las fiestas ni en el interior ni en el exterior de la casa.<\/p>\n<p>La villa tiene otras villas cercanas, est\u00e1 ubicada en un barrio tranquilo y se ruega que respeten la normativa municipal sin hacer ruidos excesivos, m\u00fasica demasiado alta a partir de las 00h etc.<\/p>\n\n<\/div><\/div>\n<div class=\"accordion-item\"><a href=\"#\" class=\"accordion-title plain\"><button class=\"toggle\"><i class=\"icon-angle-down\"><\/i><\/button><span>Estancia m\u00ednima y limpieza<\/span><\/a><div class=\"accordion-inner\">\n\n<p>La estancia m\u00ednima es de 7 d\u00edas.<\/p>\n<p>Los gastos de limpieza ascienden a 300,00\u20ac.<\/p>\n<p>Si su estancia es superior a 7 d\u00edas, conlleva una limpieza extra considerada como repaso de 200,00\u20ac, que se realizar\u00e1 de forma semanal conforme a su fecha de llegada.<\/p>\n<p>Si necesita una mayor visita de nuestro equipo de limpieza, nos lo tiene que comunicar lo antes posible para una \u00f3ptima organizaci\u00f3n del equipo de trabajo.<\/p>\n\n\n<\/div><\/div>\n<div class=\"accordion-item\"><a href=\"#\" class=\"accordion-title plain\"><button class=\"toggle\"><i class=\"icon-angle-down\"><\/i><\/button><span>N\u00famero de hu\u00e9spedes<\/span><\/a><div class=\"accordion-inner\">\n\n<p>La casa estar\u00e1 lista para la ocupaci\u00f3n de un m\u00e1ximo de 8 personas.<\/p>\n<p>En caso de necesitar m\u00e1s ocupaci\u00f3n a la mencionada, podemos alojar hasta un m\u00e1ximo de 10 personas previa petici\u00f3n por escrito para equipar la casa de las camas necesarias, esto conlleva un coste adicional que puede consultarnos.<\/p>\n\n<\/div><\/div>\n\n<\/div>\n\n\t\t<\/div>\n\t\t\t\t\t<\/div>\n\n\t\n\n<\/div>\n\t<section class=\"section\" id=\"section_1293199149\">\n\t\t<div class=\"bg section-bg fill bg-fill  bg-loaded\" >\n\n\t\t\t\n\t\t\t\n\t\t\t\n\n\t\t<\/div>\n\n\t\t<div class=\"section-content relative\">\n\t\t\t\n\n<div class=\"row align-center\"  id=\"row-2056385485\">\n\n\n\t<div id=\"col-215674047\" class=\"col medium-6 small-12 large-5\"  >\n\t\t\t\t<div class=\"col-inner text-center\"  >\n\t\t\t\n\t\t\t\n\n\t<div id=\"gap-415410383\" class=\"gap-element clearfix\" style=\"display:block; height:auto;\">\n\t\t\n<style>\n#gap-415410383 {\n  padding-top: 30px;\n}\n<\/style>\n\t<\/div>\n\t\n\n\t<div id=\"text-626888573\" class=\"text\">\n\t\t\n\n<h3>Tel\u00e9fonos de interes<\/h3>\n\t\t\n<style>\n#text-626888573 {\n  font-size: 1.2rem;\n  line-height: 0.75;\n}\n<\/style>\n\t<\/div>\n\t\n\n\t\t<\/div>\n\t\t\t\t\t<\/div>\n\n\t\n\n<\/div>\n<div class=\"row row-small align-equal row-box-shadow-3-hover\"  id=\"row-1785824809\">\n\n\n\t<div id=\"col-782458975\" class=\"col medium-3 small-12 large-3\"  >\n\t\t\t\t<div class=\"col-inner\" style=\"background-color:rgba(12, 145, 150, 0.163);\" >\n\t\t\t\n\t\t\t\n\n\n\t<a class=\"plain\" href=\"#\"  >\t<div class=\"icon-box featured-box icon-box-center text-center\"  >\n\t\t\t\t<div class=\"icon-box-text last-reset\">\n\t\t\t\t\t\t\t\t\t\n\n\t<div id=\"text-1493448883\" class=\"text\">\n\t\t\n\n<p><strong><span style=\"font-size: 125%;\">Taxis Mah\u00f3n<\/span><\/strong><\/p>\n\t\t\n<style>\n#text-1493448883 {\n  font-size: 1rem;\n}\n@media (min-width:850px) {\n  #text-1493448883 {\n    font-size: 3.1rem;\n  }\n}\n<\/style>\n\t<\/div>\n\t\n\t<div id=\"gap-716091081\" class=\"gap-element clearfix\" style=\"display:block; height:auto;\">\n\t\t\n<style>\n#gap-716091081 {\n  padding-top: 10px;\n}\n<\/style>\n\t<\/div>\n\t\n\n\t<div id=\"text-2453568338\" class=\"text\">\n\t\t\n\n<p><span style=\"font-size: 100%;\"><strong>+34 971357700<\/strong><\/span><\/p>\n\t\t\n<style>\n#text-2453568338 {\n  font-size: 1rem;\n}\n@media (min-width:850px) {\n  #text-2453568338 {\n    font-size: 3.1rem;\n  }\n}\n<\/style>\n\t<\/div>\n\t\n\n\t\t<\/div>\n\t<\/div>\n\t<\/a>\n\t\n\n\t\t<\/div>\n\t\t\t\t\t<\/div>\n\n\t\n\n\t<div id=\"col-1951030359\" class=\"col medium-3 small-12 large-3\"  >\n\t\t\t\t<div class=\"col-inner\" style=\"background-color:rgba(12, 145, 150, 0.163);\" >\n\t\t\t\n\t\t\t\n\n\n\t<a class=\"plain\" href=\"#\"  >\t<div class=\"icon-box featured-box icon-box-center text-center\"  >\n\t\t\t\t<div class=\"icon-box-text last-reset\">\n\t\t\t\t\t\t\t\t\t\n\n\t<div id=\"text-3077078520\" class=\"text\">\n\t\t\n\n<p><strong><span style=\"font-size: 125%;\">Aeropuerto Menorca<\/span><\/strong><\/p>\n\t\t\n<style>\n#text-3077078520 {\n  font-size: 1rem;\n}\n@media (min-width:850px) {\n  #text-3077078520 {\n    font-size: 3.1rem;\n  }\n}\n<\/style>\n\t<\/div>\n\t\n\t<div id=\"gap-2091672802\" class=\"gap-element clearfix\" style=\"display:block; height:auto;\">\n\t\t\n<style>\n#gap-2091672802 {\n  padding-top: 10px;\n}\n<\/style>\n\t<\/div>\n\t\n\n\t<div id=\"text-4025864764\" class=\"text\">\n\t\t\n\n<p><span style=\"font-size: 100%;\"><strong>+34 913 211 000<\/strong><\/span><\/p>\n\t\t\n<style>\n#text-4025864764 {\n  font-size: 1rem;\n}\n@media (min-width:850px) {\n  #text-4025864764 {\n    font-size: 3.1rem;\n  }\n}\n<\/style>\n\t<\/div>\n\t\n\n\t\t<\/div>\n\t<\/div>\n\t<\/a>\n\t\n\n\t\t<\/div>\n\t\t\t\t\t<\/div>\n\n\t\n\n\t<div id=\"col-1164060945\" class=\"col medium-3 small-12 large-3\"  >\n\t\t\t\t<div class=\"col-inner\" style=\"background-color:rgba(12, 145, 150, 0.163);\" >\n\t\t\t\n\t\t\t\n\n\n\t<a class=\"plain\" href=\"#\"  >\t<div class=\"icon-box featured-box icon-box-center text-center\"  >\n\t\t\t\t<div class=\"icon-box-text last-reset\">\n\t\t\t\t\t\t\t\t\t\n\n\t<div id=\"text-1814651828\" class=\"text\">\n\t\t\n\n<p><strong><span style=\"font-size: 125%;\">Transmed<\/span><\/strong><\/p>\n\t\t\n<style>\n#text-1814651828 {\n  font-size: 1rem;\n}\n@media (min-width:850px) {\n  #text-1814651828 {\n    font-size: 3.1rem;\n  }\n}\n<\/style>\n\t<\/div>\n\t\n\t<div id=\"gap-1911317106\" class=\"gap-element clearfix\" style=\"display:block; height:auto;\">\n\t\t\n<style>\n#gap-1911317106 {\n  padding-top: 10px;\n}\n<\/style>\n\t<\/div>\n\t\n\n\t<div id=\"text-1220827156\" class=\"text\">\n\t\t\n\n<p><span style=\"font-size: 100%;\"><strong>+34 971 366 050<\/strong><\/span><\/p>\n\t\t\n<style>\n#text-1220827156 {\n  font-size: 1rem;\n}\n@media (min-width:850px) {\n  #text-1220827156 {\n    font-size: 3.1rem;\n  }\n}\n<\/style>\n\t<\/div>\n\t\n\n\t\t<\/div>\n\t<\/div>\n\t<\/a>\n\t\n\n\t\t<\/div>\n\t\t\t\t\t<\/div>\n\n\t\n\n\t<div id=\"col-825568451\" class=\"col medium-3 small-12 large-3\"  >\n\t\t\t\t<div class=\"col-inner\" style=\"background-color:rgba(12, 145, 150, 0.163);\" >\n\t\t\t\n\t\t\t\n\n\n\t<a class=\"plain\" href=\"#\"  >\t<div class=\"icon-box featured-box icon-box-center text-center\"  >\n\t\t\t\t<div class=\"icon-box-text last-reset\">\n\t\t\t\t\t\t\t\t\t\n\n\t<div id=\"text-494123149\" class=\"text\">\n\t\t\n\n<p><strong><span style=\"font-size: 125%;\">Bale\u00e1ria<\/span><\/strong><\/p>\n\t\t\n<style>\n#text-494123149 {\n  font-size: 1rem;\n}\n@media (min-width:850px) {\n  #text-494123149 {\n    font-size: 3.4rem;\n  }\n}\n<\/style>\n\t<\/div>\n\t\n\t<div id=\"gap-1921983015\" class=\"gap-element clearfix\" style=\"display:block; height:auto;\">\n\t\t\n<style>\n#gap-1921983015 {\n  padding-top: 10px;\n}\n<\/style>\n\t<\/div>\n\t\n\n\t<div id=\"text-591448868\" class=\"text\">\n\t\t\n\n<p><span style=\"font-size: 100%;\"><strong>+34 971 355 980<\/strong><\/span><\/p>\n\t\t\n<style>\n#text-591448868 {\n  font-size: 1rem;\n}\n@media (min-width:850px) {\n  #text-591448868 {\n    font-size: 3.1rem;\n  }\n}\n<\/style>\n\t<\/div>\n\t\n\n\t\t<\/div>\n\t<\/div>\n\t<\/a>\n\t\n\n\t\t<\/div>\n\t\t\t\t\t<\/div>\n\n\t\n\n\n<style>\n#row-1785824809 > .col > .col-inner {\n  padding: 30px 20px 30px 20px;\n}\n@media (min-width:850px) {\n  #row-1785824809 > .col > .col-inner {\n    padding: 50px 40px 70px 30px;\n  }\n}\n<\/style>\n<\/div>\n\n\t\t<\/div>\n\n\t\t\n<style>\n#section_1293199149 {\n  padding-top: 40px;\n  padding-bottom: 40px;\n}\n@media (min-width:550px) {\n  #section_1293199149 {\n    padding-top: 70px;\n    padding-bottom: 70px;\n  }\n}\n<\/style>\n\t<\/section>\n\t\n\n","protected":false},"excerpt":{"rendered":"","protected":false},"author":2,"featured_media":0,"parent":0,"menu_order":0,"comment_status":"closed","ping_status":"closed","template":"page-blank.php","meta":{"_joinchat":[],"footnotes":""},"class_list":["post-626","page","type-page","status-publish","hentry"],"yoast_head":"<!-- This site is optimized with the Yoast SEO Premium plugin v21.8 (Yoast SEO v27.4) - https:\/\/yoast.com\/product\/yoast-seo-premium-wordpress\/ -->\n<title>Preguntas frecuentes - Villa Eco Lola<\/title>\n<meta name=\"robots\" content=\"index, follow, max-snippet:-1, max-image-preview:large, max-video-preview:-1\" \/>\n<link rel=\"canonical\" href=\"https:\/\/villaecolola.com\/es\/preguntas-frecuentes\/\" \/>\n<meta property=\"og:locale\" content=\"es_ES\" \/>\n<meta property=\"og:type\" content=\"article\" \/>\n<meta property=\"og:title\" content=\"Preguntas frecuentes\" \/>\n<meta property=\"og:url\" content=\"https:\/\/villaecolola.com\/es\/preguntas-frecuentes\/\" \/>\n<meta property=\"og:site_name\" content=\"Villa Eco Lola\" \/>\n<meta property=\"article:modified_time\" content=\"2022-08-22T10:28:06+00:00\" \/>\n<meta name=\"twitter:card\" content=\"summary_large_image\" \/>\n<meta name=\"twitter:label1\" content=\"Tiempo de lectura\" \/>\n\t<meta name=\"twitter:data1\" content=\"5 minutos\" \/>\n<script type=\"application\/ld+json\" class=\"yoast-schema-graph\">{\"@context\":\"https:\\\/\\\/schema.org\",\"@graph\":[{\"@type\":\"WebPage\",\"@id\":\"https:\\\/\\\/villaecolola.com\\\/es\\\/preguntas-frecuentes\\\/\",\"url\":\"https:\\\/\\\/villaecolola.com\\\/es\\\/preguntas-frecuentes\\\/\",\"name\":\"Preguntas frecuentes - Villa Eco Lola\",\"isPartOf\":{\"@id\":\"https:\\\/\\\/villaecolola.com\\\/es\\\/#website\"},\"datePublished\":\"2021-12-16T18:15:12+00:00\",\"dateModified\":\"2022-08-22T10:28:06+00:00\",\"breadcrumb\":{\"@id\":\"https:\\\/\\\/villaecolola.com\\\/es\\\/preguntas-frecuentes\\\/#breadcrumb\"},\"inLanguage\":\"es\",\"potentialAction\":[{\"@type\":\"ReadAction\",\"target\":[\"https:\\\/\\\/villaecolola.com\\\/es\\\/preguntas-frecuentes\\\/\"]}]},{\"@type\":\"BreadcrumbList\",\"@id\":\"https:\\\/\\\/villaecolola.com\\\/es\\\/preguntas-frecuentes\\\/#breadcrumb\",\"itemListElement\":[{\"@type\":\"ListItem\",\"position\":1,\"name\":\"Home\",\"item\":\"https:\\\/\\\/villaecolola.com\\\/es\\\/\"},{\"@type\":\"ListItem\",\"position\":2,\"name\":\"Preguntas frecuentes\"}]},{\"@type\":\"WebSite\",\"@id\":\"https:\\\/\\\/villaecolola.com\\\/es\\\/#website\",\"url\":\"https:\\\/\\\/villaecolola.com\\\/es\\\/\",\"name\":\"Villa Eco Lola\",\"description\":\"Menorca\",\"potentialAction\":[{\"@type\":\"SearchAction\",\"target\":{\"@type\":\"EntryPoint\",\"urlTemplate\":\"https:\\\/\\\/villaecolola.com\\\/es\\\/?s={search_term_string}\"},\"query-input\":{\"@type\":\"PropertyValueSpecification\",\"valueRequired\":true,\"valueName\":\"search_term_string\"}}],\"inLanguage\":\"es\"}]}<\/script>\n<!-- \/ Yoast SEO Premium plugin. -->","yoast_head_json":{"title":"Preguntas frecuentes - Villa Eco Lola","robots":{"index":"index","follow":"follow","max-snippet":"max-snippet:-1","max-image-preview":"max-image-preview:large","max-video-preview":"max-video-preview:-1"},"canonical":"https:\/\/villaecolola.com\/es\/preguntas-frecuentes\/","og_locale":"es_ES","og_type":"article","og_title":"Preguntas frecuentes","og_url":"https:\/\/villaecolola.com\/es\/preguntas-frecuentes\/","og_site_name":"Villa Eco Lola","article_modified_time":"2022-08-22T10:28:06+00:00","twitter_card":"summary_large_image","twitter_misc":{"Tiempo de lectura":"5 minutos"},"schema":{"@context":"https:\/\/schema.org","@graph":[{"@type":"WebPage","@id":"https:\/\/villaecolola.com\/es\/preguntas-frecuentes\/","url":"https:\/\/villaecolola.com\/es\/preguntas-frecuentes\/","name":"Preguntas frecuentes - Villa Eco Lola","isPartOf":{"@id":"https:\/\/villaecolola.com\/es\/#website"},"datePublished":"2021-12-16T18:15:12+00:00","dateModified":"2022-08-22T10:28:06+00:00","breadcrumb":{"@id":"https:\/\/villaecolola.com\/es\/preguntas-frecuentes\/#breadcrumb"},"inLanguage":"es","potentialAction":[{"@type":"ReadAction","target":["https:\/\/villaecolola.com\/es\/preguntas-frecuentes\/"]}]},{"@type":"BreadcrumbList","@id":"https:\/\/villaecolola.com\/es\/preguntas-frecuentes\/#breadcrumb","itemListElement":[{"@type":"ListItem","position":1,"name":"Home","item":"https:\/\/villaecolola.com\/es\/"},{"@type":"ListItem","position":2,"name":"Preguntas frecuentes"}]},{"@type":"WebSite","@id":"https:\/\/villaecolola.com\/es\/#website","url":"https:\/\/villaecolola.com\/es\/","name":"Villa Eco Lola","description":"Menorca","potentialAction":[{"@type":"SearchAction","target":{"@type":"EntryPoint","urlTemplate":"https:\/\/villaecolola.com\/es\/?s={search_term_string}"},"query-input":{"@type":"PropertyValueSpecification","valueRequired":true,"valueName":"search_term_string"}}],"inLanguage":"es"}]}},"_links":{"self":[{"href":"https:\/\/villaecolola.com\/es\/wp-json\/wp\/v2\/pages\/626","targetHints":{"allow":["GET"]}}],"collection":[{"href":"https:\/\/villaecolola.com\/es\/wp-json\/wp\/v2\/pages"}],"about":[{"href":"https:\/\/villaecolola.com\/es\/wp-json\/wp\/v2\/types\/page"}],"author":[{"embeddable":true,"href":"https:\/\/villaecolola.com\/es\/wp-json\/wp\/v2\/users\/2"}],"replies":[{"embeddable":true,"href":"https:\/\/villaecolola.com\/es\/wp-json\/wp\/v2\/comments?post=626"}],"version-history":[{"count":21,"href":"https:\/\/villaecolola.com\/es\/wp-json\/wp\/v2\/pages\/626\/revisions"}],"predecessor-version":[{"id":1870,"href":"https:\/\/villaecolola.com\/es\/wp-json\/wp\/v2\/pages\/626\/revisions\/1870"}],"wp:attachment":[{"href":"https:\/\/villaecolola.com\/es\/wp-json\/wp\/v2\/media?parent=626"}],"curies":[{"name":"wp","href":"https:\/\/api.w.org\/{rel}","templated":true}]}}