{"id":902,"date":"2022-02-07T13:46:48","date_gmt":"2022-02-07T13:46:48","guid":{"rendered":"https:\/\/villaecolola.com\/?page_id=902"},"modified":"2022-04-25T09:55:19","modified_gmt":"2022-04-25T09:55:19","slug":"exteriores","status":"publish","type":"page","link":"https:\/\/villaecolola.com\/es\/exteriores\/","title":{"rendered":"Exteriores"},"content":{"rendered":"\n\t<section class=\"section\" id=\"section_1863820796\">\n\t\t<div class=\"bg section-bg fill bg-fill  bg-loaded\" >\n\n\t\t\t\n\t\t\t\n\t\t\t\n\n\t\t<\/div>\n\n\t\t<div class=\"section-content relative\">\n\t\t\t\n\n<div class=\"row row-collapse row-full-width\"  id=\"row-1307307166\">\n\n\n\t<div id=\"col-1840379405\" class=\"col small-12 large-12\"  >\n\t\t\t\t<div class=\"col-inner\"  >\n\t\t\t\n\t\t\t\n\n<div class=\"row row-collapse row-full-width align-middle\"  id=\"row-5664119\">\n\n\n\t<div id=\"col-999303188\" class=\"col medium-12 small-12 large-8 medium-col-first\"  >\n\t\t\t\t<div class=\"col-inner\"  >\n\t\t\t\n\t\t\t\n\n<div class=\"slider-wrapper relative\" id=\"slider-1198815813\" >\n    <div class=\"slider slider-nav-simple slider-nav-large slider-nav-light slider-style-normal\"\n        data-flickity-options='{\n            \"cellAlign\": \"center\",\n            \"imagesLoaded\": true,\n            \"lazyLoad\": 1,\n            \"freeScroll\": false,\n            \"wrapAround\": true,\n            \"autoPlay\": 6000,\n            \"pauseAutoPlayOnHover\" : true,\n            \"prevNextButtons\": true,\n            \"contain\" : true,\n            \"adaptiveHeight\" : true,\n            \"dragThreshold\" : 10,\n            \"percentPosition\": true,\n            \"pageDots\": true,\n            \"rightToLeft\": false,\n            \"draggable\": true,\n            \"selectedAttraction\": 0.1,\n            \"parallax\" : 0,\n            \"friction\": 0.6        }'\n        >\n        \n\n\t<div class=\"img has-hover x md-x lg-x y md-y lg-y\" id=\"image_1801702025\">\n\t\t<a class=\"image-lightbox lightbox-gallery\" title=\"\" href=\"https:\/\/villaecolola.com\/wp-content\/uploads\/2022\/02\/exte5.jpg\">\t\t\t\t\t\t<div class=\"img-inner dark\" >\n\t\t\t<img loading=\"lazy\" decoding=\"async\" width=\"1020\" height=\"680\" src=\"https:\/\/villaecolola.com\/wp-content\/uploads\/2022\/02\/exte5-1024x683.jpg\" class=\"attachment-large size-large\" alt=\"\" srcset=\"https:\/\/villaecolola.com\/wp-content\/uploads\/2022\/02\/exte5-1024x683.jpg 1024w, https:\/\/villaecolola.com\/wp-content\/uploads\/2022\/02\/exte5-300x200.jpg 300w, https:\/\/villaecolola.com\/wp-content\/uploads\/2022\/02\/exte5-768x512.jpg 768w, https:\/\/villaecolola.com\/wp-content\/uploads\/2022\/02\/exte5-510x340.jpg 510w, https:\/\/villaecolola.com\/wp-content\/uploads\/2022\/02\/exte5.jpg 1200w\" sizes=\"auto, (max-width: 1020px) 100vw, 1020px\" \/>\t\t\t\t\t\t\n\t\t\t\t\t<\/div>\n\t\t\t\t\t\t<\/a>\t\t\n<style>\n#image_1801702025 {\n  width: 100%;\n}\n<\/style>\n\t<\/div>\n\t\n\n\t<div class=\"img has-hover x md-x lg-x y md-y lg-y\" id=\"image_408251517\">\n\t\t<a class=\"image-lightbox lightbox-gallery\" title=\"\" href=\"https:\/\/villaecolola.com\/wp-content\/uploads\/2022\/02\/ext5.jpg\">\t\t\t\t\t\t<div class=\"img-inner dark\" >\n\t\t\t<img loading=\"lazy\" decoding=\"async\" width=\"1020\" height=\"680\" src=\"https:\/\/villaecolola.com\/wp-content\/uploads\/2022\/02\/ext5-1024x683.jpg\" class=\"attachment-large size-large\" alt=\"apartamento en menorca vacaciones\" srcset=\"https:\/\/villaecolola.com\/wp-content\/uploads\/2022\/02\/ext5-1024x683.jpg 1024w, https:\/\/villaecolola.com\/wp-content\/uploads\/2022\/02\/ext5-300x200.jpg 300w, https:\/\/villaecolola.com\/wp-content\/uploads\/2022\/02\/ext5-768x512.jpg 768w, https:\/\/villaecolola.com\/wp-content\/uploads\/2022\/02\/ext5-510x340.jpg 510w, https:\/\/villaecolola.com\/wp-content\/uploads\/2022\/02\/ext5.jpg 1200w\" sizes=\"auto, (max-width: 1020px) 100vw, 1020px\" \/>\t\t\t\t\t\t\n\t\t\t\t\t<\/div>\n\t\t\t\t\t\t<\/a>\t\t\n<style>\n#image_408251517 {\n  width: 100%;\n}\n<\/style>\n\t<\/div>\n\t\n\n\t<div class=\"img has-hover x md-x lg-x y md-y lg-y\" id=\"image_1384998288\">\n\t\t<a class=\"image-lightbox lightbox-gallery\" title=\"\" href=\"https:\/\/villaecolola.com\/wp-content\/uploads\/2022\/02\/exte3.jpg\">\t\t\t\t\t\t<div class=\"img-inner dark\" >\n\t\t\t<img loading=\"lazy\" decoding=\"async\" width=\"1020\" height=\"680\" src=\"https:\/\/villaecolola.com\/wp-content\/uploads\/2022\/02\/exte3-1024x683.jpg\" class=\"attachment-large size-large\" alt=\"\" srcset=\"https:\/\/villaecolola.com\/wp-content\/uploads\/2022\/02\/exte3-1024x683.jpg 1024w, https:\/\/villaecolola.com\/wp-content\/uploads\/2022\/02\/exte3-300x200.jpg 300w, https:\/\/villaecolola.com\/wp-content\/uploads\/2022\/02\/exte3-768x512.jpg 768w, https:\/\/villaecolola.com\/wp-content\/uploads\/2022\/02\/exte3-510x340.jpg 510w, https:\/\/villaecolola.com\/wp-content\/uploads\/2022\/02\/exte3.jpg 1200w\" sizes=\"auto, (max-width: 1020px) 100vw, 1020px\" \/>\t\t\t\t\t\t\n\t\t\t\t\t<\/div>\n\t\t\t\t\t\t<\/a>\t\t\n<style>\n#image_1384998288 {\n  width: 100%;\n}\n<\/style>\n\t<\/div>\n\t\n\n\t<div class=\"img has-hover x md-x lg-x y md-y lg-y\" id=\"image_502793841\">\n\t\t<a class=\"image-lightbox lightbox-gallery\" title=\"\" href=\"https:\/\/villaecolola.com\/wp-content\/uploads\/2022\/02\/ext9.jpg\">\t\t\t\t\t\t<div class=\"img-inner dark\" >\n\t\t\t<img loading=\"lazy\" decoding=\"async\" width=\"1020\" height=\"680\" src=\"https:\/\/villaecolola.com\/wp-content\/uploads\/2022\/02\/ext9-1024x683.jpg\" class=\"attachment-large size-large\" alt=\"\" srcset=\"https:\/\/villaecolola.com\/wp-content\/uploads\/2022\/02\/ext9-1024x683.jpg 1024w, https:\/\/villaecolola.com\/wp-content\/uploads\/2022\/02\/ext9-300x200.jpg 300w, https:\/\/villaecolola.com\/wp-content\/uploads\/2022\/02\/ext9-768x512.jpg 768w, https:\/\/villaecolola.com\/wp-content\/uploads\/2022\/02\/ext9-510x340.jpg 510w, https:\/\/villaecolola.com\/wp-content\/uploads\/2022\/02\/ext9.jpg 1200w\" sizes=\"auto, (max-width: 1020px) 100vw, 1020px\" \/>\t\t\t\t\t\t\n\t\t\t\t\t<\/div>\n\t\t\t\t\t\t<\/a>\t\t\n<style>\n#image_502793841 {\n  width: 100%;\n}\n<\/style>\n\t<\/div>\n\t\n\n\t<div class=\"img has-hover x md-x lg-x y md-y lg-y\" id=\"image_134434132\">\n\t\t<a class=\"image-lightbox lightbox-gallery\" title=\"\" href=\"https:\/\/villaecolola.com\/wp-content\/uploads\/2022\/02\/ext-2.jpg\">\t\t\t\t\t\t<div class=\"img-inner dark\" >\n\t\t\t<img loading=\"lazy\" decoding=\"async\" width=\"1020\" height=\"680\" src=\"https:\/\/villaecolola.com\/wp-content\/uploads\/2022\/02\/ext-2-1024x683.jpg\" class=\"attachment-large size-large\" alt=\"\" srcset=\"https:\/\/villaecolola.com\/wp-content\/uploads\/2022\/02\/ext-2-1024x683.jpg 1024w, https:\/\/villaecolola.com\/wp-content\/uploads\/2022\/02\/ext-2-300x200.jpg 300w, https:\/\/villaecolola.com\/wp-content\/uploads\/2022\/02\/ext-2-768x512.jpg 768w, https:\/\/villaecolola.com\/wp-content\/uploads\/2022\/02\/ext-2-510x340.jpg 510w, https:\/\/villaecolola.com\/wp-content\/uploads\/2022\/02\/ext-2.jpg 1200w\" sizes=\"auto, (max-width: 1020px) 100vw, 1020px\" \/>\t\t\t\t\t\t\n\t\t\t\t\t<\/div>\n\t\t\t\t\t\t<\/a>\t\t\n<style>\n#image_134434132 {\n  width: 100%;\n}\n<\/style>\n\t<\/div>\n\t\n\n\t<div class=\"img has-hover x md-x lg-x y md-y lg-y\" id=\"image_233158038\">\n\t\t<a class=\"image-lightbox lightbox-gallery\" title=\"\" href=\"https:\/\/villaecolola.com\/wp-content\/uploads\/2022\/02\/ext8.jpg\">\t\t\t\t\t\t<div class=\"img-inner dark\" >\n\t\t\t<img loading=\"lazy\" decoding=\"async\" width=\"1020\" height=\"680\" src=\"https:\/\/villaecolola.com\/wp-content\/uploads\/2022\/02\/ext8-1024x683.jpg\" class=\"attachment-large size-large\" alt=\"\" srcset=\"https:\/\/villaecolola.com\/wp-content\/uploads\/2022\/02\/ext8-1024x683.jpg 1024w, https:\/\/villaecolola.com\/wp-content\/uploads\/2022\/02\/ext8-300x200.jpg 300w, https:\/\/villaecolola.com\/wp-content\/uploads\/2022\/02\/ext8-768x512.jpg 768w, https:\/\/villaecolola.com\/wp-content\/uploads\/2022\/02\/ext8-510x340.jpg 510w, https:\/\/villaecolola.com\/wp-content\/uploads\/2022\/02\/ext8.jpg 1200w\" sizes=\"auto, (max-width: 1020px) 100vw, 1020px\" \/>\t\t\t\t\t\t\n\t\t\t\t\t<\/div>\n\t\t\t\t\t\t<\/a>\t\t\n<style>\n#image_233158038 {\n  width: 100%;\n}\n<\/style>\n\t<\/div>\n\t\n\n\t<div class=\"img has-hover x md-x lg-x y md-y lg-y\" id=\"image_1608402708\">\n\t\t<a class=\"image-lightbox lightbox-gallery\" title=\"\" href=\"https:\/\/villaecolola.com\/wp-content\/uploads\/2022\/02\/exte3.jpg\">\t\t\t\t\t\t<div class=\"img-inner dark\" >\n\t\t\t<img loading=\"lazy\" decoding=\"async\" width=\"1020\" height=\"680\" src=\"https:\/\/villaecolola.com\/wp-content\/uploads\/2022\/02\/exte3-1024x683.jpg\" class=\"attachment-large size-large\" alt=\"\" srcset=\"https:\/\/villaecolola.com\/wp-content\/uploads\/2022\/02\/exte3-1024x683.jpg 1024w, https:\/\/villaecolola.com\/wp-content\/uploads\/2022\/02\/exte3-300x200.jpg 300w, https:\/\/villaecolola.com\/wp-content\/uploads\/2022\/02\/exte3-768x512.jpg 768w, https:\/\/villaecolola.com\/wp-content\/uploads\/2022\/02\/exte3-510x340.jpg 510w, https:\/\/villaecolola.com\/wp-content\/uploads\/2022\/02\/exte3.jpg 1200w\" sizes=\"auto, (max-width: 1020px) 100vw, 1020px\" \/>\t\t\t\t\t\t\n\t\t\t\t\t<\/div>\n\t\t\t\t\t\t<\/a>\t\t\n<style>\n#image_1608402708 {\n  width: 100%;\n}\n<\/style>\n\t<\/div>\n\t\n\n\t<div class=\"img has-hover x md-x lg-x y md-y lg-y\" id=\"image_174382017\">\n\t\t<a class=\"image-lightbox lightbox-gallery\" title=\"\" href=\"https:\/\/villaecolola.com\/wp-content\/uploads\/2022\/02\/ext3.jpg\">\t\t\t\t\t\t<div class=\"img-inner dark\" >\n\t\t\t<img loading=\"lazy\" decoding=\"async\" width=\"1020\" height=\"680\" src=\"https:\/\/villaecolola.com\/wp-content\/uploads\/2022\/02\/ext3-1024x683.jpg\" class=\"attachment-large size-large\" alt=\"casa para familia en menorca con piscina\" srcset=\"https:\/\/villaecolola.com\/wp-content\/uploads\/2022\/02\/ext3-1024x683.jpg 1024w, https:\/\/villaecolola.com\/wp-content\/uploads\/2022\/02\/ext3-300x200.jpg 300w, https:\/\/villaecolola.com\/wp-content\/uploads\/2022\/02\/ext3-768x512.jpg 768w, https:\/\/villaecolola.com\/wp-content\/uploads\/2022\/02\/ext3-510x340.jpg 510w, https:\/\/villaecolola.com\/wp-content\/uploads\/2022\/02\/ext3.jpg 1200w\" sizes=\"auto, (max-width: 1020px) 100vw, 1020px\" \/>\t\t\t\t\t\t\n\t\t\t\t\t<\/div>\n\t\t\t\t\t\t<\/a>\t\t\n<style>\n#image_174382017 {\n  width: 100%;\n}\n<\/style>\n\t<\/div>\n\t\n\n\t<div class=\"img has-hover x md-x lg-x y md-y lg-y\" id=\"image_253531481\">\n\t\t<a class=\"image-lightbox lightbox-gallery\" title=\"\" href=\"https:\/\/villaecolola.com\/wp-content\/uploads\/2022\/02\/ext7.jpg\">\t\t\t\t\t\t<div class=\"img-inner dark\" >\n\t\t\t<img loading=\"lazy\" decoding=\"async\" width=\"1020\" height=\"680\" src=\"https:\/\/villaecolola.com\/wp-content\/uploads\/2022\/02\/ext7-1024x683.jpg\" class=\"attachment-large size-large\" alt=\"\" srcset=\"https:\/\/villaecolola.com\/wp-content\/uploads\/2022\/02\/ext7-1024x683.jpg 1024w, https:\/\/villaecolola.com\/wp-content\/uploads\/2022\/02\/ext7-300x200.jpg 300w, https:\/\/villaecolola.com\/wp-content\/uploads\/2022\/02\/ext7-768x512.jpg 768w, https:\/\/villaecolola.com\/wp-content\/uploads\/2022\/02\/ext7-510x340.jpg 510w, https:\/\/villaecolola.com\/wp-content\/uploads\/2022\/02\/ext7.jpg 1200w\" sizes=\"auto, (max-width: 1020px) 100vw, 1020px\" \/>\t\t\t\t\t\t\n\t\t\t\t\t<\/div>\n\t\t\t\t\t\t<\/a>\t\t\n<style>\n#image_253531481 {\n  width: 100%;\n}\n<\/style>\n\t<\/div>\n\t\n\n\n     <\/div>\n\n     <div class=\"loading-spin dark large centered\"><\/div>\n\n     \t<\/div>\n\n\n\n\t\t<\/div>\n\t\t\t\t\t<\/div>\n\n\t\n\n\t<div id=\"col-1700591002\" class=\"col medium-12 small-12 large-3\"  >\n\t\t\t\t<div class=\"col-inner\"  >\n\t\t\t\n\t\t\t\n\n<h2>Exteriores<\/h2>\n\n\t<div id=\"gap-314057437\" class=\"gap-element clearfix\" style=\"display:block; height:auto;\">\n\t\t\n<style>\n#gap-314057437 {\n  padding-top: 18px;\n}\n<\/style>\n\t<\/div>\n\t\n\n\t<div id=\"text-547763148\" class=\"text\">\n\t\t\n\n<p>Contamos con una superficie de 440m2 de jard\u00edn, zona sol\u00e1rium con hamacas y sombrilla, piscina de 8&#215;4, ducha solar y barbacoa de obra. Tanto el c\u00e9sped como el resto del jard\u00edn, est\u00e1n dise\u00f1ados con los m\u00e1s altos est\u00e1ndares de ahorro de agua.<\/p>\n<p>En el porche disfrutar\u00e1 de cenas y comidas al aire libre con toldo y zona de relax con sillones.<\/p>\n\t\t\n<style>\n#text-547763148 {\n  font-size: 4rem;\n}\n<\/style>\n\t<\/div>\n\t\n\n\t\t<\/div>\n\t\t\t\t\t<\/div>\n\n\t\n\n\n<style>\n#row-5664119 > .col > .col-inner {\n  padding: 20px 10px 10px 10px;\n}\n@media (min-width:550px) {\n  #row-5664119 > .col > .col-inner {\n    padding: 15px 31px 15px 31px;\n  }\n}\n@media (min-width:850px) {\n  #row-5664119 > .col > .col-inner {\n    padding: 45px 0px 35px 50px;\n  }\n}\n<\/style>\n<\/div>\n\t<div id=\"gap-1798026252\" class=\"gap-element clearfix\" style=\"display:block; height:auto;\">\n\t\t\n<style>\n#gap-1798026252 {\n  padding-top: 100px;\n}\n<\/style>\n\t<\/div>\n\t\n\n\n\t\t<\/div>\n\t\t\t\t\t<\/div>\n\n\t\n\n\n<style>\n#row-1307307166 > .col > .col-inner {\n  padding: 30px 0px 30px 0px;\n  background-color: rgb(230, 246, 244);\n}\n<\/style>\n<\/div>\n\n\t\t<\/div>\n\n\t\t\n<style>\n#section_1863820796 {\n  padding-top: 0px;\n  padding-bottom: 0px;\n}\n<\/style>\n\t<\/section>\n\t\n","protected":false},"excerpt":{"rendered":"","protected":false},"author":2,"featured_media":0,"parent":0,"menu_order":0,"comment_status":"closed","ping_status":"closed","template":"page-blank.php","meta":{"_joinchat":[],"footnotes":""},"class_list":["post-902","page","type-page","status-publish","hentry"],"yoast_head":"<!-- This site is optimized with the Yoast SEO Premium plugin v21.8 (Yoast SEO v27.4) - https:\/\/yoast.com\/product\/yoast-seo-premium-wordpress\/ -->\n<title>Exteriores - Villa Eco Lola<\/title>\n<meta name=\"robots\" content=\"index, follow, max-snippet:-1, max-image-preview:large, max-video-preview:-1\" \/>\n<link rel=\"canonical\" href=\"https:\/\/villaecolola.com\/es\/exteriores\/\" \/>\n<meta property=\"og:locale\" content=\"es_ES\" \/>\n<meta property=\"og:type\" content=\"article\" \/>\n<meta property=\"og:title\" content=\"Exteriores\" \/>\n<meta property=\"og:url\" content=\"https:\/\/villaecolola.com\/es\/exteriores\/\" \/>\n<meta property=\"og:site_name\" content=\"Villa Eco Lola\" \/>\n<meta property=\"article:modified_time\" content=\"2022-04-25T09:55:19+00:00\" \/>\n<meta name=\"twitter:card\" content=\"summary_large_image\" \/>\n<meta name=\"twitter:label1\" content=\"Tiempo de lectura\" \/>\n\t<meta name=\"twitter:data1\" content=\"1 minuto\" \/>\n<script type=\"application\/ld+json\" class=\"yoast-schema-graph\">{\"@context\":\"https:\\\/\\\/schema.org\",\"@graph\":[{\"@type\":\"WebPage\",\"@id\":\"https:\\\/\\\/villaecolola.com\\\/es\\\/exteriores\\\/\",\"url\":\"https:\\\/\\\/villaecolola.com\\\/es\\\/exteriores\\\/\",\"name\":\"Exteriores - Villa Eco Lola\",\"isPartOf\":{\"@id\":\"https:\\\/\\\/villaecolola.com\\\/es\\\/#website\"},\"datePublished\":\"2022-02-07T13:46:48+00:00\",\"dateModified\":\"2022-04-25T09:55:19+00:00\",\"breadcrumb\":{\"@id\":\"https:\\\/\\\/villaecolola.com\\\/es\\\/exteriores\\\/#breadcrumb\"},\"inLanguage\":\"es\",\"potentialAction\":[{\"@type\":\"ReadAction\",\"target\":[\"https:\\\/\\\/villaecolola.com\\\/es\\\/exteriores\\\/\"]}]},{\"@type\":\"BreadcrumbList\",\"@id\":\"https:\\\/\\\/villaecolola.com\\\/es\\\/exteriores\\\/#breadcrumb\",\"itemListElement\":[{\"@type\":\"ListItem\",\"position\":1,\"name\":\"Home\",\"item\":\"https:\\\/\\\/villaecolola.com\\\/es\\\/\"},{\"@type\":\"ListItem\",\"position\":2,\"name\":\"Exteriores\"}]},{\"@type\":\"WebSite\",\"@id\":\"https:\\\/\\\/villaecolola.com\\\/es\\\/#website\",\"url\":\"https:\\\/\\\/villaecolola.com\\\/es\\\/\",\"name\":\"Villa Eco Lola\",\"description\":\"Menorca\",\"potentialAction\":[{\"@type\":\"SearchAction\",\"target\":{\"@type\":\"EntryPoint\",\"urlTemplate\":\"https:\\\/\\\/villaecolola.com\\\/es\\\/?s={search_term_string}\"},\"query-input\":{\"@type\":\"PropertyValueSpecification\",\"valueRequired\":true,\"valueName\":\"search_term_string\"}}],\"inLanguage\":\"es\"}]}<\/script>\n<!-- \/ Yoast SEO Premium plugin. -->","yoast_head_json":{"title":"Exteriores - Villa Eco Lola","robots":{"index":"index","follow":"follow","max-snippet":"max-snippet:-1","max-image-preview":"max-image-preview:large","max-video-preview":"max-video-preview:-1"},"canonical":"https:\/\/villaecolola.com\/es\/exteriores\/","og_locale":"es_ES","og_type":"article","og_title":"Exteriores","og_url":"https:\/\/villaecolola.com\/es\/exteriores\/","og_site_name":"Villa Eco Lola","article_modified_time":"2022-04-25T09:55:19+00:00","twitter_card":"summary_large_image","twitter_misc":{"Tiempo de lectura":"1 minuto"},"schema":{"@context":"https:\/\/schema.org","@graph":[{"@type":"WebPage","@id":"https:\/\/villaecolola.com\/es\/exteriores\/","url":"https:\/\/villaecolola.com\/es\/exteriores\/","name":"Exteriores - Villa Eco Lola","isPartOf":{"@id":"https:\/\/villaecolola.com\/es\/#website"},"datePublished":"2022-02-07T13:46:48+00:00","dateModified":"2022-04-25T09:55:19+00:00","breadcrumb":{"@id":"https:\/\/villaecolola.com\/es\/exteriores\/#breadcrumb"},"inLanguage":"es","potentialAction":[{"@type":"ReadAction","target":["https:\/\/villaecolola.com\/es\/exteriores\/"]}]},{"@type":"BreadcrumbList","@id":"https:\/\/villaecolola.com\/es\/exteriores\/#breadcrumb","itemListElement":[{"@type":"ListItem","position":1,"name":"Home","item":"https:\/\/villaecolola.com\/es\/"},{"@type":"ListItem","position":2,"name":"Exteriores"}]},{"@type":"WebSite","@id":"https:\/\/villaecolola.com\/es\/#website","url":"https:\/\/villaecolola.com\/es\/","name":"Villa Eco Lola","description":"Menorca","potentialAction":[{"@type":"SearchAction","target":{"@type":"EntryPoint","urlTemplate":"https:\/\/villaecolola.com\/es\/?s={search_term_string}"},"query-input":{"@type":"PropertyValueSpecification","valueRequired":true,"valueName":"search_term_string"}}],"inLanguage":"es"}]}},"_links":{"self":[{"href":"https:\/\/villaecolola.com\/es\/wp-json\/wp\/v2\/pages\/902","targetHints":{"allow":["GET"]}}],"collection":[{"href":"https:\/\/villaecolola.com\/es\/wp-json\/wp\/v2\/pages"}],"about":[{"href":"https:\/\/villaecolola.com\/es\/wp-json\/wp\/v2\/types\/page"}],"author":[{"embeddable":true,"href":"https:\/\/villaecolola.com\/es\/wp-json\/wp\/v2\/users\/2"}],"replies":[{"embeddable":true,"href":"https:\/\/villaecolola.com\/es\/wp-json\/wp\/v2\/comments?post=902"}],"version-history":[{"count":9,"href":"https:\/\/villaecolola.com\/es\/wp-json\/wp\/v2\/pages\/902\/revisions"}],"predecessor-version":[{"id":1501,"href":"https:\/\/villaecolola.com\/es\/wp-json\/wp\/v2\/pages\/902\/revisions\/1501"}],"wp:attachment":[{"href":"https:\/\/villaecolola.com\/es\/wp-json\/wp\/v2\/media?parent=902"}],"curies":[{"name":"wp","href":"https:\/\/api.w.org\/{rel}","templated":true}]}}