{"id":1647,"date":"2021-12-16T17:44:36","date_gmt":"2021-12-16T17:44:36","guid":{"rendered":"https:\/\/villaecolola.com\/contacto\/"},"modified":"2022-04-08T09:25:45","modified_gmt":"2022-04-08T09:25:45","slug":"contacto","status":"publish","type":"page","link":"https:\/\/villaecolola.com\/fr\/contacto\/","title":{"rendered":"Contacter"},"content":{"rendered":"\n\t<section class=\"section\" id=\"section_89026728\">\n\t\t<div class=\"bg section-bg fill bg-fill  \" >\n\n\t\t\t\n\t\t\t<div class=\"section-bg-overlay absolute fill\"><\/div>\n\t\t\t\n\n\t\t<\/div>\n\n\t\t<div class=\"section-content relative\">\n\t\t\t\n\n<div class=\"row align-middle\"  id=\"row-153161586\">\n\n\n\t<div id=\"col-1693940664\" class=\"col medium-12 small-12 large-6\"  >\n\t\t\t\t<div class=\"col-inner\"  >\n\t\t\t\n\t\t\t\n\n\t<div id=\"gap-1951261653\" class=\"gap-element clearfix hide-for-small\" style=\"display:block; height:auto;\">\n\t\t\n<style>\n#gap-1951261653 {\n  padding-top: 10px;\n}\n@media (min-width:850px) {\n  #gap-1951261653 {\n    padding-top: 30px;\n  }\n}\n<\/style>\n\t<\/div>\n\t\n\n\t<div id=\"text-3303820398\" class=\"text\">\n\t\t\n\n<\/p>\n<h1>Demande d&rsquo;informations<br \/>\n<\/h1>\n<p>\n\n\t\t\n<style>\n#text-3303820398 {\n  font-size: 1.35rem;\n  line-height: 1.5;\n  color: rgb(255, 255, 255);\n}\n#text-3303820398 > * {\n  color: rgb(255, 255, 255);\n}\n@media (min-width:550px) {\n  #text-3303820398 {\n    font-size: 2rem;\n  }\n}\n<\/style>\n\t<\/div>\n\t\n\t<div id=\"gap-906563354\" class=\"gap-element clearfix\" style=\"display:block; height:auto;\">\n\t\t\n<style>\n#gap-906563354 {\n  padding-top: 30px;\n}\n<\/style>\n\t<\/div>\n\t\n\n\n\t\t<\/div>\n\t\t\t\t\t<\/div>\n\n\t\n\n\n<style>\n#row-153161586 > .col > .col-inner {\n  padding: 120px 0px 0px 0px;\n}\n@media (min-width:550px) {\n  #row-153161586 > .col > .col-inner {\n    padding: 200px 0px 0px 0px;\n  }\n}\n<\/style>\n<\/div>\n\n\t\t<\/div>\n\n\t\t\n<style>\n#section_89026728 {\n  padding-top: 30px;\n  padding-bottom: 30px;\n  min-height: 250px;\n}\n#section_89026728 .section-bg-overlay {\n  background-color: rgba(0, 0, 0, 0.081);\n}\n#section_89026728 .section-bg.bg-loaded {\n  background-image: url(https:\/\/villaecolola.com\/wp-content\/uploads\/2022\/03\/bini-1.jpg);\n}\n#section_89026728 .section-bg {\n  background-position: 11% 68%;\n}\n@media (min-width:550px) {\n  #section_89026728 {\n    min-height: 450px;\n  }\n}\n<\/style>\n\t<\/section>\n\t\n\t<section class=\"section\" id=\"section_519147300\">\n\t\t<div class=\"bg section-bg fill bg-fill  bg-loaded\" >\n\n\t\t\t\n\t\t\t\n\t\t\t\n\n\t\t<\/div>\n\n\t\t<div class=\"section-content relative\">\n\t\t\t\n\n<div class=\"row align-center\"  id=\"row-846425992\">\n\n\n\t<div id=\"col-2068485742\" class=\"col medium-12 small-12 large-3\"  >\n\t\t\t\t<div class=\"col-inner\"  >\n\t\t\t\n\t\t\t\n\n\t<div id=\"gap-363253921\" class=\"gap-element clearfix\" style=\"display:block; height:auto;\">\n\t\t\n<style>\n#gap-363253921 {\n  padding-top: 10px;\n}\n@media (min-width:550px) {\n  #gap-363253921 {\n    padding-top: 20px;\n  }\n}\n@media (min-width:850px) {\n  #gap-363253921 {\n    padding-top: 30px;\n  }\n}\n<\/style>\n\t<\/div>\n\t\n\n\t<div id=\"text-2885513197\" class=\"text\">\n\t\t\n\n<\/p>\n<h5>T\u00e9l\u00e9phone<\/h5>\n<p>\n\t\t\n<style>\n#text-2885513197 {\n  font-size: 1.55rem;\n}\n<\/style>\n\t<\/div>\n\t\n\t<div id=\"text-675889022\" class=\"text\">\n\t\t\n\n<p>+34 657 378 465<br \/><span style=\"font-weight: 400;\">+34 654 243 477<\/span><\/p>\n\t\t\n<style>\n#text-675889022 {\n  font-size: 0.95rem;\n}\n<\/style>\n\t<\/div>\n\t\n\t<div id=\"text-3358001938\" class=\"text\">\n\t\t\n\n<\/p>\n<h5>Email<\/h5>\n<p>\n\t\t\n<style>\n#text-3358001938 {\n  font-size: 1.55rem;\n}\n<\/style>\n\t<\/div>\n\t\n\t<div id=\"text-1800133522\" class=\"text\">\n\t\t\n\n<p>hola@villaecolola.com<\/p>\n\t\t\n<style>\n#text-1800133522 {\n  font-size: 0.95rem;\n}\n<\/style>\n\t<\/div>\n\t\n\n\t\t<\/div>\n\t\t\t\t\n<style>\n#col-2068485742 > .col-inner {\n  padding: 0px 10% 0px 0px;\n}\n<\/style>\n\t<\/div>\n\n\t\n\n\t<div id=\"col-2047321397\" class=\"col medium-12 small-12 large-3\"  >\n\t\t\t\t<div class=\"col-inner\"  >\n\t\t\t\n\t\t\t\n\n\t<div id=\"gap-1452210792\" class=\"gap-element clearfix\" style=\"display:block; height:auto;\">\n\t\t\n<style>\n#gap-1452210792 {\n  padding-top: 0px;\n}\n@media (min-width:550px) {\n  #gap-1452210792 {\n    padding-top: 20px;\n  }\n}\n@media (min-width:850px) {\n  #gap-1452210792 {\n    padding-top: 30px;\n  }\n}\n<\/style>\n\t<\/div>\n\t\n\n\t<div id=\"text-941162265\" class=\"text\">\n\t\t\n\n<\/p>\n<h5>adresse<\/h5>\n<p>\n\t\t\n<style>\n#text-941162265 {\n  font-size: 1.55rem;\n}\n<\/style>\n\t<\/div>\n\t\n\t<div id=\"text-2209326440\" class=\"text\">\n\t\t\n\n<p><a href=\"https:\/\/www.google.com\/maps\/place\/Villa+eco+Lola+Menorca\/@39.8145302,4.2622496,15z\/data=!4m5!3m4!1s0x0:0x6ae72904e8679a99!8m2!3d39.8145302!4d4.2622496\" target=\"_blank\" rel=\"noopener\">Carrer des Roures 15,<\/a><br \/><a href=\"_wp_link_placeholder\">Marina de Biniancollet, Biniancolla, Sant Lluis<\/a><br \/><a href=\"_wp_link_placeholder\">Menorca, Spain<\/a><\/p>\n\t\t\n<style>\n#text-2209326440 {\n  font-size: 0.95rem;\n}\n<\/style>\n\t<\/div>\n\t\n\t<div id=\"text-2134571107\" class=\"text\">\n\t\t\n\n<p style=\"margin-top:-20px\"><span style=\"font-size: 85%; line-height:10px\"><strong>Situ\u00e9 entre Binibeca<br \/>\net Punta Prima<\/strong><\/span><\/p>\n\t\t\n<style>\n#text-2134571107 {\n  font-size: 0.75rem;\n  color: rgb(13, 145, 150);\n}\n#text-2134571107 > * {\n  color: rgb(13, 145, 150);\n}\n<\/style>\n\t<\/div>\n\t\n<a rel=\"noopener noreferrer\" href=\"https:\/\/www.google.com\/maps\/place\/Villa+eco+Lola+Menorca\/@39.8145302,4.2622496,15z\/data=!4m5!3m4!1s0x0:0x6ae72904e8679a99!8m2!3d39.8145302!4d4.2622496\" target=\"_blank\" class=\"button primary\"  >\n    <span>aller sur Google maps<\/span>\n  <i class=\"icon-angle-right\" ><\/i><\/a>\n\n\n\n\t\t<\/div>\n\t\t\t\t\n<style>\n#col-2047321397 > .col-inner {\n  padding: 0px 10% 0px 0px;\n}\n<\/style>\n\t<\/div>\n\n\t\n\n\t<div id=\"col-1250586365\" class=\"col medium-12 small-12 large-6\"  >\n\t\t\t\t<div class=\"col-inner\" style=\"background-color:rgb(255,255,255);\" >\n\t\t\t\n\t<div class=\"is-border\"\n\t\tstyle=\"border-color:rgb(255, 255, 255);border-width:10px 0px 0px 0px;\">\n\t<\/div>\n\t\t\t\n\n<div id=\"quform-d9b613\" class=\"quform quform-2 quform-theme-hollow quform-support-page-caching\"><form id=\"quform-form-d9b613\" class=\"quform-form quform-form-2\" action=\"\/fr\/wp-json\/wp\/v2\/pages\/1647#quform-d9b613\" method=\"post\" enctype=\"multipart\/form-data\" novalidate=\"novalidate\" data-options=\"{&quot;id&quot;:2,&quot;uniqueId&quot;:&quot;d9b613&quot;,&quot;theme&quot;:&quot;hollow&quot;,&quot;ajax&quot;:true,&quot;logic&quot;:{&quot;logic&quot;:[],&quot;dependents&quot;:[],&quot;elementIds&quot;:[],&quot;dependentElementIds&quot;:[],&quot;animate&quot;:true},&quot;currentPageId&quot;:1,&quot;errorsIcon&quot;:&quot;&quot;,&quot;updateFancybox&quot;:true,&quot;hasPages&quot;:false,&quot;pages&quot;:[1],&quot;pageProgressType&quot;:&quot;numbers&quot;,&quot;tooltipsEnabled&quot;:true,&quot;tooltipClasses&quot;:&quot;qtip-quform-dark qtip-shadow&quot;,&quot;tooltipMy&quot;:&quot;left center&quot;,&quot;tooltipAt&quot;:&quot;right center&quot;,&quot;isRtl&quot;:false,&quot;scrollOffset&quot;:-50,&quot;scrollSpeed&quot;:800}\"><button class=\"quform-default-submit\" name=\"quform_submit\" type=\"submit\" value=\"submit\" aria-hidden=\"true\" tabindex=\"-1\"><\/button><div class=\"quform-form-inner quform-form-inner-2\"><input type=\"hidden\" name=\"quform_form_id\" value=\"2\" \/><input type=\"hidden\" name=\"quform_form_uid\" value=\"d9b613\" \/><input type=\"hidden\" name=\"quform_count\" value=\"1\" \/><input type=\"hidden\" name=\"form_url\" value=\"https:\/\/villaecolola.com\/fr\/wp-json\/wp\/v2\/pages\/1647\" \/><input type=\"hidden\" name=\"referring_url\" value=\"\" \/><input type=\"hidden\" name=\"post_id\" value=\"\" \/><input type=\"hidden\" name=\"post_title\" value=\"\" \/><input type=\"hidden\" name=\"quform_current_page_id\" value=\"1\" \/><input type=\"hidden\" name=\"quform_csrf_token\" value=\"vSRnW3ptQLbgm3Qurj2oRGMdyEl9pvyvMuz79Zz7\" \/><div class=\"quform-elements quform-elements-2 quform-cf quform-responsive-elements-phone-portrait\"><div class=\"quform-element quform-element-page quform-page-1 quform-page-2_1 quform-cf quform-group-style-plain quform-first-page quform-last-page quform-current-page\"><div class=\"quform-child-elements\"><div class=\"quform-element quform-element-row quform-element-row-2_15 quform-1-columns quform-element-row-size-fixed quform-responsive-columns-phone-portrait\"><div class=\"quform-element quform-element-column quform-element-2_16\"><div class=\"quform-element quform-element-text quform-element-2_26 quform-cf quform-labels-inside quform-element-required\"><div class=\"quform-spacer\"><div class=\"quform-label quform-label-2_26\"><label class=\"quform-label-text\" for=\"quform_2_26_d9b613\">Nom, Pr\u00e9nom<span class=\"quform-required\">*<\/span><\/label><\/div><div class=\"quform-inner quform-inner-text quform-inner-2_26 quform-field-size-medium\"><div class=\"quform-input quform-input-text quform-input-2_26 quform-cf\"><input type=\"text\" id=\"quform_2_26_d9b613\" name=\"quform_2_26\" class=\"quform-field quform-field-text quform-field-2_26\" \/><\/div><\/div><\/div><\/div><\/div><\/div><div class=\"quform-element quform-element-row quform-element-row-2_21 quform-2-columns quform-element-row-size-fixed quform-responsive-columns-phone-portrait\"><div class=\"quform-element quform-element-column quform-element-2_22\"><div class=\"quform-element quform-element-email quform-element-2_23 quform-cf quform-labels-inside quform-element-required\"><div class=\"quform-spacer\"><div class=\"quform-label quform-label-2_23\"><label class=\"quform-label-text\" for=\"quform_2_23_d9b613\">Courrier \u00e9lectronique<span class=\"quform-required\">*<\/span><\/label><\/div><div class=\"quform-inner quform-inner-email quform-inner-2_23 quform-field-size-medium\"><div class=\"quform-input quform-input-email quform-input-2_23 quform-cf\"><input type=\"email\" id=\"quform_2_23_d9b613\" name=\"quform_2_23\" class=\"quform-field quform-field-email quform-field-2_23\" \/><\/div><\/div><\/div><\/div><\/div><div class=\"quform-element quform-element-column quform-element-2_24\"><div class=\"quform-element quform-element-text quform-element-2_25 quform-cf quform-labels-inside quform-element-optional\"><div class=\"quform-spacer\"><div class=\"quform-label quform-label-2_25\"><label class=\"quform-label-text\" for=\"quform_2_25_d9b613\">Num\u00e9ro de t\u00e9l\u00e9phone<\/label><\/div><div class=\"quform-inner quform-inner-text quform-inner-2_25 quform-field-size-medium\"><div class=\"quform-input quform-input-text quform-input-2_25 quform-cf\"><input type=\"text\" id=\"quform_2_25_d9b613\" name=\"quform_2_25\" class=\"quform-field quform-field-text quform-field-2_25\" \/><\/div><\/div><\/div><\/div><\/div><\/div><div class=\"quform-element quform-element-textarea quform-element-2_6 quform-cf quform-labels-inside quform-element-required\"><div class=\"quform-spacer\"><div class=\"quform-label quform-label-2_6\"><span class=\"quform-label-icon\"><i class=\"qicon-mode_edit\"><\/i><\/span><label class=\"quform-label-text\" for=\"quform_2_6_d9b613\">\u00c9crire un message<span class=\"quform-required\">*<\/span><\/label><\/div><div class=\"quform-inner quform-inner-textarea quform-inner-2_6 quform-field-size-medium\"><div class=\"quform-input quform-input-textarea quform-input-2_6 quform-cf\"><textarea id=\"quform_2_6_d9b613\" name=\"quform_2_6\" class=\"quform-field quform-field-textarea quform-field-2_6\"><\/textarea><\/div><\/div><\/div><\/div><div class=\"quform-element quform-element-checkbox quform-element-2_30 quform-cf quform-element-required\"><div class=\"quform-spacer\"><div class=\"quform-inner quform-inner-checkbox quform-inner-2_30 quform-field-size-medium\"><div class=\"quform-input quform-input-checkbox quform-input-2_30 quform-cf\"><div class=\"quform-options quform-cf quform-options-block quform-options-simple\"><div class=\"quform-option\"><input type=\"checkbox\" name=\"quform_2_30[]\" id=\"quform_2_30_d9b613_1\" class=\"quform-field quform-field-checkbox quform-field-2_30 quform-field-2_30_1\" value=\"&lt;span style=&quot;font-size: 15px&quot;&gt; J&#039;ai lu et j&#039;accepte&lt;a style=&quot;color:#000;font-size: 15px&quot; href=&quot;#&quot;&gt;&lt;strong&gt;les Politiques de confidentialit\u00e9&lt;\/strong&gt;&lt;\/a&gt; de ce site web.&lt;\/span&gt;\" \/><label for=\"quform_2_30_d9b613_1\" class=\"quform-option-label quform-option-label-2_30_1\"><span class=\"quform-option-text\"><span style=\"font-size: 15px\"> J'ai lu et j'accepte<a style=\"color:#000;font-size: 15px\" href=\"#\"><strong>les Politiques de confidentialit\u00e9<\/strong><\/a> de ce site web.<\/span><\/span><\/label><\/div><\/div><\/div><\/div><\/div><\/div><div class=\"quform-element quform-element-submit quform-element-2_2 quform-cf quform-button-style-theme quform-button-size-fat quform-button-width-full\"><div class=\"quform-button-submit quform-button-submit-default quform-button-submit-2_2\"><button name=\"quform_submit\" type=\"submit\" class=\"quform-submit\" value=\"submit\"><span class=\"quform-button-text quform-button-submit-text\">Enviar<\/span><\/button><\/div><div class=\"quform-loading quform-loading-position-left quform-loading-type-spinner-1\"><div class=\"quform-loading-inner\"><div class=\"quform-loading-spinner\"><div class=\"quform-loading-spinner-inner\"><\/div><\/div><\/div><\/div><\/div><div class=\"quform-element quform-element-recaptcha quform-element-2_34 quform-cf quform-element-required quform-recaptcha-no-size\"><div class=\"quform-spacer\"><div class=\"quform-inner quform-inner-recaptcha quform-inner-2_34 quform-field-size-medium\"><div class=\"quform-input quform-input-recaptcha quform-input-2_34 quform-cf\"><div class=\"quform-recaptcha\" data-config=\"{&quot;sitekey&quot;:&quot;6Lc5upokAAAAAJYRt9rWffUg-yG3Sg1IfdArMJ-B&quot;,&quot;_version&quot;:&quot;v3&quot;,&quot;size&quot;:&quot;invisible&quot;,&quot;type&quot;:&quot;image&quot;,&quot;theme&quot;:&quot;light&quot;,&quot;badge&quot;:&quot;bottomright&quot;}\"><\/div><noscript>Veuillez activer JavaScript pour l&#039;envoi de ce formulaire.<\/noscript><\/div><\/div><\/div><\/div><div class=\"quform-element-tree\"><label for=\"quform_2_0_d9b613\">Ce champ devrait \u00eatre laiss\u00e9 vide<\/label><input type=\"text\" id=\"quform_2_0_d9b613\" name=\"quform_2_0\" class=\"quform-field quform-field-tree quform-field-2_0\" tabindex=\"-1\" autocomplete=\"off\" \/><\/div><\/div><\/div><\/div><\/div><\/form><\/div>\n\n\t\t<\/div>\n\t\t\t\t\n<style>\n#col-1250586365 > .col-inner {\n  padding: 10% 10% 10% 10%;\n  margin: 2px 0px 0px 0px;\n}\n@media (min-width:550px) {\n  #col-1250586365 > .col-inner {\n    margin: -172px 0px 0px 0px;\n  }\n}\n<\/style>\n\t<\/div>\n\n\t\n\n<\/div>\n\n\t\t<\/div>\n\n\t\t\n<style>\n#section_519147300 {\n  padding-top: 30px;\n  padding-bottom: 30px;\n  background-color: rgb(237, 241, 241);\n}\n<\/style>\n\t<\/section>\n\t\n","protected":false},"excerpt":{"rendered":"","protected":false},"author":2,"featured_media":0,"parent":0,"menu_order":0,"comment_status":"closed","ping_status":"closed","template":"page-transparent-header-light.php","meta":{"_joinchat":[],"footnotes":""},"class_list":["post-1647","page","type-page","status-publish","hentry"],"yoast_head":"<!-- This site is optimized with the Yoast SEO Premium plugin v21.8 (Yoast SEO v27.4) - https:\/\/yoast.com\/product\/yoast-seo-premium-wordpress\/ -->\n<title>Contacter - Villa Eco Lola<\/title>\n<meta name=\"robots\" content=\"index, follow, max-snippet:-1, max-image-preview:large, max-video-preview:-1\" \/>\n<link rel=\"canonical\" href=\"https:\/\/villaecolola.com\/es\/contacto\/\" \/>\n<meta property=\"og:locale\" content=\"fr_FR\" \/>\n<meta property=\"og:type\" content=\"article\" \/>\n<meta property=\"og:title\" content=\"Contacter\" \/>\n<meta property=\"og:url\" content=\"https:\/\/villaecolola.com\/es\/contacto\/\" \/>\n<meta property=\"og:site_name\" content=\"Villa Eco Lola\" \/>\n<meta property=\"article:modified_time\" content=\"2022-04-08T09:25:45+00:00\" \/>\n<meta name=\"twitter:card\" content=\"summary_large_image\" \/>\n<meta name=\"twitter:label1\" content=\"Dur\u00e9e de lecture estim\u00e9e\" \/>\n\t<meta name=\"twitter:data1\" content=\"1 minute\" \/>\n<script type=\"application\/ld+json\" class=\"yoast-schema-graph\">{\"@context\":\"https:\\\/\\\/schema.org\",\"@graph\":[{\"@type\":\"WebPage\",\"@id\":\"https:\\\/\\\/villaecolola.com\\\/es\\\/contacto\\\/\",\"url\":\"https:\\\/\\\/villaecolola.com\\\/es\\\/contacto\\\/\",\"name\":\"Contacter - Villa Eco Lola\",\"isPartOf\":{\"@id\":\"https:\\\/\\\/villaecolola.com\\\/es\\\/#website\"},\"datePublished\":\"2021-12-16T17:44:36+00:00\",\"dateModified\":\"2022-04-08T09:25:45+00:00\",\"breadcrumb\":{\"@id\":\"https:\\\/\\\/villaecolola.com\\\/es\\\/contacto\\\/#breadcrumb\"},\"inLanguage\":\"fr-FR\",\"potentialAction\":[{\"@type\":\"ReadAction\",\"target\":[\"https:\\\/\\\/villaecolola.com\\\/es\\\/contacto\\\/\"]}]},{\"@type\":\"BreadcrumbList\",\"@id\":\"https:\\\/\\\/villaecolola.com\\\/es\\\/contacto\\\/#breadcrumb\",\"itemListElement\":[{\"@type\":\"ListItem\",\"position\":1,\"name\":\"Home\",\"item\":\"https:\\\/\\\/villaecolola.com\\\/fr\\\/\"},{\"@type\":\"ListItem\",\"position\":2,\"name\":\"Contacter\"}]},{\"@type\":\"WebSite\",\"@id\":\"https:\\\/\\\/villaecolola.com\\\/es\\\/#website\",\"url\":\"https:\\\/\\\/villaecolola.com\\\/es\\\/\",\"name\":\"Villa Eco Lola\",\"description\":\"Menorca\",\"potentialAction\":[{\"@type\":\"SearchAction\",\"target\":{\"@type\":\"EntryPoint\",\"urlTemplate\":\"https:\\\/\\\/villaecolola.com\\\/es\\\/?s={search_term_string}\"},\"query-input\":{\"@type\":\"PropertyValueSpecification\",\"valueRequired\":true,\"valueName\":\"search_term_string\"}}],\"inLanguage\":\"fr-FR\"}]}<\/script>\n<!-- \/ Yoast SEO Premium plugin. -->","yoast_head_json":{"title":"Contacter - Villa Eco Lola","robots":{"index":"index","follow":"follow","max-snippet":"max-snippet:-1","max-image-preview":"max-image-preview:large","max-video-preview":"max-video-preview:-1"},"canonical":"https:\/\/villaecolola.com\/es\/contacto\/","og_locale":"fr_FR","og_type":"article","og_title":"Contacter","og_url":"https:\/\/villaecolola.com\/es\/contacto\/","og_site_name":"Villa Eco Lola","article_modified_time":"2022-04-08T09:25:45+00:00","twitter_card":"summary_large_image","twitter_misc":{"Dur\u00e9e de lecture estim\u00e9e":"1 minute"},"schema":{"@context":"https:\/\/schema.org","@graph":[{"@type":"WebPage","@id":"https:\/\/villaecolola.com\/es\/contacto\/","url":"https:\/\/villaecolola.com\/es\/contacto\/","name":"Contacter - Villa Eco Lola","isPartOf":{"@id":"https:\/\/villaecolola.com\/es\/#website"},"datePublished":"2021-12-16T17:44:36+00:00","dateModified":"2022-04-08T09:25:45+00:00","breadcrumb":{"@id":"https:\/\/villaecolola.com\/es\/contacto\/#breadcrumb"},"inLanguage":"fr-FR","potentialAction":[{"@type":"ReadAction","target":["https:\/\/villaecolola.com\/es\/contacto\/"]}]},{"@type":"BreadcrumbList","@id":"https:\/\/villaecolola.com\/es\/contacto\/#breadcrumb","itemListElement":[{"@type":"ListItem","position":1,"name":"Home","item":"https:\/\/villaecolola.com\/fr\/"},{"@type":"ListItem","position":2,"name":"Contacter"}]},{"@type":"WebSite","@id":"https:\/\/villaecolola.com\/es\/#website","url":"https:\/\/villaecolola.com\/es\/","name":"Villa Eco Lola","description":"Menorca","potentialAction":[{"@type":"SearchAction","target":{"@type":"EntryPoint","urlTemplate":"https:\/\/villaecolola.com\/es\/?s={search_term_string}"},"query-input":{"@type":"PropertyValueSpecification","valueRequired":true,"valueName":"search_term_string"}}],"inLanguage":"fr-FR"}]}},"_links":{"self":[{"href":"https:\/\/villaecolola.com\/fr\/wp-json\/wp\/v2\/pages\/1647","targetHints":{"allow":["GET"]}}],"collection":[{"href":"https:\/\/villaecolola.com\/fr\/wp-json\/wp\/v2\/pages"}],"about":[{"href":"https:\/\/villaecolola.com\/fr\/wp-json\/wp\/v2\/types\/page"}],"author":[{"embeddable":true,"href":"https:\/\/villaecolola.com\/fr\/wp-json\/wp\/v2\/users\/2"}],"replies":[{"embeddable":true,"href":"https:\/\/villaecolola.com\/fr\/wp-json\/wp\/v2\/comments?post=1647"}],"version-history":[{"count":6,"href":"https:\/\/villaecolola.com\/fr\/wp-json\/wp\/v2\/pages\/1647\/revisions"}],"predecessor-version":[{"id":1708,"href":"https:\/\/villaecolola.com\/fr\/wp-json\/wp\/v2\/pages\/1647\/revisions\/1708"}],"wp:attachment":[{"href":"https:\/\/villaecolola.com\/fr\/wp-json\/wp\/v2\/media?parent=1647"}],"curies":[{"name":"wp","href":"https:\/\/api.w.org\/{rel}","templated":true}]}}