{"id":1651,"date":"2022-02-07T13:46:48","date_gmt":"2022-02-07T13:46:48","guid":{"rendered":"https:\/\/villaecolola.com\/exteriores\/"},"modified":"2022-04-06T16:47:00","modified_gmt":"2022-04-06T16:47:00","slug":"exteriores","status":"publish","type":"page","link":"https:\/\/villaecolola.com\/fr\/exteriores\/","title":{"rendered":"Ext\u00e9rieur"},"content":{"rendered":"\n\t<section class=\"section\" id=\"section_1136422436\">\n\t\t<div class=\"bg section-bg fill bg-fill  bg-loaded\" >\n\n\t\t\t\n\t\t\t\n\t\t\t\n\n\t\t<\/div>\n\n\t\t<div class=\"section-content relative\">\n\t\t\t\n\n<div class=\"row row-collapse row-full-width\"  id=\"row-140506769\">\n\n\n\t<div id=\"col-342491951\" class=\"col small-12 large-12\"  >\n\t\t\t\t<div class=\"col-inner\"  >\n\t\t\t\n\t\t\t\n\n<div class=\"row row-collapse row-full-width align-middle\"  id=\"row-659302863\">\n\n\n\t<div id=\"col-279716307\" class=\"col medium-12 small-12 large-8 medium-col-first\"  >\n\t\t\t\t<div class=\"col-inner\"  >\n\t\t\t\n\t\t\t\n\n<div class=\"slider-wrapper relative\" id=\"slider-1251220865\" >\n    <div class=\"slider slider-nav-simple slider-nav-large slider-nav-light slider-style-normal\"\n        data-flickity-options='{\n            \"cellAlign\": \"center\",\n            \"imagesLoaded\": true,\n            \"lazyLoad\": 1,\n            \"freeScroll\": false,\n            \"wrapAround\": true,\n            \"autoPlay\": 6000,\n            \"pauseAutoPlayOnHover\" : true,\n            \"prevNextButtons\": true,\n            \"contain\" : true,\n            \"adaptiveHeight\" : true,\n            \"dragThreshold\" : 10,\n            \"percentPosition\": true,\n            \"pageDots\": true,\n            \"rightToLeft\": false,\n            \"draggable\": true,\n            \"selectedAttraction\": 0.1,\n            \"parallax\" : 0,\n            \"friction\": 0.6        }'\n        >\n        \n\n\t<div class=\"img has-hover x md-x lg-x y md-y lg-y\" id=\"image_1722848354\">\n\t\t<a class=\"image-lightbox lightbox-gallery\" title=\"\" href=\"https:\/\/villaecolola.com\/wp-content\/uploads\/2022\/02\/exte5.jpg\">\t\t\t\t\t\t<div class=\"img-inner dark\" >\n\t\t\t<img loading=\"lazy\" decoding=\"async\" width=\"1020\" height=\"680\" src=\"https:\/\/villaecolola.com\/wp-content\/uploads\/2022\/02\/exte5-1024x683.jpg\" class=\"attachment-large size-large\" alt=\"\" srcset=\"https:\/\/villaecolola.com\/wp-content\/uploads\/2022\/02\/exte5-1024x683.jpg 1024w, https:\/\/villaecolola.com\/wp-content\/uploads\/2022\/02\/exte5-300x200.jpg 300w, https:\/\/villaecolola.com\/wp-content\/uploads\/2022\/02\/exte5-768x512.jpg 768w, https:\/\/villaecolola.com\/wp-content\/uploads\/2022\/02\/exte5-510x340.jpg 510w, https:\/\/villaecolola.com\/wp-content\/uploads\/2022\/02\/exte5.jpg 1200w\" sizes=\"auto, (max-width: 1020px) 100vw, 1020px\" \/>\t\t\t\t\t\t\n\t\t\t\t\t<\/div>\n\t\t\t\t\t\t<\/a>\t\t\n<style>\n#image_1722848354 {\n  width: 100%;\n}\n<\/style>\n\t<\/div>\n\t\n\n\t<div class=\"img has-hover x md-x lg-x y md-y lg-y\" id=\"image_1185576509\">\n\t\t<a class=\"image-lightbox lightbox-gallery\" title=\"\" href=\"https:\/\/villaecolola.com\/wp-content\/uploads\/2022\/02\/ext5.jpg\">\t\t\t\t\t\t<div class=\"img-inner dark\" >\n\t\t\t<img loading=\"lazy\" decoding=\"async\" width=\"1020\" height=\"680\" src=\"https:\/\/villaecolola.com\/wp-content\/uploads\/2022\/02\/ext5-1024x683.jpg\" class=\"attachment-large size-large\" alt=\"apartamento en menorca vacaciones\" srcset=\"https:\/\/villaecolola.com\/wp-content\/uploads\/2022\/02\/ext5-1024x683.jpg 1024w, https:\/\/villaecolola.com\/wp-content\/uploads\/2022\/02\/ext5-300x200.jpg 300w, https:\/\/villaecolola.com\/wp-content\/uploads\/2022\/02\/ext5-768x512.jpg 768w, https:\/\/villaecolola.com\/wp-content\/uploads\/2022\/02\/ext5-510x340.jpg 510w, https:\/\/villaecolola.com\/wp-content\/uploads\/2022\/02\/ext5.jpg 1200w\" sizes=\"auto, (max-width: 1020px) 100vw, 1020px\" \/>\t\t\t\t\t\t\n\t\t\t\t\t<\/div>\n\t\t\t\t\t\t<\/a>\t\t\n<style>\n#image_1185576509 {\n  width: 100%;\n}\n<\/style>\n\t<\/div>\n\t\n\n\t<div class=\"img has-hover x md-x lg-x y md-y lg-y\" id=\"image_647407374\">\n\t\t<a class=\"image-lightbox lightbox-gallery\" title=\"\" href=\"https:\/\/villaecolola.com\/wp-content\/uploads\/2022\/02\/exte3.jpg\">\t\t\t\t\t\t<div class=\"img-inner dark\" >\n\t\t\t<img loading=\"lazy\" decoding=\"async\" width=\"1020\" height=\"680\" src=\"https:\/\/villaecolola.com\/wp-content\/uploads\/2022\/02\/exte3-1024x683.jpg\" class=\"attachment-large size-large\" alt=\"\" srcset=\"https:\/\/villaecolola.com\/wp-content\/uploads\/2022\/02\/exte3-1024x683.jpg 1024w, https:\/\/villaecolola.com\/wp-content\/uploads\/2022\/02\/exte3-300x200.jpg 300w, https:\/\/villaecolola.com\/wp-content\/uploads\/2022\/02\/exte3-768x512.jpg 768w, https:\/\/villaecolola.com\/wp-content\/uploads\/2022\/02\/exte3-510x340.jpg 510w, https:\/\/villaecolola.com\/wp-content\/uploads\/2022\/02\/exte3.jpg 1200w\" sizes=\"auto, (max-width: 1020px) 100vw, 1020px\" \/>\t\t\t\t\t\t\n\t\t\t\t\t<\/div>\n\t\t\t\t\t\t<\/a>\t\t\n<style>\n#image_647407374 {\n  width: 100%;\n}\n<\/style>\n\t<\/div>\n\t\n\n\t<div class=\"img has-hover x md-x lg-x y md-y lg-y\" id=\"image_2059421876\">\n\t\t<a class=\"image-lightbox lightbox-gallery\" title=\"\" href=\"https:\/\/villaecolola.com\/wp-content\/uploads\/2022\/02\/ext9.jpg\">\t\t\t\t\t\t<div class=\"img-inner dark\" >\n\t\t\t<img loading=\"lazy\" decoding=\"async\" width=\"1020\" height=\"680\" src=\"https:\/\/villaecolola.com\/wp-content\/uploads\/2022\/02\/ext9-1024x683.jpg\" class=\"attachment-large size-large\" alt=\"\" srcset=\"https:\/\/villaecolola.com\/wp-content\/uploads\/2022\/02\/ext9-1024x683.jpg 1024w, https:\/\/villaecolola.com\/wp-content\/uploads\/2022\/02\/ext9-300x200.jpg 300w, https:\/\/villaecolola.com\/wp-content\/uploads\/2022\/02\/ext9-768x512.jpg 768w, https:\/\/villaecolola.com\/wp-content\/uploads\/2022\/02\/ext9-510x340.jpg 510w, https:\/\/villaecolola.com\/wp-content\/uploads\/2022\/02\/ext9.jpg 1200w\" sizes=\"auto, (max-width: 1020px) 100vw, 1020px\" \/>\t\t\t\t\t\t\n\t\t\t\t\t<\/div>\n\t\t\t\t\t\t<\/a>\t\t\n<style>\n#image_2059421876 {\n  width: 100%;\n}\n<\/style>\n\t<\/div>\n\t\n\n\t<div class=\"img has-hover x md-x lg-x y md-y lg-y\" id=\"image_1404818170\">\n\t\t<a class=\"image-lightbox lightbox-gallery\" title=\"\" href=\"https:\/\/villaecolola.com\/wp-content\/uploads\/2022\/02\/ext-2.jpg\">\t\t\t\t\t\t<div class=\"img-inner dark\" >\n\t\t\t<img loading=\"lazy\" decoding=\"async\" width=\"1020\" height=\"680\" src=\"https:\/\/villaecolola.com\/wp-content\/uploads\/2022\/02\/ext-2-1024x683.jpg\" class=\"attachment-large size-large\" alt=\"\" srcset=\"https:\/\/villaecolola.com\/wp-content\/uploads\/2022\/02\/ext-2-1024x683.jpg 1024w, https:\/\/villaecolola.com\/wp-content\/uploads\/2022\/02\/ext-2-300x200.jpg 300w, https:\/\/villaecolola.com\/wp-content\/uploads\/2022\/02\/ext-2-768x512.jpg 768w, https:\/\/villaecolola.com\/wp-content\/uploads\/2022\/02\/ext-2-510x340.jpg 510w, https:\/\/villaecolola.com\/wp-content\/uploads\/2022\/02\/ext-2.jpg 1200w\" sizes=\"auto, (max-width: 1020px) 100vw, 1020px\" \/>\t\t\t\t\t\t\n\t\t\t\t\t<\/div>\n\t\t\t\t\t\t<\/a>\t\t\n<style>\n#image_1404818170 {\n  width: 100%;\n}\n<\/style>\n\t<\/div>\n\t\n\n\t<div class=\"img has-hover x md-x lg-x y md-y lg-y\" id=\"image_211103672\">\n\t\t<a class=\"image-lightbox lightbox-gallery\" title=\"\" href=\"https:\/\/villaecolola.com\/wp-content\/uploads\/2022\/02\/ext8.jpg\">\t\t\t\t\t\t<div class=\"img-inner dark\" >\n\t\t\t<img loading=\"lazy\" decoding=\"async\" width=\"1020\" height=\"680\" src=\"https:\/\/villaecolola.com\/wp-content\/uploads\/2022\/02\/ext8-1024x683.jpg\" class=\"attachment-large size-large\" alt=\"\" srcset=\"https:\/\/villaecolola.com\/wp-content\/uploads\/2022\/02\/ext8-1024x683.jpg 1024w, https:\/\/villaecolola.com\/wp-content\/uploads\/2022\/02\/ext8-300x200.jpg 300w, https:\/\/villaecolola.com\/wp-content\/uploads\/2022\/02\/ext8-768x512.jpg 768w, https:\/\/villaecolola.com\/wp-content\/uploads\/2022\/02\/ext8-510x340.jpg 510w, https:\/\/villaecolola.com\/wp-content\/uploads\/2022\/02\/ext8.jpg 1200w\" sizes=\"auto, (max-width: 1020px) 100vw, 1020px\" \/>\t\t\t\t\t\t\n\t\t\t\t\t<\/div>\n\t\t\t\t\t\t<\/a>\t\t\n<style>\n#image_211103672 {\n  width: 100%;\n}\n<\/style>\n\t<\/div>\n\t\n\n\t<div class=\"img has-hover x md-x lg-x y md-y lg-y\" id=\"image_754673743\">\n\t\t<a class=\"image-lightbox lightbox-gallery\" title=\"\" href=\"https:\/\/villaecolola.com\/wp-content\/uploads\/2022\/02\/exte3.jpg\">\t\t\t\t\t\t<div class=\"img-inner dark\" >\n\t\t\t<img loading=\"lazy\" decoding=\"async\" width=\"1020\" height=\"680\" src=\"https:\/\/villaecolola.com\/wp-content\/uploads\/2022\/02\/exte3-1024x683.jpg\" class=\"attachment-large size-large\" alt=\"\" srcset=\"https:\/\/villaecolola.com\/wp-content\/uploads\/2022\/02\/exte3-1024x683.jpg 1024w, https:\/\/villaecolola.com\/wp-content\/uploads\/2022\/02\/exte3-300x200.jpg 300w, https:\/\/villaecolola.com\/wp-content\/uploads\/2022\/02\/exte3-768x512.jpg 768w, https:\/\/villaecolola.com\/wp-content\/uploads\/2022\/02\/exte3-510x340.jpg 510w, https:\/\/villaecolola.com\/wp-content\/uploads\/2022\/02\/exte3.jpg 1200w\" sizes=\"auto, (max-width: 1020px) 100vw, 1020px\" \/>\t\t\t\t\t\t\n\t\t\t\t\t<\/div>\n\t\t\t\t\t\t<\/a>\t\t\n<style>\n#image_754673743 {\n  width: 100%;\n}\n<\/style>\n\t<\/div>\n\t\n\n\t<div class=\"img has-hover x md-x lg-x y md-y lg-y\" id=\"image_1037666185\">\n\t\t<a class=\"image-lightbox lightbox-gallery\" title=\"\" href=\"https:\/\/villaecolola.com\/wp-content\/uploads\/2022\/02\/ext3.jpg\">\t\t\t\t\t\t<div class=\"img-inner dark\" >\n\t\t\t<img loading=\"lazy\" decoding=\"async\" width=\"1020\" height=\"680\" src=\"https:\/\/villaecolola.com\/wp-content\/uploads\/2022\/02\/ext3-1024x683.jpg\" class=\"attachment-large size-large\" alt=\"casa para familia en menorca con piscina\" srcset=\"https:\/\/villaecolola.com\/wp-content\/uploads\/2022\/02\/ext3-1024x683.jpg 1024w, https:\/\/villaecolola.com\/wp-content\/uploads\/2022\/02\/ext3-300x200.jpg 300w, https:\/\/villaecolola.com\/wp-content\/uploads\/2022\/02\/ext3-768x512.jpg 768w, https:\/\/villaecolola.com\/wp-content\/uploads\/2022\/02\/ext3-510x340.jpg 510w, https:\/\/villaecolola.com\/wp-content\/uploads\/2022\/02\/ext3.jpg 1200w\" sizes=\"auto, (max-width: 1020px) 100vw, 1020px\" \/>\t\t\t\t\t\t\n\t\t\t\t\t<\/div>\n\t\t\t\t\t\t<\/a>\t\t\n<style>\n#image_1037666185 {\n  width: 100%;\n}\n<\/style>\n\t<\/div>\n\t\n\n\t<div class=\"img has-hover x md-x lg-x y md-y lg-y\" id=\"image_1379843824\">\n\t\t<a class=\"image-lightbox lightbox-gallery\" title=\"\" href=\"https:\/\/villaecolola.com\/wp-content\/uploads\/2022\/02\/ext7.jpg\">\t\t\t\t\t\t<div class=\"img-inner dark\" >\n\t\t\t<img loading=\"lazy\" decoding=\"async\" width=\"1020\" height=\"680\" src=\"https:\/\/villaecolola.com\/wp-content\/uploads\/2022\/02\/ext7-1024x683.jpg\" class=\"attachment-large size-large\" alt=\"\" srcset=\"https:\/\/villaecolola.com\/wp-content\/uploads\/2022\/02\/ext7-1024x683.jpg 1024w, https:\/\/villaecolola.com\/wp-content\/uploads\/2022\/02\/ext7-300x200.jpg 300w, https:\/\/villaecolola.com\/wp-content\/uploads\/2022\/02\/ext7-768x512.jpg 768w, https:\/\/villaecolola.com\/wp-content\/uploads\/2022\/02\/ext7-510x340.jpg 510w, https:\/\/villaecolola.com\/wp-content\/uploads\/2022\/02\/ext7.jpg 1200w\" sizes=\"auto, (max-width: 1020px) 100vw, 1020px\" \/>\t\t\t\t\t\t\n\t\t\t\t\t<\/div>\n\t\t\t\t\t\t<\/a>\t\t\n<style>\n#image_1379843824 {\n  width: 100%;\n}\n<\/style>\n\t<\/div>\n\t\n\n\n     <\/div>\n\n     <div class=\"loading-spin dark large centered\"><\/div>\n\n     \t<\/div>\n\n\n\n\t\t<\/div>\n\t\t\t\t\t<\/div>\n\n\t\n\n\t<div id=\"col-2039890102\" class=\"col medium-12 small-12 large-3\"  >\n\t\t\t\t<div class=\"col-inner\"  >\n\t\t\t\n\t\t\t\n\n<h2>Ext\u00e9rieur<\/h2>\n\n\t<div id=\"gap-933557676\" class=\"gap-element clearfix\" style=\"display:block; height:auto;\">\n\t\t\n<style>\n#gap-933557676 {\n  padding-top: 18px;\n}\n<\/style>\n\t<\/div>\n\t\n\n\t<div id=\"text-1359854766\" class=\"text\">\n\t\t\n\n<p>Nous disposons d&rsquo;un jardin de 440 m2, d&rsquo;un solarium avec chaises longues et parasols, d&rsquo;une piscine 8\u00d74, d&rsquo;une douche solaire et d&rsquo;un barbecue. La pelouse et le reste du jardin sont con\u00e7us dans le respect des normes les plus strictes en mati\u00e8re d&rsquo;\u00e9conomie d&rsquo;eau.<\/p>\n<p>Dans le porche, vous appr\u00e9cierez les d\u00eeners et les repas en plein air avec auvent et espace de d\u00e9tente avec fauteuils.<\/p>\n\n\t\t\n<style>\n#text-1359854766 {\n  font-size: 4rem;\n}\n<\/style>\n\t<\/div>\n\t\n\n\t\t<\/div>\n\t\t\t\t\t<\/div>\n\n\t\n\n\n<style>\n#row-659302863 > .col > .col-inner {\n  padding: 20px 10px 10px 10px;\n}\n@media (min-width:550px) {\n  #row-659302863 > .col > .col-inner {\n    padding: 15px 31px 15px 31px;\n  }\n}\n@media (min-width:850px) {\n  #row-659302863 > .col > .col-inner {\n    padding: 45px 0px 35px 50px;\n  }\n}\n<\/style>\n<\/div>\n\t<div id=\"gap-816594565\" class=\"gap-element clearfix\" style=\"display:block; height:auto;\">\n\t\t\n<style>\n#gap-816594565 {\n  padding-top: 100px;\n}\n<\/style>\n\t<\/div>\n\t\n\n\n\t\t<\/div>\n\t\t\t\t\t<\/div>\n\n\t\n\n\n<style>\n#row-140506769 > .col > .col-inner {\n  padding: 30px 0px 30px 0px;\n  background-color: rgb(230, 246, 244);\n}\n<\/style>\n<\/div>\n\n\t\t<\/div>\n\n\t\t\n<style>\n#section_1136422436 {\n  padding-top: 0px;\n  padding-bottom: 0px;\n}\n<\/style>\n\t<\/section>\n\t\n","protected":false},"excerpt":{"rendered":"","protected":false},"author":2,"featured_media":0,"parent":0,"menu_order":0,"comment_status":"closed","ping_status":"closed","template":"page-blank.php","meta":{"_joinchat":[],"footnotes":""},"class_list":["post-1651","page","type-page","status-publish","hentry"],"yoast_head":"<!-- This site is optimized with the Yoast SEO Premium plugin v21.8 (Yoast SEO v27.4) - https:\/\/yoast.com\/product\/yoast-seo-premium-wordpress\/ -->\n<title>Ext\u00e9rieur - Villa Eco Lola<\/title>\n<meta name=\"robots\" content=\"index, follow, max-snippet:-1, max-image-preview:large, max-video-preview:-1\" \/>\n<link rel=\"canonical\" href=\"https:\/\/villaecolola.com\/es\/exteriores\/\" \/>\n<meta property=\"og:locale\" content=\"fr_FR\" \/>\n<meta property=\"og:type\" content=\"article\" \/>\n<meta property=\"og:title\" content=\"Ext\u00e9rieur\" \/>\n<meta property=\"og:url\" content=\"https:\/\/villaecolola.com\/es\/exteriores\/\" \/>\n<meta property=\"og:site_name\" content=\"Villa Eco Lola\" \/>\n<meta property=\"article:modified_time\" content=\"2022-04-06T16:47:00+00:00\" \/>\n<meta name=\"twitter:card\" content=\"summary_large_image\" \/>\n<meta name=\"twitter:label1\" content=\"Dur\u00e9e de lecture estim\u00e9e\" \/>\n\t<meta name=\"twitter:data1\" content=\"1 minute\" \/>\n<script type=\"application\/ld+json\" class=\"yoast-schema-graph\">{\"@context\":\"https:\\\/\\\/schema.org\",\"@graph\":[{\"@type\":\"WebPage\",\"@id\":\"https:\\\/\\\/villaecolola.com\\\/es\\\/exteriores\\\/\",\"url\":\"https:\\\/\\\/villaecolola.com\\\/es\\\/exteriores\\\/\",\"name\":\"Ext\u00e9rieur - Villa Eco Lola\",\"isPartOf\":{\"@id\":\"https:\\\/\\\/villaecolola.com\\\/es\\\/#website\"},\"datePublished\":\"2022-02-07T13:46:48+00:00\",\"dateModified\":\"2022-04-06T16:47:00+00:00\",\"breadcrumb\":{\"@id\":\"https:\\\/\\\/villaecolola.com\\\/es\\\/exteriores\\\/#breadcrumb\"},\"inLanguage\":\"fr-FR\",\"potentialAction\":[{\"@type\":\"ReadAction\",\"target\":[\"https:\\\/\\\/villaecolola.com\\\/es\\\/exteriores\\\/\"]}]},{\"@type\":\"BreadcrumbList\",\"@id\":\"https:\\\/\\\/villaecolola.com\\\/es\\\/exteriores\\\/#breadcrumb\",\"itemListElement\":[{\"@type\":\"ListItem\",\"position\":1,\"name\":\"Home\",\"item\":\"https:\\\/\\\/villaecolola.com\\\/fr\\\/\"},{\"@type\":\"ListItem\",\"position\":2,\"name\":\"Ext\u00e9rieur\"}]},{\"@type\":\"WebSite\",\"@id\":\"https:\\\/\\\/villaecolola.com\\\/es\\\/#website\",\"url\":\"https:\\\/\\\/villaecolola.com\\\/es\\\/\",\"name\":\"Villa Eco Lola\",\"description\":\"Menorca\",\"potentialAction\":[{\"@type\":\"SearchAction\",\"target\":{\"@type\":\"EntryPoint\",\"urlTemplate\":\"https:\\\/\\\/villaecolola.com\\\/es\\\/?s={search_term_string}\"},\"query-input\":{\"@type\":\"PropertyValueSpecification\",\"valueRequired\":true,\"valueName\":\"search_term_string\"}}],\"inLanguage\":\"fr-FR\"}]}<\/script>\n<!-- \/ Yoast SEO Premium plugin. -->","yoast_head_json":{"title":"Ext\u00e9rieur - Villa Eco Lola","robots":{"index":"index","follow":"follow","max-snippet":"max-snippet:-1","max-image-preview":"max-image-preview:large","max-video-preview":"max-video-preview:-1"},"canonical":"https:\/\/villaecolola.com\/es\/exteriores\/","og_locale":"fr_FR","og_type":"article","og_title":"Ext\u00e9rieur","og_url":"https:\/\/villaecolola.com\/es\/exteriores\/","og_site_name":"Villa Eco Lola","article_modified_time":"2022-04-06T16:47:00+00:00","twitter_card":"summary_large_image","twitter_misc":{"Dur\u00e9e de lecture estim\u00e9e":"1 minute"},"schema":{"@context":"https:\/\/schema.org","@graph":[{"@type":"WebPage","@id":"https:\/\/villaecolola.com\/es\/exteriores\/","url":"https:\/\/villaecolola.com\/es\/exteriores\/","name":"Ext\u00e9rieur - Villa Eco Lola","isPartOf":{"@id":"https:\/\/villaecolola.com\/es\/#website"},"datePublished":"2022-02-07T13:46:48+00:00","dateModified":"2022-04-06T16:47:00+00:00","breadcrumb":{"@id":"https:\/\/villaecolola.com\/es\/exteriores\/#breadcrumb"},"inLanguage":"fr-FR","potentialAction":[{"@type":"ReadAction","target":["https:\/\/villaecolola.com\/es\/exteriores\/"]}]},{"@type":"BreadcrumbList","@id":"https:\/\/villaecolola.com\/es\/exteriores\/#breadcrumb","itemListElement":[{"@type":"ListItem","position":1,"name":"Home","item":"https:\/\/villaecolola.com\/fr\/"},{"@type":"ListItem","position":2,"name":"Ext\u00e9rieur"}]},{"@type":"WebSite","@id":"https:\/\/villaecolola.com\/es\/#website","url":"https:\/\/villaecolola.com\/es\/","name":"Villa Eco Lola","description":"Menorca","potentialAction":[{"@type":"SearchAction","target":{"@type":"EntryPoint","urlTemplate":"https:\/\/villaecolola.com\/es\/?s={search_term_string}"},"query-input":{"@type":"PropertyValueSpecification","valueRequired":true,"valueName":"search_term_string"}}],"inLanguage":"fr-FR"}]}},"_links":{"self":[{"href":"https:\/\/villaecolola.com\/fr\/wp-json\/wp\/v2\/pages\/1651","targetHints":{"allow":["GET"]}}],"collection":[{"href":"https:\/\/villaecolola.com\/fr\/wp-json\/wp\/v2\/pages"}],"about":[{"href":"https:\/\/villaecolola.com\/fr\/wp-json\/wp\/v2\/types\/page"}],"author":[{"embeddable":true,"href":"https:\/\/villaecolola.com\/fr\/wp-json\/wp\/v2\/users\/2"}],"replies":[{"embeddable":true,"href":"https:\/\/villaecolola.com\/fr\/wp-json\/wp\/v2\/comments?post=1651"}],"version-history":[{"count":3,"href":"https:\/\/villaecolola.com\/fr\/wp-json\/wp\/v2\/pages\/1651\/revisions"}],"predecessor-version":[{"id":1654,"href":"https:\/\/villaecolola.com\/fr\/wp-json\/wp\/v2\/pages\/1651\/revisions\/1654"}],"wp:attachment":[{"href":"https:\/\/villaecolola.com\/fr\/wp-json\/wp\/v2\/media?parent=1651"}],"curies":[{"name":"wp","href":"https:\/\/api.w.org\/{rel}","templated":true}]}}