{"id":1659,"date":"2022-03-23T11:45:10","date_gmt":"2022-03-23T11:45:10","guid":{"rendered":"https:\/\/villaecolola.com\/politica-de-privacidad\/"},"modified":"2022-04-06T16:53:21","modified_gmt":"2022-04-06T16:53:21","slug":"politica-de-privacidad","status":"publish","type":"page","link":"https:\/\/villaecolola.com\/fr\/politica-de-privacidad\/","title":{"rendered":"Politique de confidentialit\u00e9"},"content":{"rendered":"\n<h1>Pol\u00edtica de Privacidad<\/h1>\n<p><strong>1<\/strong>. <strong>Pol\u00edtica de Privacidad<\/strong><\/p>\n<p>Jacaranda Garden Floristas S.L informa a los usuarios del sitio web sobre su pol\u00edtica respecto del tratamiento y protecci\u00f3n de los datos de car\u00e1cter personal de los usuarios y clientes que puedan ser recabados por la navegaci\u00f3n o contrataci\u00f3n de servicios a trav\u00e9s de su sitio web.<\/p>\n<p>En este sentido, Jacaranda Garden Floristas S.L garantiza el cumplimiento de la normativa vigente en materia de protecci\u00f3n de datos personales, reflejada en la Ley Org\u00e1nica 3\/2018, de 5 de diciembre, de Protecci\u00f3n de Datos de Car\u00e1cter Personal y en el Real Decreto 1720\/2007, de 21 diciembre, por el que se aprueba el Reglamento de Desarrollo de la LOPD.<\/p>\n<p>El uso de esta web implica la aceptaci\u00f3n de esta pol\u00edtica de privacidad.<\/p>\n<p><strong>2. Legitimaci\u00f3n para el tratamiento de los datos<\/strong><\/p>\n<p>La bases legales para el tratamiento de los datos son:<\/p>\n<p>1. Necesidad contractual para ejecutar un contrato.<br>2. El consentimiento inequ\u00edvoco del interesado.<br>3. Cumplimiento de obligaciones legales.<br>Para contactar con Jacaranda Garden Floristas S.L, suscribirse a un bolet\u00edn o realizar comentarios en www.jacarandafloral.es el usuario tiene que aceptar la presente Pol\u00edtica de Privacidad.<\/p>\n<p>Los datos facilitados forman parte de una base de datos gestionada por Jacaranda Garden Floristas S.L, para la gesti\u00f3n de los servicios contratados y la eventual comunicaci\u00f3n de campa\u00f1as promocionales. Los datos ser\u00e1n mantenidos durante la relaci\u00f3n contractual y no ser\u00e1n cedidos a otras entidades sin el permiso expreso.<\/p>\n<p><strong>3<\/strong>. <strong>Derechos<\/strong><\/p>\n<p>En el tratamiento de tus datos personales, Jacaranda Garden Floristas S.L aplicar\u00e1 los siguientes principios que se ajustan a las exigencias del nuevo reglamento europeo de protecci\u00f3n de datos:<\/p>\n<p>\u00b7 Principio de licitud, lealtad y transparencia: Jacaranda Garden Floristas S.L siempre requerir\u00e1 el consentimiento para el tratamiento de datos personales que puede ser para uno o varios fines espec\u00edficos sobre los que informar\u00e1 previamente con absoluta transparencia.<br>\u00b7 Principio de minimizaci\u00f3n de datos: Jacaranda Garden Floristas S.L solicitar\u00e1 solo los datos estrictamente necesarios para el fin o los fines que los solicita.<br>\u00b7 Principio de limitaci\u00f3n del plazo de conservaci\u00f3n: Los datos se mantendr\u00e1n durante el tiempo estrictamente necesario para el fin o los fines del tratamiento.<br>Jacaranda Garden Floristas S.L informar\u00e1 del plazo de conservaci\u00f3n correspondiente seg\u00fan la finalidad. En el caso de suscripciones, Jacaranda Garden Floristas S.L revisar\u00e1 peri\u00f3dicamente las listas y eliminar\u00e1 aquellos registros inactivos durante un tiempo considerable.<br>\u00b7 Principio de integridad y confidencialidad: Los datos ser\u00e1n tratados de tal manera que su seguridad, confidencialidad e integridad est\u00e9 garantizada. Jacaranda Garden Floristas S.L toma las precauciones necesarias para evitar el acceso no autorizado o uso indebido de los datos de sus usuarios por parte de terceros.<br>\u00b7 Principio de revocabilidad: El usuario tiene derecho a solicitar en cualquier momento la eliminaci\u00f3n de los datos almacenados por Jacaranda Garden Floristas S.L El ejercicio de este derecho no incluye ning\u00fan dato que Jacaranda Garden Floristas S.L est\u00e9 obligado a conservar con fines administrativos, legales o de seguridad.<br>\u00b7 Principio de reclamaci\u00f3n: El usuario tiene derecho a la tutela judicial efectiva y a presentar una reclamaci\u00f3n ante la autoridad de control, en este caso, la Agencia Espa\u00f1ola de Protecci\u00f3n de Datos, si considera que el tratamiento de datos personales que le conciernen infringe el Reglamento.<\/p>\n<p><strong>4<\/strong>. <strong>Derechos de los usuarios<\/strong><\/p>\n<p>La Ley Org\u00e1nica 15\/1999, de 13 de diciembre, de Protecci\u00f3n de Datos de Car\u00e1cter Personal concede a los interesados la posibilidad de ejercer una serie de derechos relacionados con el tratamiento de sus datos personales.<\/p>\n<p>En tanto en cuanto los datos del usuario son objeto de tratamiento por parte de Jacaranda Garden Floristas S.L .. Los usuarios podr\u00e1n ejercer los derechos de acuerdo con lo previsto en la normativa legal vigente en materia de protecci\u00f3n de datos personales. Jacaranda Garden Floristas S.L . informa que sobre sus datos personales los usuarios tienen derecho a:<\/p>\n<p>\u00b7 Solicitar el acceso a los datos almacenados.<br>\u00b7 Solicitar una rectificaci\u00f3n o la cancelaci\u00f3n.<br>\u00b7 Solicitar la limitaci\u00f3n de su tratamiento.<br>\u00b7 Oponerte al tratamiento.<br>\u00b7 Solicitar la portabilidad de sus datos.<br>\u00b7 Retirar\/revocar el consentimiento en cualquier momento.<br>\u00b7 Presentar una reclamaci\u00f3n ante la Autoridad de Control.<\/p>\n<p>Para hacer uso del ejercicio de estos derechos, el usuario deber\u00e1 dirigirse mediante correo electr\u00f3nico a hola@jacarandafloral.es o mediante comunicaci\u00f3n escrita, aportando documentaci\u00f3n que acredite su identidad (DNI o pasaporte), a la siguiente direcci\u00f3n: Jacaranda Garden Floristas S.L ., Ctra. Montesclaros Km 1,1 Segurilla (Toledo) o la direcci\u00f3n que sea sustituida en el Registro General de Protecci\u00f3n de Datos. Dicha comunicaci\u00f3n deber\u00e1 reflejar la siguiente informaci\u00f3n: Nombre y apellidos del usuario, la petici\u00f3n de solicitud, el domicilio y los datos acreditativos.<\/p>\n<p>El ejercicio de derechos deber\u00e1 ser realizado por el propio usuario. No obstante, podr\u00e1n ser ejecutados por una persona autorizada como representante legal del autorizado. En tal caso, se deber\u00e1 aportar la documentaci\u00f3n que acredite esta representaci\u00f3n del interesado.<\/p>\n<p><strong>5<\/strong>. <strong>Recogida, finalidad y tratamientos de datos<\/strong><\/p>\n<p>Jacaranda Garden Floristas S.L tiene el deber de informar a los usuarios de su sitio web acerca de la recogida de datos de car\u00e1cter personal que pueden llevarse a cabo, bien sea mediante el env\u00edo de correo electr\u00f3nico o al cumplimentar los formularios incluidos en el sitio web. En este sentido, Jacaranda Garden Floristas S.L ser\u00e1 considerada como responsable de los datos recabados mediante los medios anteriormente descritos.<\/p>\n<p>A su vez Jacaranda Garden Floristas S.L informa a los usuarios de que la finalidad del tratamiento de los datos recabados contempla: La atenci\u00f3n de solicitudes realizadas por los usuarios, la inclusi\u00f3n en la agenda de contactos, la prestaci\u00f3n de servicios, la gesti\u00f3n de la relaci\u00f3n comercial, informaci\u00f3n comercial de servicios as\u00ed como para informar sobre cuestiones relativas a la actividad de la misma.<\/p>\n<p>Las operaciones, gestiones y procedimientos t\u00e9cnicos que se realicen de forma automatizada o no automatizada y que posibiliten la recogida, el almacenamiento, la modificaci\u00f3n, la transferencia y otras acciones sobre datos de car\u00e1cter personal, tienen la consideraci\u00f3n de tratamiento de datos personales.<\/p>\n<p>Todos los datos personales, que sean recogidos a trav\u00e9s del sitio web de Jacaranda Garden Floristas S.L, y por tanto tenga la consideraci\u00f3n de tratamiento de datos de car\u00e1cter personal, ser\u00e1n incorporados en los ficheros declarados ante la Agencia Espa\u00f1ola de Protecci\u00f3n de Datos por Jacaranda Garden Floristas S.L.<\/p>\n<p><strong>6<\/strong>.<strong> Finalidad del tratamiento de datos personales<\/strong><\/p>\n<p>Cuando un usuario se conecta al sitio Web para mandar un correo a Jacaranda Garden Floristas S.L., se suscribe a su bolet\u00edn o realiza una contrataci\u00f3n, est\u00e1 facilitando informaci\u00f3n de car\u00e1cter personal de la que el responsable es Jacaranda Garden Floristas S.L.. Esta informaci\u00f3n puede incluir datos de car\u00e1cter personal como pueden ser direcci\u00f3n IP, nombre y apellidos, direcci\u00f3n f\u00edsica, direcci\u00f3n de correo electr\u00f3nico, n\u00famero de tel\u00e9fono, y otra informaci\u00f3n. Al facilitar esta informaci\u00f3n, el usuario da su consentimiento para que la informaci\u00f3n sea recopilada, utilizada, gestionada y almacenada por Jacaranda Garden Floristas S.L ., s\u00f3lo como se describe en el Aviso Legal y en la presente Pol\u00edtica de Privacidad.<\/p>\n<p>Los datos personales y la finalidad del tratamiento por parte de Jacaranda Garden Floristas S.L . es diferente seg\u00fan el sistema de captura de informaci\u00f3n:<\/p>\n<p>\u00b7 Formularios de contacto: Jacaranda Garden Floristas S.L . solicita datos personales entre los que pueden estar: Nombre y apellidos, direcci\u00f3n de correo electr\u00f3nico, n\u00famero de tel\u00e9fono y direcci\u00f3n de un sitio web con la finalidad de responder a las consultas.<br>Por ejemplo, Jacaranda Garden Floristas S.L . utiliza esos datos para dar respuesta a tus mensajes, dudas, quejas, comentarios o inquietudes que puedas tener relativas a la informaci\u00f3n incluida en www.jacarandafloral.es, los servicios que se prestan a trav\u00e9s del sitio Web, el tratamiento de tus datos personales, cuestiones referentes a los textos legales incluidos en www.jacarandafloral.es, as\u00ed como cualquier otra consulta que puedas tener y que no est\u00e9 sujeta a las condiciones de www.jacarandafloral.es de la contrataci\u00f3n.<br>\u00b7 Formularios de suscripci\u00f3n a contenidos: Jacaranda Garden Floristas S.L . solicita los siguientes datos personales: Nombre y apellidos, direcci\u00f3n de correo electr\u00f3nico, n\u00famero de tel\u00e9fono y direcci\u00f3n de tu sitio web para gestionar la lista de suscripciones, enviar boletines, promociones y ofertas especiales.<\/p>\n<p>Los datos que se faciliten a Jacaranda Garden Floristas S.L . estar\u00e1n ubicados en los servidores de Advanced Software Production Line, S.L., con domicilio en C\/Antonio Su\u00e1rez 10, A-102, 28802, Alcal\u00e1 de Henares, Madrid.<\/p>\n<p>Existen otras finalidades por las que Jacaranda Garden Floristas S.L . trata datos personales:<\/p>\n<p>Para garantizar el cumplimiento de las condiciones recogidas en el Aviso Legal y en la ley aplicable. Esto puede incluir el desarrollo de herramientas y algoritmos que ayuden a www.jacarandafloral.es a garantizar la confidencialidad de los datos personales que recoge.<br>Para apoyar y mejorar los servicios que ofrece www.jacarandafloral.es.<br>Para analizar la navegaci\u00f3n. Jacaranda Garden Floristas S.L . recoge otros datos no identificativos que se obtienen mediante el uso de cookies que se descargan cuando se navega por el sitio www.jacarandafloral.es cuyas caracter\u00edsiticas y finalidad est\u00e1n detalladas en la Pol\u00edtica de Cookies .<br>Para gestionar las redes sociales. Jacaranda Garden Floristas S.L . tiene presencia en redes sociales. Si el usuario se hace seguidor en las redes sociales de Jacaranda Garden Floristas S.L . el tratamiento de los datos personales por aquellas condiciones de uso, pol\u00edticas de privacidad y normativas de acceso que pertenezcan a la red social que proceda en cada caso y que has aceptado previamente.<\/p>\n<p><strong>7<\/strong>. <strong>Conservaci\u00f3n de datos personales<\/strong><\/p>\n<p>Los datos personales que se proporcionen a Jacaranda Garden Floristas S.L . se conservar\u00e1n hasta que el usuario solicite su supresi\u00f3n.<\/p>\n<p><strong>8<\/strong>. <strong>Comunicaci\u00f3n e informaci\u00f3n a terceros<\/strong><\/p>\n<p>Jacaranda Garden Floristas S.L informa a los usuarios de que sus datos personales no ser\u00e1n cedidos a terceras organizaciones, con la salvedad de que dicha cesi\u00f3n de datos este amparada en una obligaci\u00f3n legal o cuando la prestaci\u00f3n de un servicio implique la necesidad de una relaci\u00f3n contractual con un encargado de tratamiento. En este \u00faltimo caso, solo se llevar\u00e1 a cabo la cesi\u00f3n de datos al tercero cuando Jacaranda Garden Floristas S.L disponga del consentimiento expreso del usuario.<\/p>\n<p><strong>9<\/strong>. <strong>Revocabilidad<\/strong><\/p>\n<p>Para ejercitar los derechos de acceso, rectificaci\u00f3n, cancelaci\u00f3n, portabilidad y oposici\u00f3n el usuario tiene que enviar un correo electr\u00f3nico a hola@jacarandafloral.es junto con la prueba v\u00e1lida en derecho como una fotocopia del D.N.I. o equivalente.<\/p>\n<p>El ejercicio de tus derechos no incluye ning\u00fan dato que el Titular est\u00e9 obligado a conservar con fines administrativos, legales o de seguridad..<\/p>\n","protected":false},"excerpt":{"rendered":"","protected":false},"author":2,"featured_media":0,"parent":0,"menu_order":0,"comment_status":"closed","ping_status":"closed","template":"","meta":{"_joinchat":[],"footnotes":""},"class_list":["post-1659","page","type-page","status-publish","hentry"],"yoast_head":"<!-- This site is optimized with the Yoast SEO Premium plugin v21.8 (Yoast SEO v27.4) - https:\/\/yoast.com\/product\/yoast-seo-premium-wordpress\/ -->\n<title>Politique de confidentialit\u00e9 - Villa Eco Lola<\/title>\n<meta name=\"robots\" content=\"index, follow, max-snippet:-1, max-image-preview:large, max-video-preview:-1\" \/>\n<link rel=\"canonical\" href=\"https:\/\/villaecolola.com\/es\/politica-de-privacidad\/\" \/>\n<meta property=\"og:locale\" content=\"fr_FR\" \/>\n<meta property=\"og:type\" content=\"article\" \/>\n<meta property=\"og:title\" content=\"Politique de confidentialit\u00e9\" \/>\n<meta property=\"og:url\" content=\"https:\/\/villaecolola.com\/es\/politica-de-privacidad\/\" \/>\n<meta property=\"og:site_name\" content=\"Villa Eco Lola\" \/>\n<meta property=\"article:modified_time\" content=\"2022-04-06T16:53:21+00:00\" \/>\n<meta name=\"twitter:card\" content=\"summary_large_image\" \/>\n<meta name=\"twitter:label1\" content=\"Dur\u00e9e de lecture estim\u00e9e\" \/>\n\t<meta name=\"twitter:data1\" content=\"9 minutes\" \/>\n<script type=\"application\/ld+json\" class=\"yoast-schema-graph\">{\"@context\":\"https:\\\/\\\/schema.org\",\"@graph\":[{\"@type\":\"WebPage\",\"@id\":\"https:\\\/\\\/villaecolola.com\\\/es\\\/politica-de-privacidad\\\/\",\"url\":\"https:\\\/\\\/villaecolola.com\\\/es\\\/politica-de-privacidad\\\/\",\"name\":\"Politique de confidentialit\u00e9 - Villa Eco Lola\",\"isPartOf\":{\"@id\":\"https:\\\/\\\/villaecolola.com\\\/es\\\/#website\"},\"datePublished\":\"2022-03-23T11:45:10+00:00\",\"dateModified\":\"2022-04-06T16:53:21+00:00\",\"breadcrumb\":{\"@id\":\"https:\\\/\\\/villaecolola.com\\\/es\\\/politica-de-privacidad\\\/#breadcrumb\"},\"inLanguage\":\"fr-FR\",\"potentialAction\":[{\"@type\":\"ReadAction\",\"target\":[\"https:\\\/\\\/villaecolola.com\\\/es\\\/politica-de-privacidad\\\/\"]}]},{\"@type\":\"BreadcrumbList\",\"@id\":\"https:\\\/\\\/villaecolola.com\\\/es\\\/politica-de-privacidad\\\/#breadcrumb\",\"itemListElement\":[{\"@type\":\"ListItem\",\"position\":1,\"name\":\"Home\",\"item\":\"https:\\\/\\\/villaecolola.com\\\/fr\\\/\"},{\"@type\":\"ListItem\",\"position\":2,\"name\":\"Politique de confidentialit\u00e9\"}]},{\"@type\":\"WebSite\",\"@id\":\"https:\\\/\\\/villaecolola.com\\\/es\\\/#website\",\"url\":\"https:\\\/\\\/villaecolola.com\\\/es\\\/\",\"name\":\"Villa Eco Lola\",\"description\":\"Menorca\",\"potentialAction\":[{\"@type\":\"SearchAction\",\"target\":{\"@type\":\"EntryPoint\",\"urlTemplate\":\"https:\\\/\\\/villaecolola.com\\\/es\\\/?s={search_term_string}\"},\"query-input\":{\"@type\":\"PropertyValueSpecification\",\"valueRequired\":true,\"valueName\":\"search_term_string\"}}],\"inLanguage\":\"fr-FR\"}]}<\/script>\n<!-- \/ Yoast SEO Premium plugin. -->","yoast_head_json":{"title":"Politique de confidentialit\u00e9 - Villa Eco Lola","robots":{"index":"index","follow":"follow","max-snippet":"max-snippet:-1","max-image-preview":"max-image-preview:large","max-video-preview":"max-video-preview:-1"},"canonical":"https:\/\/villaecolola.com\/es\/politica-de-privacidad\/","og_locale":"fr_FR","og_type":"article","og_title":"Politique de confidentialit\u00e9","og_url":"https:\/\/villaecolola.com\/es\/politica-de-privacidad\/","og_site_name":"Villa Eco Lola","article_modified_time":"2022-04-06T16:53:21+00:00","twitter_card":"summary_large_image","twitter_misc":{"Dur\u00e9e de lecture estim\u00e9e":"9 minutes"},"schema":{"@context":"https:\/\/schema.org","@graph":[{"@type":"WebPage","@id":"https:\/\/villaecolola.com\/es\/politica-de-privacidad\/","url":"https:\/\/villaecolola.com\/es\/politica-de-privacidad\/","name":"Politique de confidentialit\u00e9 - Villa Eco Lola","isPartOf":{"@id":"https:\/\/villaecolola.com\/es\/#website"},"datePublished":"2022-03-23T11:45:10+00:00","dateModified":"2022-04-06T16:53:21+00:00","breadcrumb":{"@id":"https:\/\/villaecolola.com\/es\/politica-de-privacidad\/#breadcrumb"},"inLanguage":"fr-FR","potentialAction":[{"@type":"ReadAction","target":["https:\/\/villaecolola.com\/es\/politica-de-privacidad\/"]}]},{"@type":"BreadcrumbList","@id":"https:\/\/villaecolola.com\/es\/politica-de-privacidad\/#breadcrumb","itemListElement":[{"@type":"ListItem","position":1,"name":"Home","item":"https:\/\/villaecolola.com\/fr\/"},{"@type":"ListItem","position":2,"name":"Politique de confidentialit\u00e9"}]},{"@type":"WebSite","@id":"https:\/\/villaecolola.com\/es\/#website","url":"https:\/\/villaecolola.com\/es\/","name":"Villa Eco Lola","description":"Menorca","potentialAction":[{"@type":"SearchAction","target":{"@type":"EntryPoint","urlTemplate":"https:\/\/villaecolola.com\/es\/?s={search_term_string}"},"query-input":{"@type":"PropertyValueSpecification","valueRequired":true,"valueName":"search_term_string"}}],"inLanguage":"fr-FR"}]}},"_links":{"self":[{"href":"https:\/\/villaecolola.com\/fr\/wp-json\/wp\/v2\/pages\/1659","targetHints":{"allow":["GET"]}}],"collection":[{"href":"https:\/\/villaecolola.com\/fr\/wp-json\/wp\/v2\/pages"}],"about":[{"href":"https:\/\/villaecolola.com\/fr\/wp-json\/wp\/v2\/types\/page"}],"author":[{"embeddable":true,"href":"https:\/\/villaecolola.com\/fr\/wp-json\/wp\/v2\/users\/2"}],"replies":[{"embeddable":true,"href":"https:\/\/villaecolola.com\/fr\/wp-json\/wp\/v2\/comments?post=1659"}],"version-history":[{"count":2,"href":"https:\/\/villaecolola.com\/fr\/wp-json\/wp\/v2\/pages\/1659\/revisions"}],"predecessor-version":[{"id":1661,"href":"https:\/\/villaecolola.com\/fr\/wp-json\/wp\/v2\/pages\/1659\/revisions\/1661"}],"wp:attachment":[{"href":"https:\/\/villaecolola.com\/fr\/wp-json\/wp\/v2\/media?parent=1659"}],"curies":[{"name":"wp","href":"https:\/\/api.w.org\/{rel}","templated":true}]}}