{"id":1663,"date":"2021-12-16T18:15:12","date_gmt":"2021-12-16T18:15:12","guid":{"rendered":"https:\/\/villaecolola.com\/preguntas-frecuentes\/"},"modified":"2022-04-08T09:37:14","modified_gmt":"2022-04-08T09:37:14","slug":"preguntas-frecuentes","status":"publish","type":"page","link":"https:\/\/villaecolola.com\/fr\/preguntas-frecuentes\/","title":{"rendered":"Questions fr\u00e9quentes"},"content":{"rendered":"\n\t<div id=\"gap-1427442636\" class=\"gap-element clearfix\" style=\"display:block; height:auto;\">\n\t\t\n<style>\n#gap-1427442636 {\n  padding-top: 50px;\n}\n<\/style>\n\t<\/div>\n\t\n\n<div class=\"row align-center row-box-shadow-1\"  id=\"row-806233959\">\n\n\n\t<div id=\"col-148737274\" class=\"col medium-10 small-12 large-6\"  >\n\t\t\t\t<div class=\"col-inner\" style=\"background-color:rgb(255,255,255);\" >\n\t\t\t\n\t\t\t\n\n\t<div id=\"text-1887718108\" class=\"text\">\n\t\t\n\n<h1>Questions fr\u00e9quentes<\/h1>\n\t\t\n<style>\n#text-1887718108 {\n  font-size: 1.4rem;\n  text-align: left;\n}\n<\/style>\n\t<\/div>\n\t\n\t<div id=\"gap-1376917750\" class=\"gap-element clearfix\" style=\"display:block; height:auto;\">\n\t\t\n<style>\n#gap-1376917750 {\n  padding-top: 30px;\n}\n<\/style>\n\t<\/div>\n\t\n\n<div class=\"accordion\" rel=\"\">\n\n<div class=\"accordion-item\"><a href=\"#\" class=\"accordion-title plain\"><button class=\"toggle\"><i class=\"icon-angle-down\"><\/i><\/button><span>Check in et check out<\/span><\/a><div class=\"accordion-inner\">\n\n<p>La maison sera pr\u00eate \u00e0 15 heures le jour de l&rsquo;arriv\u00e9e et devra \u00eatre lib\u00e9r\u00e9e avant 11 heures le jour du d\u00e9part.<\/span><\/p>\n<p>Si votre arriv\u00e9e est plus t\u00f4t ou votre d\u00e9part plus tard que cette heure, vous devez nous en informer par \u00e9crit et nous ferons de notre mieux pour coordonner les t\u00e2ches de m\u00e9nage selon le nouvel horaire que vous nous aurez fourni.<\/span><\/p>\n<p>Si vous arrivez en m\u00eame temps que notre \u00e9quipe de nettoyage, veuillez laisser vos bagages \u00e0 l&rsquo;int\u00e9rieur de la maison et profiter de l&rsquo;espace ext\u00e9rieur.<\/span><\/p>\n\n\n<\/div><\/div>\n<div class=\"accordion-item\"><a href=\"#\" class=\"accordion-title plain\"><button class=\"toggle\"><i class=\"icon-angle-down\"><\/i><\/button><span>Politique d'annulation<\/span><\/a><div class=\"accordion-inner\">\n\n<p>Veuillez nous informer par \u00e9crit de la raison de votre annulation.<\/span><\/p>\n<p>Si la raison est que vous ne pouvez pas vous rendre \u00e0 Minorque pour le COVID, les montants pay\u00e9s \u00e0 ce jour seront rembours\u00e9s ou le paiement transf\u00e9r\u00e9 \u00e0 une nouvelle r\u00e9servation \u00e0 une date ult\u00e9rieure, au choix du client, \u00e0 condition que la villa soit libre.<\/span><\/p>\n<p>Si la r\u00e9servation est annul\u00e9e pour une raison autre que l&rsquo;impossibilit\u00e9 de se rendre \u00e0 Minorque pour le COVID, les montants vers\u00e9s ne seront rembours\u00e9s que si la propri\u00e9t\u00e9 parvient \u00e0 r\u00e9server la villa aux m\u00eames dates que cette r\u00e9servation.<\/span><\/p>\n\n\n<\/div><\/div>\n<div class=\"accordion-item\"><a href=\"#\" class=\"accordion-title plain\"><button class=\"toggle\"><i class=\"icon-angle-down\"><\/i><\/button><span>d\u00e9p\u00f4t \/ d\u00e9p\u00f4t de s\u00e9curit\u00e9<\/span><\/a><div class=\"accordion-inner\">\n\n<p>Une caution de 500,00\u20ac sera d\u00e9bit\u00e9e de la carte de cr\u00e9dit fournie par le client 7 jours avant l&rsquo;arriv\u00e9e du client \u00e0 la propri\u00e9t\u00e9.<\/span><\/p>\n<p>La propri\u00e9t\u00e9 se r\u00e9serve le droit de d\u00e9duire de la caution (retenue sur la carte de cr\u00e9dit) les montants correspondants si les conditions de la r\u00e9servation n&rsquo;ont pas \u00e9t\u00e9 remplies.<\/span><\/p>\n\n\n<\/div><\/div>\n<div class=\"accordion-item\"><a href=\"#\" class=\"accordion-title plain\"><button class=\"toggle\"><i class=\"icon-angle-down\"><\/i><\/button><span>rester dans la maison<\/span><\/a><div class=\"accordion-inner\">\n\n<p>La maison sera pr\u00eate avec les lits faits et nous vous fournirons un jeu de serviettes par personne, dont 1 serviette de piscine par personne.<\/span><\/p>\n<p>Vous trouverez la maison en bon \u00e9tat d&rsquo;usage et avec l&rsquo;\u00e9quipement n\u00e9cessaire.<\/span><\/p>\n<p>La cuisine est \u00e9quip\u00e9e d&rsquo;un micro-ondes, d&rsquo;un lave-linge, d&rsquo;un lave-vaisselle, d&rsquo;une machine \u00e0 caf\u00e9 \u00e0 capsules, d&rsquo;un r\u00e9frig\u00e9rateur, d&rsquo;un grille-pain, d&rsquo;un fer \u00e0 repasser, d&rsquo;une plaque vitroc\u00e9ramique, d&rsquo;un four et de tous les ustensiles de cuisine dont vous pourriez avoir besoin.\u00a0<\/span><\/p>\n<p>Barbecue, douche solaire, s\u00e8che-cheveux, fer et planche \u00e0 repasser.<\/span><\/p>\n\n\n<\/div><\/div>\n<div class=\"accordion-item\"><a href=\"#\" class=\"accordion-title plain\"><button class=\"toggle\"><i class=\"icon-angle-down\"><\/i><\/button><span>Installations et occupation<\/span><\/a><div class=\"accordion-inner\">\n\n<p>Le jardin et la piscine sont entretenus par la propri\u00e9t\u00e9. La personne responsable viendra donc \u00e0 la propri\u00e9t\u00e9 deux ou trois fois par semaine, comme convenu.<\/span><\/p>\n<p>Veuillez vous abstenir d&rsquo;utiliser le tuyau pour arroser les plantes ou les arbustes, tout est contr\u00f4l\u00e9 pour optimiser la consommation d&rsquo;eau.<\/span><\/p>\n<p>La villa est \u00e9quip\u00e9e d&rsquo;une connexion Internet.<\/span><\/p>\n<p>Le nombre de personnes s\u00e9journant dans la maison ne peut pas d\u00e9passer la capacit\u00e9 de la villa, sauf accord pr\u00e9alable et paiement des frais suppl\u00e9mentaires correspondants.<\/span><\/p>\n<p>Les f\u00eates sont strictement interdites \u00e0 l&rsquo;int\u00e9rieur et \u00e0 l&rsquo;ext\u00e9rieur de la maison.<\/span><\/p>\n<p>La villa a d&rsquo;autres villas \u00e0 proximit\u00e9, elle est situ\u00e9e dans un quartier calme et nous vous prions de respecter les r\u00e8glements municipaux sans bruit excessif, musique forte apr\u00e8s minuit, etc.<\/span><\/p>\n\n\n<\/div><\/div>\n<div class=\"accordion-item\"><a href=\"#\" class=\"accordion-title plain\"><button class=\"toggle\"><i class=\"icon-angle-down\"><\/i><\/button><span>S\u00e9jour minimum et nettoyage<\/span><\/a><div class=\"accordion-inner\">\n\n<p>Le s\u00e9jour minimum est de 7 jours.<\/span><\/p>\n<p>Les frais de nettoyage sont de 260,00\u20ac.<\/span><\/p>\n<p>Si votre s\u00e9jour est sup\u00e9rieur \u00e0 7 jours, des frais de nettoyage suppl\u00e9mentaires de 120,00\u20ac seront factur\u00e9s sur une base hebdomadaire en fonction de votre date d&rsquo;arriv\u00e9e.<\/span><\/p>\n<p>Si vous avez besoin d&rsquo;une visite plus longue de notre \u00e9quipe de nettoyage, veuillez nous en informer le plus t\u00f4t possible pour une organisation optimale de l&rsquo;\u00e9quipe de travail.<\/span><\/p>\n\n\n<\/div><\/div>\n<div class=\"accordion-item\"><a href=\"#\" class=\"accordion-title plain\"><button class=\"toggle\"><i class=\"icon-angle-down\"><\/i><\/button><span>Nombre d'invit\u00e9s<\/span><\/a><div class=\"accordion-inner\">\n\n<p>La maison sera pr\u00eate pour l&rsquo;occupation d&rsquo;un maximum de 8 personnes.<\/p>\n<p>En cas de besoin d&rsquo;une occupation plus importante que celle mentionn\u00e9e, nous pouvons accueillir jusqu&rsquo;\u00e0 un maximum de 10 personnes sur demande \u00e9crite pour \u00e9quiper la maison avec les lits n\u00e9cessaires, cela entra\u00eene un co\u00fbt suppl\u00e9mentaire \u00e0 consulter.<\/p>\n<p>\u00a0<\/p>\n\n<\/div><\/div>\n\n<\/div>\n\n\t\t<\/div>\n\t\t\t\t\t<\/div>\n\n\t\n\n<\/div>\n\t<section class=\"section\" id=\"section_337097404\">\n\t\t<div class=\"bg section-bg fill bg-fill  bg-loaded\" >\n\n\t\t\t\n\t\t\t\n\t\t\t\n\n\t\t<\/div>\n\n\t\t<div class=\"section-content relative\">\n\t\t\t\n\n<div class=\"row align-center\"  id=\"row-920676335\">\n\n\n\t<div id=\"col-579224516\" class=\"col medium-6 small-12 large-5\"  >\n\t\t\t\t<div class=\"col-inner text-center\"  >\n\t\t\t\n\t\t\t\n\n\t<div id=\"gap-1377143477\" class=\"gap-element clearfix\" style=\"display:block; height:auto;\">\n\t\t\n<style>\n#gap-1377143477 {\n  padding-top: 30px;\n}\n<\/style>\n\t<\/div>\n\t\n\n\t<div id=\"text-2042060195\" class=\"text\">\n\t\t\n\n<h3>Num\u00e9ros de t\u00e9l\u00e9phone utiles<br \/>\n<\/h3>\n\n\t\t\n<style>\n#text-2042060195 {\n  font-size: 1.2rem;\n  line-height: 0.75;\n}\n<\/style>\n\t<\/div>\n\t\n\n\t\t<\/div>\n\t\t\t\t\t<\/div>\n\n\t\n\n<\/div>\n<div class=\"row row-small align-equal row-box-shadow-3-hover\"  id=\"row-2001573715\">\n\n\n\t<div id=\"col-677645727\" class=\"col medium-3 small-12 large-3\"  >\n\t\t\t\t<div class=\"col-inner\" style=\"background-color:rgba(12, 145, 150, 0.163);\" >\n\t\t\t\n\t\t\t\n\n\n\t<a class=\"plain\" href=\"#\"  >\t<div class=\"icon-box featured-box icon-box-center text-center\"  >\n\t\t\t\t<div class=\"icon-box-text last-reset\">\n\t\t\t\t\t\t\t\t\t\n\n\t<div id=\"text-1425337726\" class=\"text\">\n\t\t\n\n<p><strong><span style=\"font-size: 125%;\">Taxis Mah\u00f3n<\/span><\/strong><\/p>\n\t\t\n<style>\n#text-1425337726 {\n  font-size: 1rem;\n}\n@media (min-width:850px) {\n  #text-1425337726 {\n    font-size: 3.1rem;\n  }\n}\n<\/style>\n\t<\/div>\n\t\n\t<div id=\"gap-1351591901\" class=\"gap-element clearfix\" style=\"display:block; height:auto;\">\n\t\t\n<style>\n#gap-1351591901 {\n  padding-top: 10px;\n}\n<\/style>\n\t<\/div>\n\t\n\n\t<div id=\"text-3168887850\" class=\"text\">\n\t\t\n\n<p><span style=\"font-size: 100%;\"><strong>+34 971 6443333<\/strong><\/span><\/p>\n\t\t\n<style>\n#text-3168887850 {\n  font-size: 1rem;\n}\n@media (min-width:850px) {\n  #text-3168887850 {\n    font-size: 3.1rem;\n  }\n}\n<\/style>\n\t<\/div>\n\t\n\n\t\t<\/div>\n\t<\/div>\n\t<\/a>\n\t\n\n\t\t<\/div>\n\t\t\t\t\t<\/div>\n\n\t\n\n\t<div id=\"col-1647999822\" class=\"col medium-3 small-12 large-3\"  >\n\t\t\t\t<div class=\"col-inner\" style=\"background-color:rgba(12, 145, 150, 0.163);\" >\n\t\t\t\n\t\t\t\n\n\n\t<a class=\"plain\" href=\"#\"  >\t<div class=\"icon-box featured-box icon-box-center text-center\"  >\n\t\t\t\t<div class=\"icon-box-text last-reset\">\n\t\t\t\t\t\t\t\t\t\n\n\t<div id=\"text-3739297544\" class=\"text\">\n\t\t\n\n<p><strong><span style=\"font-size: 125%;\">Iberia<\/span><\/strong><\/p>\n\t\t\n<style>\n#text-3739297544 {\n  font-size: 1rem;\n}\n@media (min-width:850px) {\n  #text-3739297544 {\n    font-size: 3.1rem;\n  }\n}\n<\/style>\n\t<\/div>\n\t\n\t<div id=\"gap-1128630447\" class=\"gap-element clearfix\" style=\"display:block; height:auto;\">\n\t\t\n<style>\n#gap-1128630447 {\n  padding-top: 10px;\n}\n<\/style>\n\t<\/div>\n\t\n\n\t<div id=\"text-3526867377\" class=\"text\">\n\t\t\n\n<p><span style=\"font-size: 100%;\"><strong>+34 971 6443333<\/strong><\/span><\/p>\n\t\t\n<style>\n#text-3526867377 {\n  font-size: 1rem;\n}\n@media (min-width:850px) {\n  #text-3526867377 {\n    font-size: 3.1rem;\n  }\n}\n<\/style>\n\t<\/div>\n\t\n\n\t\t<\/div>\n\t<\/div>\n\t<\/a>\n\t\n\n\t\t<\/div>\n\t\t\t\t\t<\/div>\n\n\t\n\n\t<div id=\"col-394609981\" class=\"col medium-3 small-12 large-3\"  >\n\t\t\t\t<div class=\"col-inner\" style=\"background-color:rgba(12, 145, 150, 0.163);\" >\n\t\t\t\n\t\t\t\n\n\n\t<a class=\"plain\" href=\"#\"  >\t<div class=\"icon-box featured-box icon-box-center text-center\"  >\n\t\t\t\t<div class=\"icon-box-text last-reset\">\n\t\t\t\t\t\t\t\t\t\n\n\t<div id=\"text-61716400\" class=\"text\">\n\t\t\n\n<p><strong><span style=\"font-size: 125%;\">Transmediterr\u00e1nea<\/span><\/strong><\/p>\n\t\t\n<style>\n#text-61716400 {\n  font-size: 1rem;\n}\n@media (min-width:850px) {\n  #text-61716400 {\n    font-size: 3.1rem;\n  }\n}\n<\/style>\n\t<\/div>\n\t\n\t<div id=\"gap-1823543614\" class=\"gap-element clearfix\" style=\"display:block; height:auto;\">\n\t\t\n<style>\n#gap-1823543614 {\n  padding-top: 10px;\n}\n<\/style>\n\t<\/div>\n\t\n\n\t<div id=\"text-2374278747\" class=\"text\">\n\t\t\n\n<p><span style=\"font-size: 100%;\"><strong>+34 971 6443333<\/strong><\/span><\/p>\n\t\t\n<style>\n#text-2374278747 {\n  font-size: 1rem;\n}\n@media (min-width:850px) {\n  #text-2374278747 {\n    font-size: 3.1rem;\n  }\n}\n<\/style>\n\t<\/div>\n\t\n\n\t\t<\/div>\n\t<\/div>\n\t<\/a>\n\t\n\n\t\t<\/div>\n\t\t\t\t\t<\/div>\n\n\t\n\n\t<div id=\"col-1491038469\" class=\"col medium-3 small-12 large-3\"  >\n\t\t\t\t<div class=\"col-inner\" style=\"background-color:rgba(12, 145, 150, 0.163);\" >\n\t\t\t\n\t\t\t\n\n\n\t<a class=\"plain\" href=\"#\"  >\t<div class=\"icon-box featured-box icon-box-center text-center\"  >\n\t\t\t\t<div class=\"icon-box-text last-reset\">\n\t\t\t\t\t\t\t\t\t\n\n\t<div id=\"text-640115104\" class=\"text\">\n\t\t\n\n<p><strong><span style=\"font-size: 125%;\">Taxis Mah\u00f3n<\/span><\/strong><\/p>\n\t\t\n<style>\n#text-640115104 {\n  font-size: 1rem;\n}\n@media (min-width:850px) {\n  #text-640115104 {\n    font-size: 3.1rem;\n  }\n}\n<\/style>\n\t<\/div>\n\t\n\t<div id=\"gap-205161870\" class=\"gap-element clearfix\" style=\"display:block; height:auto;\">\n\t\t\n<style>\n#gap-205161870 {\n  padding-top: 10px;\n}\n<\/style>\n\t<\/div>\n\t\n\n\t<div id=\"text-2205374368\" class=\"text\">\n\t\t\n\n<p><span style=\"font-size: 100%;\"><strong>+34 971 6443333<\/strong><\/span><\/p>\n\t\t\n<style>\n#text-2205374368 {\n  font-size: 1rem;\n}\n@media (min-width:850px) {\n  #text-2205374368 {\n    font-size: 3.1rem;\n  }\n}\n<\/style>\n\t<\/div>\n\t\n\n\t\t<\/div>\n\t<\/div>\n\t<\/a>\n\t\n\n\t\t<\/div>\n\t\t\t\t\t<\/div>\n\n\t\n\n\n<style>\n#row-2001573715 > .col > .col-inner {\n  padding: 30px 20px 30px 20px;\n}\n@media (min-width:850px) {\n  #row-2001573715 > .col > .col-inner {\n    padding: 50px 40px 70px 30px;\n  }\n}\n<\/style>\n<\/div>\n\n\t\t<\/div>\n\n\t\t\n<style>\n#section_337097404 {\n  padding-top: 40px;\n  padding-bottom: 40px;\n}\n@media (min-width:550px) {\n  #section_337097404 {\n    padding-top: 70px;\n    padding-bottom: 70px;\n  }\n}\n<\/style>\n\t<\/section>\n\t\n","protected":false},"excerpt":{"rendered":"","protected":false},"author":2,"featured_media":0,"parent":0,"menu_order":0,"comment_status":"closed","ping_status":"closed","template":"page-blank.php","meta":{"_joinchat":[],"footnotes":""},"class_list":["post-1663","page","type-page","status-publish","hentry"],"yoast_head":"<!-- This site is optimized with the Yoast SEO Premium plugin v21.8 (Yoast SEO v27.4) - https:\/\/yoast.com\/product\/yoast-seo-premium-wordpress\/ -->\n<title>Questions fr\u00e9quentes - Villa Eco Lola<\/title>\n<meta name=\"robots\" content=\"index, follow, max-snippet:-1, max-image-preview:large, max-video-preview:-1\" \/>\n<link rel=\"canonical\" href=\"https:\/\/villaecolola.com\/es\/preguntas-frecuentes\/\" \/>\n<meta property=\"og:locale\" content=\"fr_FR\" \/>\n<meta property=\"og:type\" content=\"article\" \/>\n<meta property=\"og:title\" content=\"Questions fr\u00e9quentes\" \/>\n<meta property=\"og:url\" content=\"https:\/\/villaecolola.com\/es\/preguntas-frecuentes\/\" \/>\n<meta property=\"og:site_name\" content=\"Villa Eco Lola\" \/>\n<meta property=\"article:modified_time\" content=\"2022-04-08T09:37:14+00:00\" \/>\n<meta name=\"twitter:card\" content=\"summary_large_image\" \/>\n<meta name=\"twitter:label1\" content=\"Dur\u00e9e de lecture estim\u00e9e\" \/>\n\t<meta name=\"twitter:data1\" content=\"5 minutes\" \/>\n<script type=\"application\/ld+json\" class=\"yoast-schema-graph\">{\"@context\":\"https:\\\/\\\/schema.org\",\"@graph\":[{\"@type\":\"WebPage\",\"@id\":\"https:\\\/\\\/villaecolola.com\\\/es\\\/preguntas-frecuentes\\\/\",\"url\":\"https:\\\/\\\/villaecolola.com\\\/es\\\/preguntas-frecuentes\\\/\",\"name\":\"Questions fr\u00e9quentes - Villa Eco Lola\",\"isPartOf\":{\"@id\":\"https:\\\/\\\/villaecolola.com\\\/es\\\/#website\"},\"datePublished\":\"2021-12-16T18:15:12+00:00\",\"dateModified\":\"2022-04-08T09:37:14+00:00\",\"breadcrumb\":{\"@id\":\"https:\\\/\\\/villaecolola.com\\\/es\\\/preguntas-frecuentes\\\/#breadcrumb\"},\"inLanguage\":\"fr-FR\",\"potentialAction\":[{\"@type\":\"ReadAction\",\"target\":[\"https:\\\/\\\/villaecolola.com\\\/es\\\/preguntas-frecuentes\\\/\"]}]},{\"@type\":\"BreadcrumbList\",\"@id\":\"https:\\\/\\\/villaecolola.com\\\/es\\\/preguntas-frecuentes\\\/#breadcrumb\",\"itemListElement\":[{\"@type\":\"ListItem\",\"position\":1,\"name\":\"Home\",\"item\":\"https:\\\/\\\/villaecolola.com\\\/fr\\\/\"},{\"@type\":\"ListItem\",\"position\":2,\"name\":\"Questions fr\u00e9quentes\"}]},{\"@type\":\"WebSite\",\"@id\":\"https:\\\/\\\/villaecolola.com\\\/es\\\/#website\",\"url\":\"https:\\\/\\\/villaecolola.com\\\/es\\\/\",\"name\":\"Villa Eco Lola\",\"description\":\"Menorca\",\"potentialAction\":[{\"@type\":\"SearchAction\",\"target\":{\"@type\":\"EntryPoint\",\"urlTemplate\":\"https:\\\/\\\/villaecolola.com\\\/es\\\/?s={search_term_string}\"},\"query-input\":{\"@type\":\"PropertyValueSpecification\",\"valueRequired\":true,\"valueName\":\"search_term_string\"}}],\"inLanguage\":\"fr-FR\"}]}<\/script>\n<!-- \/ Yoast SEO Premium plugin. -->","yoast_head_json":{"title":"Questions fr\u00e9quentes - Villa Eco Lola","robots":{"index":"index","follow":"follow","max-snippet":"max-snippet:-1","max-image-preview":"max-image-preview:large","max-video-preview":"max-video-preview:-1"},"canonical":"https:\/\/villaecolola.com\/es\/preguntas-frecuentes\/","og_locale":"fr_FR","og_type":"article","og_title":"Questions fr\u00e9quentes","og_url":"https:\/\/villaecolola.com\/es\/preguntas-frecuentes\/","og_site_name":"Villa Eco Lola","article_modified_time":"2022-04-08T09:37:14+00:00","twitter_card":"summary_large_image","twitter_misc":{"Dur\u00e9e de lecture estim\u00e9e":"5 minutes"},"schema":{"@context":"https:\/\/schema.org","@graph":[{"@type":"WebPage","@id":"https:\/\/villaecolola.com\/es\/preguntas-frecuentes\/","url":"https:\/\/villaecolola.com\/es\/preguntas-frecuentes\/","name":"Questions fr\u00e9quentes - Villa Eco Lola","isPartOf":{"@id":"https:\/\/villaecolola.com\/es\/#website"},"datePublished":"2021-12-16T18:15:12+00:00","dateModified":"2022-04-08T09:37:14+00:00","breadcrumb":{"@id":"https:\/\/villaecolola.com\/es\/preguntas-frecuentes\/#breadcrumb"},"inLanguage":"fr-FR","potentialAction":[{"@type":"ReadAction","target":["https:\/\/villaecolola.com\/es\/preguntas-frecuentes\/"]}]},{"@type":"BreadcrumbList","@id":"https:\/\/villaecolola.com\/es\/preguntas-frecuentes\/#breadcrumb","itemListElement":[{"@type":"ListItem","position":1,"name":"Home","item":"https:\/\/villaecolola.com\/fr\/"},{"@type":"ListItem","position":2,"name":"Questions fr\u00e9quentes"}]},{"@type":"WebSite","@id":"https:\/\/villaecolola.com\/es\/#website","url":"https:\/\/villaecolola.com\/es\/","name":"Villa Eco Lola","description":"Menorca","potentialAction":[{"@type":"SearchAction","target":{"@type":"EntryPoint","urlTemplate":"https:\/\/villaecolola.com\/es\/?s={search_term_string}"},"query-input":{"@type":"PropertyValueSpecification","valueRequired":true,"valueName":"search_term_string"}}],"inLanguage":"fr-FR"}]}},"_links":{"self":[{"href":"https:\/\/villaecolola.com\/fr\/wp-json\/wp\/v2\/pages\/1663","targetHints":{"allow":["GET"]}}],"collection":[{"href":"https:\/\/villaecolola.com\/fr\/wp-json\/wp\/v2\/pages"}],"about":[{"href":"https:\/\/villaecolola.com\/fr\/wp-json\/wp\/v2\/types\/page"}],"author":[{"embeddable":true,"href":"https:\/\/villaecolola.com\/fr\/wp-json\/wp\/v2\/users\/2"}],"replies":[{"embeddable":true,"href":"https:\/\/villaecolola.com\/fr\/wp-json\/wp\/v2\/comments?post=1663"}],"version-history":[{"count":8,"href":"https:\/\/villaecolola.com\/fr\/wp-json\/wp\/v2\/pages\/1663\/revisions"}],"predecessor-version":[{"id":1713,"href":"https:\/\/villaecolola.com\/fr\/wp-json\/wp\/v2\/pages\/1663\/revisions\/1713"}],"wp:attachment":[{"href":"https:\/\/villaecolola.com\/fr\/wp-json\/wp\/v2\/media?parent=1663"}],"curies":[{"name":"wp","href":"https:\/\/api.w.org\/{rel}","templated":true}]}}