{"id":1672,"date":"2022-02-14T18:19:48","date_gmt":"2022-02-14T18:19:48","guid":{"rendered":"https:\/\/villaecolola.com\/sobre-nosotros\/"},"modified":"2022-05-19T15:55:22","modified_gmt":"2022-05-19T15:55:22","slug":"sobre-nosotros","status":"publish","type":"page","link":"https:\/\/villaecolola.com\/fr\/sobre-nosotros\/","title":{"rendered":"\u00c0 propos de nous"},"content":{"rendered":"\n\t<section class=\"section\" id=\"section_53252386\">\n\t\t<div class=\"bg section-bg fill bg-fill  bg-loaded\" >\n\n\t\t\t\n\t\t\t\n\t\t\t\n\n\t\t<\/div>\n\n\t\t<div class=\"section-content relative\">\n\t\t\t\n\n\t<div id=\"gap-353619327\" class=\"gap-element clearfix\" style=\"display:block; height:auto;\">\n\t\t\n<style>\n#gap-353619327 {\n  padding-top: 30px;\n}\n<\/style>\n\t<\/div>\n\t\n\n<div class=\"row row-small align-middle\"  id=\"row-71194993\">\n\n\n\t<div id=\"col-809543327\" class=\"col medium-6 small-12 large-3\"  >\n\t\t\t\t<div class=\"col-inner\"  >\n\t\t\t\n\t\t\t\n\n\n  <div class=\"banner has-hover\" id=\"banner-463266956\">\n          <div class=\"banner-inner fill\">\n        <div class=\"banner-bg fill\" >\n            <div class=\"bg fill bg-fill \"><\/div>\n                                    \n                    <\/div>\n        <div class=\"banner-layers container\">\n            <div class=\"fill banner-link\"><\/div>            \n\n   <div id=\"text-box-1085115314\" class=\"text-box banner-layer x50 md-x50 lg-x50 y50 md-y50 lg-y50 res-text\">\n                                <div class=\"text-box-content text dark\">\n              \n              <div class=\"text-inner text-center\">\n                  \n\n\n              <\/div>\n           <\/div>\n                            \n<style>\n#text-box-1085115314 {\n  width: 60%;\n}\n#text-box-1085115314 .text-box-content {\n  font-size: 100%;\n}\n@media (min-width:550px) {\n  #text-box-1085115314 {\n    width: 60%;\n  }\n}\n<\/style>\n    <\/div>\n \n\n        <\/div>\n      <\/div>\n\n            \n<style>\n#banner-463266956 {\n  padding-top: 99.99%;\n  background-color: rgb(255, 255, 255);\n}\n#banner-463266956 .bg.bg-loaded {\n  background-image: url(https:\/\/villaecolola.com\/wp-content\/uploads\/2021\/11\/kiril-dobrev-8cQpL8kGqso-unsplash.jpg);\n}\n@media (min-width:550px) {\n  #banner-463266956 {\n    padding-top: 400px;\n  }\n}\n@media (min-width:850px) {\n  #banner-463266956 {\n    padding-top: 300px;\n  }\n}\n<\/style>\n  <\/div>\n\n\n\n\t\t<\/div>\n\t\t\t\t\t<\/div>\n\n\t\n\n\t<div id=\"col-1121286008\" class=\"col medium-6 small-12 large-3\"  >\n\t\t\t\t<div class=\"col-inner\"  >\n\t\t\t\n\t\t\t\n\n\n  <div class=\"banner has-hover\" id=\"banner-5990223\">\n          <div class=\"banner-inner fill\">\n        <div class=\"banner-bg fill\" >\n            <div class=\"bg fill bg-fill \"><\/div>\n                                    \n                    <\/div>\n        <div class=\"banner-layers container\">\n            <div class=\"fill banner-link\"><\/div>            \n\n   <div id=\"text-box-1552758409\" class=\"text-box banner-layer x50 md-x50 lg-x50 y50 md-y50 lg-y50 res-text\">\n                                <div class=\"text-box-content text dark\">\n              \n              <div class=\"text-inner text-center\">\n                  \n\n\n              <\/div>\n           <\/div>\n                            \n<style>\n#text-box-1552758409 {\n  width: 60%;\n}\n#text-box-1552758409 .text-box-content {\n  font-size: 100%;\n}\n@media (min-width:550px) {\n  #text-box-1552758409 {\n    width: 60%;\n  }\n}\n<\/style>\n    <\/div>\n \n\n        <\/div>\n      <\/div>\n\n            \n<style>\n#banner-5990223 {\n  padding-top: 99.99%;\n  background-color: rgb(255, 255, 255);\n}\n#banner-5990223 .bg.bg-loaded {\n  background-image: url(https:\/\/villaecolola.com\/wp-content\/uploads\/2022\/03\/Photo_202203281119281-2.jpg);\n}\n@media (min-width:550px) {\n  #banner-5990223 {\n    padding-top: 400px;\n  }\n}\n@media (min-width:850px) {\n  #banner-5990223 {\n    padding-top: 420px;\n  }\n}\n<\/style>\n  <\/div>\n\n\n\n\t\t<\/div>\n\t\t\t\t\t<\/div>\n\n\t\n\n\t<div id=\"col-222301481\" class=\"col medium-12 small-12 large-6\"  >\n\t\t\t\t<div class=\"col-inner\"  >\n\t\t\t\n\t\t\t\n\n\t<div id=\"gap-1195767964\" class=\"gap-element clearfix\" style=\"display:block; height:auto;\">\n\t\t\n<style>\n#gap-1195767964 {\n  padding-top: 15px;\n}\n@media (min-width:850px) {\n  #gap-1195767964 {\n    padding-top: 30px;\n  }\n}\n<\/style>\n\t<\/div>\n\t\n\n\t<div id=\"text-3304877742\" class=\"text\">\n\t\t\n<h2>\u00c0 propos de nous<\/span><\/h2>\n<p>\n\t\t\n<style>\n#text-3304877742 {\n  font-size: 1.5rem;\n}\n<\/style>\n\t<\/div>\n\t\n<p>Nous sommes une famille passionn\u00e9e et respectueuse de la nature, nous avons con\u00e7u la Villa Eco Lola avec l&rsquo;id\u00e9e de cr\u00e9er un h\u00e9bergement de vacances en prenant soin de l&rsquo;\u00e9quilibre de l&rsquo;environnement.<br \/>\nPeu de petits territoires offrent autant de diversit\u00e9 que Menorca, depuis sa culture talayotique jusqu&rsquo;\u00e0 sa gastronomie. Vous pouvez profiter de l\u2019Ile depuis la terre, par la mer ou dans les airs.<br \/>\n          Nous sommes heureux de vous proposer notre villa et vous souhaitons de profiter pleinement de vos vacances.<br \/>\n         Nous proposons une villa moderne, simple, confortable et lumineuse, avec tout ce qu&rsquo;il faut pour des vacances en famille.<br \/>\n          Nous sommes s\u00fbrs que vous passerez des moments inoubliables, en appr\u00e9ciant une simple baignade dans notre piscine ou une douche solaire \u00e0 une temp\u00e9rature id\u00e9ale apr\u00e8s une belle journ\u00e9e \u00e0 la plage.<br \/>\n          Merci de nous faire confiance, ce seront des vacances uniques.<\/p>\n<p>                                               Jos\u00e9, Marisa et Lola.<\/p>\n\n<a class=\"button primary is-link\"  >\n    <span>Nous contacter<\/span>\n  <i class=\"icon-angle-right\" ><\/i><\/a>\n\n\n\n\t\t<\/div>\n\t\t\t\t\n<style>\n#col-222301481 > .col-inner {\n  padding: 0px 0px 0px 10%;\n}\n<\/style>\n\t<\/div>\n\n\t\n\n<\/div>\n\n\t\t<\/div>\n\n\t\t\n<style>\n#section_53252386 {\n  padding-top: 30px;\n  padding-bottom: 30px;\n}\n<\/style>\n\t<\/section>\n\t\n\n\n\n<p><\/p>\n","protected":false},"excerpt":{"rendered":"","protected":false},"author":2,"featured_media":0,"parent":0,"menu_order":0,"comment_status":"closed","ping_status":"closed","template":"","meta":{"_joinchat":[],"footnotes":""},"class_list":["post-1672","page","type-page","status-publish","hentry"],"yoast_head":"<!-- This site is optimized with the Yoast SEO Premium plugin v21.8 (Yoast SEO v27.4) - https:\/\/yoast.com\/product\/yoast-seo-premium-wordpress\/ -->\n<title>\u00c0 propos de nous - Villa Eco Lola<\/title>\n<meta name=\"robots\" content=\"index, follow, max-snippet:-1, max-image-preview:large, max-video-preview:-1\" \/>\n<link rel=\"canonical\" href=\"https:\/\/villaecolola.com\/es\/sobre-nosotros\/\" \/>\n<meta property=\"og:locale\" content=\"fr_FR\" \/>\n<meta property=\"og:type\" content=\"article\" \/>\n<meta property=\"og:title\" content=\"\u00c0 propos de nous\" \/>\n<meta property=\"og:url\" content=\"https:\/\/villaecolola.com\/es\/sobre-nosotros\/\" \/>\n<meta property=\"og:site_name\" content=\"Villa Eco Lola\" \/>\n<meta property=\"article:modified_time\" content=\"2022-05-19T15:55:22+00:00\" \/>\n<meta name=\"twitter:card\" content=\"summary_large_image\" \/>\n<meta name=\"twitter:label1\" content=\"Dur\u00e9e de lecture estim\u00e9e\" \/>\n\t<meta name=\"twitter:data1\" content=\"1 minute\" \/>\n<script type=\"application\/ld+json\" class=\"yoast-schema-graph\">{\"@context\":\"https:\\\/\\\/schema.org\",\"@graph\":[{\"@type\":\"WebPage\",\"@id\":\"https:\\\/\\\/villaecolola.com\\\/es\\\/sobre-nosotros\\\/\",\"url\":\"https:\\\/\\\/villaecolola.com\\\/es\\\/sobre-nosotros\\\/\",\"name\":\"\u00c0 propos de nous - Villa Eco Lola\",\"isPartOf\":{\"@id\":\"https:\\\/\\\/villaecolola.com\\\/es\\\/#website\"},\"datePublished\":\"2022-02-14T18:19:48+00:00\",\"dateModified\":\"2022-05-19T15:55:22+00:00\",\"breadcrumb\":{\"@id\":\"https:\\\/\\\/villaecolola.com\\\/es\\\/sobre-nosotros\\\/#breadcrumb\"},\"inLanguage\":\"fr-FR\",\"potentialAction\":[{\"@type\":\"ReadAction\",\"target\":[\"https:\\\/\\\/villaecolola.com\\\/es\\\/sobre-nosotros\\\/\"]}]},{\"@type\":\"BreadcrumbList\",\"@id\":\"https:\\\/\\\/villaecolola.com\\\/es\\\/sobre-nosotros\\\/#breadcrumb\",\"itemListElement\":[{\"@type\":\"ListItem\",\"position\":1,\"name\":\"Home\",\"item\":\"https:\\\/\\\/villaecolola.com\\\/fr\\\/\"},{\"@type\":\"ListItem\",\"position\":2,\"name\":\"\u00c0 propos de nous\"}]},{\"@type\":\"WebSite\",\"@id\":\"https:\\\/\\\/villaecolola.com\\\/es\\\/#website\",\"url\":\"https:\\\/\\\/villaecolola.com\\\/es\\\/\",\"name\":\"Villa Eco Lola\",\"description\":\"Menorca\",\"potentialAction\":[{\"@type\":\"SearchAction\",\"target\":{\"@type\":\"EntryPoint\",\"urlTemplate\":\"https:\\\/\\\/villaecolola.com\\\/es\\\/?s={search_term_string}\"},\"query-input\":{\"@type\":\"PropertyValueSpecification\",\"valueRequired\":true,\"valueName\":\"search_term_string\"}}],\"inLanguage\":\"fr-FR\"}]}<\/script>\n<!-- \/ Yoast SEO Premium plugin. -->","yoast_head_json":{"title":"\u00c0 propos de nous - Villa Eco Lola","robots":{"index":"index","follow":"follow","max-snippet":"max-snippet:-1","max-image-preview":"max-image-preview:large","max-video-preview":"max-video-preview:-1"},"canonical":"https:\/\/villaecolola.com\/es\/sobre-nosotros\/","og_locale":"fr_FR","og_type":"article","og_title":"\u00c0 propos de nous","og_url":"https:\/\/villaecolola.com\/es\/sobre-nosotros\/","og_site_name":"Villa Eco Lola","article_modified_time":"2022-05-19T15:55:22+00:00","twitter_card":"summary_large_image","twitter_misc":{"Dur\u00e9e de lecture estim\u00e9e":"1 minute"},"schema":{"@context":"https:\/\/schema.org","@graph":[{"@type":"WebPage","@id":"https:\/\/villaecolola.com\/es\/sobre-nosotros\/","url":"https:\/\/villaecolola.com\/es\/sobre-nosotros\/","name":"\u00c0 propos de nous - Villa Eco Lola","isPartOf":{"@id":"https:\/\/villaecolola.com\/es\/#website"},"datePublished":"2022-02-14T18:19:48+00:00","dateModified":"2022-05-19T15:55:22+00:00","breadcrumb":{"@id":"https:\/\/villaecolola.com\/es\/sobre-nosotros\/#breadcrumb"},"inLanguage":"fr-FR","potentialAction":[{"@type":"ReadAction","target":["https:\/\/villaecolola.com\/es\/sobre-nosotros\/"]}]},{"@type":"BreadcrumbList","@id":"https:\/\/villaecolola.com\/es\/sobre-nosotros\/#breadcrumb","itemListElement":[{"@type":"ListItem","position":1,"name":"Home","item":"https:\/\/villaecolola.com\/fr\/"},{"@type":"ListItem","position":2,"name":"\u00c0 propos de nous"}]},{"@type":"WebSite","@id":"https:\/\/villaecolola.com\/es\/#website","url":"https:\/\/villaecolola.com\/es\/","name":"Villa Eco Lola","description":"Menorca","potentialAction":[{"@type":"SearchAction","target":{"@type":"EntryPoint","urlTemplate":"https:\/\/villaecolola.com\/es\/?s={search_term_string}"},"query-input":{"@type":"PropertyValueSpecification","valueRequired":true,"valueName":"search_term_string"}}],"inLanguage":"fr-FR"}]}},"_links":{"self":[{"href":"https:\/\/villaecolola.com\/fr\/wp-json\/wp\/v2\/pages\/1672","targetHints":{"allow":["GET"]}}],"collection":[{"href":"https:\/\/villaecolola.com\/fr\/wp-json\/wp\/v2\/pages"}],"about":[{"href":"https:\/\/villaecolola.com\/fr\/wp-json\/wp\/v2\/types\/page"}],"author":[{"embeddable":true,"href":"https:\/\/villaecolola.com\/fr\/wp-json\/wp\/v2\/users\/2"}],"replies":[{"embeddable":true,"href":"https:\/\/villaecolola.com\/fr\/wp-json\/wp\/v2\/comments?post=1672"}],"version-history":[{"count":5,"href":"https:\/\/villaecolola.com\/fr\/wp-json\/wp\/v2\/pages\/1672\/revisions"}],"predecessor-version":[{"id":1683,"href":"https:\/\/villaecolola.com\/fr\/wp-json\/wp\/v2\/pages\/1672\/revisions\/1683"}],"wp:attachment":[{"href":"https:\/\/villaecolola.com\/fr\/wp-json\/wp\/v2\/media?parent=1672"}],"curies":[{"name":"wp","href":"https:\/\/api.w.org\/{rel}","templated":true}]}}